{"id":9730,"date":"2024-05-20T14:54:16","date_gmt":"2024-05-20T17:54:16","guid":{"rendered":"https:\/\/trifasica.com.br\/?post_type=product&#038;p=9730"},"modified":"2025-08-01T11:09:20","modified_gmt":"2025-08-01T14:09:20","slug":"cabo-solar-flex-epr-06-1kv-60mm-pt","status":"publish","type":"product","link":"https:\/\/trifasica.com.br\/es\/producto\/cabo-solar-flex-epr-06-1kv-60mm-pt\/","title":{"rendered":"Cable flexible EPR solar de 0,6\/1 kV y 6,0 mm PT"},"content":{"rendered":"<p><strong>La electricidad trif\u00e1sica funciona con el cable flexible solar EPR 0,6\/1 KV 6,0 mm PT.<\/strong><\/p>\n<p>Compuesto poliolef\u00ednico termoendurecible no halogenado, color natural, 120 \u00b0C, con caracter\u00edsticas especiales de no propagaci\u00f3n del fuego, autoextinguible y baja emisi\u00f3n de humos, libre de metales pesados, cumpliendo con las directivas RoHS 2000\/53 CE y 2002\/95 CE, con protecci\u00f3n UV, en color natural.<\/p>\n<p>\u2013 Reducci\u00f3n de costes en comparaci\u00f3n con el conductor de cobre esta\u00f1ado<br \/>\n\u2013 Excelentes propiedades t\u00e9rmicas (120 \u00b0C en el conductor \u2013 20.000 horas)<br \/>\n\u2013 Excelente resistencia a la intemperie y a los rayos UV.<br \/>\n\u2013 Excelente flexibilidad<br \/>\n\u2013 Retardante de llama<br \/>\n\u2013 Baja emisi\u00f3n de humo<br \/>\n\u2013 Libre de hal\u00f3genos<br \/>\n\u2013 Resistencia a soluciones \u00e1cidas y alcalinas<br \/>\n\u2013 Resistencia a bajas temperaturas (-40 \u00b0C)<br \/>\n\u2013 Libre de metales pesados (RoHS)<\/p>","protected":false},"excerpt":{"rendered":"<p><strong>Cable flexible solar Condumax,<\/strong> Resistente a soluciones \u00e1cidas y alcalinas.<\/p>","protected":false},"featured_media":13921,"comment_status":"closed","ping_status":"closed","template":"","meta":[],"product_brand":[],"product_cat":[381,380],"product_tag":[382],"class_list":{"0":"post-9730","1":"product","2":"type-product","3":"status-publish","4":"has-post-thumbnail","6":"product_cat-cabo-solar","7":"product_cat-linha-solar","8":"product_tag-cabo-solar","10":"first","11":"instock","12":"featured","13":"taxable","14":"shipping-taxable","15":"purchasable","16":"product-type-simple"},"_links":{"self":[{"href":"https:\/\/trifasica.com.br\/es\/wp-json\/wp\/v2\/product\/9730","targetHints":{"allow":["GET"]}}],"collection":[{"href":"https:\/\/trifasica.com.br\/es\/wp-json\/wp\/v2\/product"}],"about":[{"href":"https:\/\/trifasica.com.br\/es\/wp-json\/wp\/v2\/types\/product"}],"replies":[{"embeddable":true,"href":"https:\/\/trifasica.com.br\/es\/wp-json\/wp\/v2\/comments?post=9730"}],"version-history":[{"count":0,"href":"https:\/\/trifasica.com.br\/es\/wp-json\/wp\/v2\/product\/9730\/revisions"}],"wp:featuredmedia":[{"embeddable":true,"href":"https:\/\/trifasica.com.br\/es\/wp-json\/wp\/v2\/media\/13921"}],"wp:attachment":[{"href":"https:\/\/trifasica.com.br\/es\/wp-json\/wp\/v2\/media?parent=9730"}],"wp:term":[{"taxonomy":"product_brand","embeddable":true,"href":"https:\/\/trifasica.com.br\/es\/wp-json\/wp\/v2\/product_brand?post=9730"},{"taxonomy":"product_cat","embeddable":true,"href":"https:\/\/trifasica.com.br\/es\/wp-json\/wp\/v2\/product_cat?post=9730"},{"taxonomy":"product_tag","embeddable":true,"href":"https:\/\/trifasica.com.br\/es\/wp-json\/wp\/v2\/product_tag?post=9730"}],"curies":[{"name":"wp","href":"https:\/\/api.w.org\/{rel}","templated":true}]}}