{"id":9321,"date":"2024-03-21T09:55:33","date_gmt":"2024-03-21T12:55:33","guid":{"rendered":"https:\/\/trifasica.com.br\/?post_type=product&#038;p=9321"},"modified":"2026-03-24T12:49:30","modified_gmt":"2026-03-24T15:49:30","slug":"unidut-conico-5","status":"publish","type":"product","link":"https:\/\/trifasica.com.br\/es\/producto\/unidut-conico-5\/","title":{"rendered":"Uniducto c\u00f3nico de 5\u2033"},"content":{"rendered":"<p>El El\u00e9ctrico Trif\u00e1sico tiene la <strong>Uniducto c\u00f3nico de 5\u2033\u00a0 <\/strong>Para conductos r\u00edgidos.<\/p>\n<p>EL <strong>Uniducto c\u00f3nico de 5\u2033\u00a0 <\/strong>Act\u00faa como conexi\u00f3n r\u00edgida de conducto para la entrada o salida de un panel, caja de conexiones o caja de conexi\u00f3n roscada. Reemplaza la uni\u00f3n macho y la caja recta.<\/p>\n<ul>\n<li>Protegido: utilizado en un \u00e1rea cubierta, expuesta o incrustada en mamposter\u00eda.<\/li>\n<li>Resistente a la intemperie: se utiliza a prueba de intemperie, a prueba de polvo y a prueba de vapor; visible en \u00e1reas descubiertas, incrustado en concreto o bajo tierra<\/li>\n<li>Bajo pedido se puede suministrar en 5\u201d y 6\u201d.<br \/>\n(Se recomienda utilizar vaselina en la junta de sellado)<\/li>\n<\/ul>\n<p>&nbsp;<\/p>","protected":false},"excerpt":{"rendered":"<p><strong>El\u00e9ctrico trif\u00e1sico<\/strong>, el mayor Centro de Distribuci\u00f3n Avanzada de Brasil 15 a 36kV.<\/p>","protected":false},"featured_media":13964,"comment_status":"closed","ping_status":"closed","template":"","meta":[],"product_brand":[],"product_cat":[56],"product_tag":[365,366],"class_list":{"0":"post-9321","1":"product","2":"type-product","3":"status-publish","4":"has-post-thumbnail","6":"product_cat-condutores","7":"product_tag-daisa","8":"product_tag-unidut","10":"first","11":"instock","12":"featured","13":"taxable","14":"shipping-taxable","15":"purchasable","16":"product-type-simple"},"_links":{"self":[{"href":"https:\/\/trifasica.com.br\/es\/wp-json\/wp\/v2\/product\/9321","targetHints":{"allow":["GET"]}}],"collection":[{"href":"https:\/\/trifasica.com.br\/es\/wp-json\/wp\/v2\/product"}],"about":[{"href":"https:\/\/trifasica.com.br\/es\/wp-json\/wp\/v2\/types\/product"}],"replies":[{"embeddable":true,"href":"https:\/\/trifasica.com.br\/es\/wp-json\/wp\/v2\/comments?post=9321"}],"version-history":[{"count":0,"href":"https:\/\/trifasica.com.br\/es\/wp-json\/wp\/v2\/product\/9321\/revisions"}],"wp:featuredmedia":[{"embeddable":true,"href":"https:\/\/trifasica.com.br\/es\/wp-json\/wp\/v2\/media\/13964"}],"wp:attachment":[{"href":"https:\/\/trifasica.com.br\/es\/wp-json\/wp\/v2\/media?parent=9321"}],"wp:term":[{"taxonomy":"product_brand","embeddable":true,"href":"https:\/\/trifasica.com.br\/es\/wp-json\/wp\/v2\/product_brand?post=9321"},{"taxonomy":"product_cat","embeddable":true,"href":"https:\/\/trifasica.com.br\/es\/wp-json\/wp\/v2\/product_cat?post=9321"},{"taxonomy":"product_tag","embeddable":true,"href":"https:\/\/trifasica.com.br\/es\/wp-json\/wp\/v2\/product_tag?post=9321"}],"curies":[{"name":"wp","href":"https:\/\/api.w.org\/{rel}","templated":true}]}}