{"id":9306,"date":"2024-03-18T10:05:57","date_gmt":"2024-03-18T13:05:57","guid":{"rendered":"https:\/\/trifasica.com.br\/?post_type=product&#038;p=9306"},"modified":"2026-04-07T16:20:31","modified_gmt":"2026-04-07T19:20:31","slug":"punho-de-manobra-kirk-yale-esquerdo","status":"publish","type":"product","link":"https:\/\/trifasica.com.br\/es\/producto\/punho-de-manobra-kirk-yale-esquerdo\/","title":{"rendered":"Kirk Yale - Empu\u00f1adura para mano izquierda"},"content":{"rendered":"<p>La electricidad trif\u00e1sica tiene <strong>Empu\u00f1adura de maniobra para mano izquierda Kirk Yale<\/strong>con cerradura Kirk frontal.<\/p>\n<p>\u200b<strong>Simple:<\/strong> Con agujero para candado<\/p>\n<p>\u200b<strong>Me encargo de:<\/strong> Con opci\u00f3n para lado izquierdo o derecho<\/p>","protected":false},"excerpt":{"rendered":"<p><strong>El\u00e9ctrico trif\u00e1sico<\/strong>, el mayor Centro de Distribuci\u00f3n Avanzada de Brasil 15 a 36kV.<\/p>","protected":false},"featured_media":13965,"comment_status":"closed","ping_status":"closed","template":"","meta":[],"product_brand":[],"product_cat":[55],"product_tag":[328,90],"class_list":{"0":"post-9306","1":"product","2":"type-product","3":"status-publish","4":"has-post-thumbnail","6":"product_cat-chaves-e-acessorios","7":"product_tag-lb","8":"product_tag-punho-de-manobra","10":"first","11":"instock","12":"featured","13":"taxable","14":"shipping-taxable","15":"purchasable","16":"product-type-simple"},"_links":{"self":[{"href":"https:\/\/trifasica.com.br\/es\/wp-json\/wp\/v2\/product\/9306","targetHints":{"allow":["GET"]}}],"collection":[{"href":"https:\/\/trifasica.com.br\/es\/wp-json\/wp\/v2\/product"}],"about":[{"href":"https:\/\/trifasica.com.br\/es\/wp-json\/wp\/v2\/types\/product"}],"replies":[{"embeddable":true,"href":"https:\/\/trifasica.com.br\/es\/wp-json\/wp\/v2\/comments?post=9306"}],"version-history":[{"count":0,"href":"https:\/\/trifasica.com.br\/es\/wp-json\/wp\/v2\/product\/9306\/revisions"}],"wp:featuredmedia":[{"embeddable":true,"href":"https:\/\/trifasica.com.br\/es\/wp-json\/wp\/v2\/media\/13965"}],"wp:attachment":[{"href":"https:\/\/trifasica.com.br\/es\/wp-json\/wp\/v2\/media?parent=9306"}],"wp:term":[{"taxonomy":"product_brand","embeddable":true,"href":"https:\/\/trifasica.com.br\/es\/wp-json\/wp\/v2\/product_brand?post=9306"},{"taxonomy":"product_cat","embeddable":true,"href":"https:\/\/trifasica.com.br\/es\/wp-json\/wp\/v2\/product_cat?post=9306"},{"taxonomy":"product_tag","embeddable":true,"href":"https:\/\/trifasica.com.br\/es\/wp-json\/wp\/v2\/product_tag?post=9306"}],"curies":[{"name":"wp","href":"https:\/\/api.w.org\/{rel}","templated":true}]}}