{"id":9271,"date":"2024-03-08T16:22:53","date_gmt":"2024-03-08T19:22:53","guid":{"rendered":"https:\/\/trifasica.com.br\/?post_type=product&#038;p=9271"},"modified":"2026-02-13T18:31:58","modified_gmt":"2026-02-13T21:31:58","slug":"terminal-desconectavel-35-kv-400mm-rsti-6951-br","status":"publish","type":"product","link":"https:\/\/trifasica.com.br\/es\/producto\/terminal-desconectavel-35-kv-400mm-rsti-6951-br\/","title":{"rendered":"Terminal desconectable 35 kV\/400 mm RSTI-6951-BR"},"content":{"rendered":"<p>EL <strong>El\u00e9ctrico trif\u00e1sico<\/strong> tiene el <strong>Terminal desconectable 35 kV\/400 mm RSTI-6951-BR TE Connectivity, <\/strong>con pasatapas e interfaz Tipo C1 y C2. 800 A, especificado seg\u00fan CENELEC HD 629.1 S2, EN 50180 y EN 50181. Los terminales seccionables RSTI est\u00e1n fabricados en caucho de silicona de alta calidad que permite su instalaci\u00f3n en ambientes interiores y exteriores y est\u00e1n indicados para su aplicaci\u00f3n en paneles SF6 o cualquier dispositivo que disponga de un pasatapas tipo C para su conexi\u00f3n.<\/p>\n<p>T\u00fa<strong> Terminales desconectables 35 kV\/400 mm RSTI-6951-BR TE Connectivity<\/strong> Son adecuados para cables unipolares, unipolares o tripolares con tensiones de hasta 35 kV para uso en TFTI en interiores o TFTO en exteriores. Est\u00e1n fabricados con un cuerpo elastom\u00e9rico extremadamente el\u00e1stico que facilita la instalaci\u00f3n y abarca una amplia gama de cables. Los TFT utilizan un revolucionario control de campo mediante \u00f3xido de zinc. Su sellado contra la humedad tiene la ventaja adicional de eliminar la necesidad de termorretr\u00e1ctil.<\/p>\n<p>Las terminaciones TFT han demostrado un excelente rendimiento el\u00e9ctrico, durabilidad y confiabilidad en todo tipo de aplicaciones, incluidos entornos extremadamente agresivos, con aire marino y contaminaci\u00f3n industrial intensa.<\/p>\n<p><strong>Ventajas:<\/strong><\/p>\n<p>\u2022 Posibilidad de reposicionar el terminal despu\u00e9s de la instalaci\u00f3n<br \/>\n\u2022 Supera la vida \u00fatil esperada del cable<br \/>\n\u2022 Almacenamiento indefinido<br \/>\n\u2022 Los productos se prueban seg\u00fan las normas CENELEC-HD, IEEE-48-1996 que cubren todos los requisitos de las normas IEC, VDE, BS y ABNT.<br \/>\n\u2022 Rendimiento excepcional en seguimiento el\u00e9ctrico y erosi\u00f3n.<br \/>\n\u2022 Espacio reducido para montaje o instalaci\u00f3n en paneles compactos<\/p>\n<p><strong>Voltaje:<\/strong><\/p>\n<p>\u2022 Aislamiento hasta 35 kV<\/p>\n<p><strong>Otras caracter\u00edsticas:<\/strong><\/p>\n<p>\u2022 Resistencia a la erosi\u00f3n en ambientes con altos niveles de contaminaci\u00f3n y alto NBI en comparaci\u00f3n con otros acabados.<\/p>","protected":false},"excerpt":{"rendered":"<p><strong>El\u00e9ctrico trif\u00e1sico<\/strong>, distribuidor autorizado <em><strong>Conectividad TE.<\/strong><\/em><\/p>","protected":false},"featured_media":14195,"comment_status":"closed","ping_status":"closed","template":"","meta":[],"product_brand":[],"product_cat":[63],"product_tag":[218,336],"class_list":{"0":"post-9271","1":"product","2":"type-product","3":"status-publish","4":"has-post-thumbnail","6":"product_cat-terminacoes","7":"product_tag-te-connectivity","8":"product_tag-terminal-desconectavel","10":"first","11":"instock","12":"featured","13":"taxable","14":"shipping-taxable","15":"purchasable","16":"product-type-simple"},"_links":{"self":[{"href":"https:\/\/trifasica.com.br\/es\/wp-json\/wp\/v2\/product\/9271","targetHints":{"allow":["GET"]}}],"collection":[{"href":"https:\/\/trifasica.com.br\/es\/wp-json\/wp\/v2\/product"}],"about":[{"href":"https:\/\/trifasica.com.br\/es\/wp-json\/wp\/v2\/types\/product"}],"replies":[{"embeddable":true,"href":"https:\/\/trifasica.com.br\/es\/wp-json\/wp\/v2\/comments?post=9271"}],"version-history":[{"count":0,"href":"https:\/\/trifasica.com.br\/es\/wp-json\/wp\/v2\/product\/9271\/revisions"}],"wp:featuredmedia":[{"embeddable":true,"href":"https:\/\/trifasica.com.br\/es\/wp-json\/wp\/v2\/media\/14195"}],"wp:attachment":[{"href":"https:\/\/trifasica.com.br\/es\/wp-json\/wp\/v2\/media?parent=9271"}],"wp:term":[{"taxonomy":"product_brand","embeddable":true,"href":"https:\/\/trifasica.com.br\/es\/wp-json\/wp\/v2\/product_brand?post=9271"},{"taxonomy":"product_cat","embeddable":true,"href":"https:\/\/trifasica.com.br\/es\/wp-json\/wp\/v2\/product_cat?post=9271"},{"taxonomy":"product_tag","embeddable":true,"href":"https:\/\/trifasica.com.br\/es\/wp-json\/wp\/v2\/product_tag?post=9271"}],"curies":[{"name":"wp","href":"https:\/\/api.w.org\/{rel}","templated":true}]}}