{"id":8622,"date":"2023-11-09T16:29:53","date_gmt":"2023-11-09T19:29:53","guid":{"rendered":"https:\/\/trifasica.com.br\/?post_type=product&#038;p=8622"},"modified":"2026-03-03T13:36:56","modified_gmt":"2026-03-03T16:36:56","slug":"rele-supervisor","status":"publish","type":"product","link":"https:\/\/trifasica.com.br\/es\/producto\/rele-supervisor\/","title":{"rendered":"Rel\u00e9 supervisor Trif 50-270 V CA \/ 70-380 V CC 2S Remp2759"},"content":{"rendered":"<p>Rel\u00e9 digital microprocesador con filtro arm\u00f3nico de alta precisi\u00f3n, ajuste simple, con indicaci\u00f3n de falla, volt\u00edmetro digital y ajuste.<\/p>\n<p>Dispone de temporizaci\u00f3n ajustable por funci\u00f3n, habilitaci\u00f3n de funciones independientes, secuencia de fases ajustable y memoria de la \u00faltima falla.<\/p>\n<p>Realiza las funciones de supervisor de subtensi\u00f3n, sobretensi\u00f3n, secuencia de fases y desequilibrio de tensi\u00f3n, ANSI 27, 59, 47 y 60.<\/p>","protected":false},"excerpt":{"rendered":"<p><strong>El\u00e9ctrico trif\u00e1sico<\/strong>, el mayor Centro de Distribuci\u00f3n Avanzada de Brasil 15 a 36kV.<\/p>","protected":false},"featured_media":13974,"comment_status":"closed","ping_status":"closed","template":"","meta":[],"product_brand":[],"product_cat":[66],"product_tag":[288,321],"class_list":{"0":"post-8622","1":"product","2":"type-product","3":"status-publish","4":"has-post-thumbnail","6":"product_cat-paineis-e-reles-2","7":"product_tag-rele-supervisor","8":"product_tag-relprot","10":"first","11":"instock","12":"featured","13":"taxable","14":"shipping-taxable","15":"purchasable","16":"product-type-simple"},"_links":{"self":[{"href":"https:\/\/trifasica.com.br\/es\/wp-json\/wp\/v2\/product\/8622","targetHints":{"allow":["GET"]}}],"collection":[{"href":"https:\/\/trifasica.com.br\/es\/wp-json\/wp\/v2\/product"}],"about":[{"href":"https:\/\/trifasica.com.br\/es\/wp-json\/wp\/v2\/types\/product"}],"replies":[{"embeddable":true,"href":"https:\/\/trifasica.com.br\/es\/wp-json\/wp\/v2\/comments?post=8622"}],"version-history":[{"count":1,"href":"https:\/\/trifasica.com.br\/es\/wp-json\/wp\/v2\/product\/8622\/revisions"}],"predecessor-version":[{"id":14951,"href":"https:\/\/trifasica.com.br\/es\/wp-json\/wp\/v2\/product\/8622\/revisions\/14951"}],"wp:featuredmedia":[{"embeddable":true,"href":"https:\/\/trifasica.com.br\/es\/wp-json\/wp\/v2\/media\/13974"}],"wp:attachment":[{"href":"https:\/\/trifasica.com.br\/es\/wp-json\/wp\/v2\/media?parent=8622"}],"wp:term":[{"taxonomy":"product_brand","embeddable":true,"href":"https:\/\/trifasica.com.br\/es\/wp-json\/wp\/v2\/product_brand?post=8622"},{"taxonomy":"product_cat","embeddable":true,"href":"https:\/\/trifasica.com.br\/es\/wp-json\/wp\/v2\/product_cat?post=8622"},{"taxonomy":"product_tag","embeddable":true,"href":"https:\/\/trifasica.com.br\/es\/wp-json\/wp\/v2\/product_tag?post=8622"}],"curies":[{"name":"wp","href":"https:\/\/api.w.org\/{rel}","templated":true}]}}