{"id":8606,"date":"2023-11-09T16:29:50","date_gmt":"2023-11-09T19:29:50","guid":{"rendered":"https:\/\/trifasica.com.br\/?post_type=product&#038;p=8606"},"modified":"2026-04-01T11:03:29","modified_gmt":"2026-04-01T14:03:29","slug":"isolador-epoxi-36kv","status":"publish","type":"product","link":"https:\/\/trifasica.com.br\/es\/producto\/isolador-epoxi-36kv\/","title":{"rendered":"Aislador de pedestal de epoxi de 36 kV (con prensaestopas)"},"content":{"rendered":"<p>Los aisladores de pedestal ep\u00f3xicos est\u00e1n fabricados a partir de resina ep\u00f3xica con cargas minerales para baja y media tensi\u00f3n y se utilizan como soporte de barras colectoras en paneles, interruptores y seccionadores.<\/p>\n<p><strong>Aplicaciones:<\/strong><\/p>\n<p>Existen diversas aplicaciones donde se requiere de valores mec\u00e1nicos con alta resistencia a la flexi\u00f3n, tracci\u00f3n y compresi\u00f3n, adem\u00e1s de alta rigidez diel\u00e9ctrica, por lo que los aisladores pedestal ep\u00f3xicos son ampliamente utilizados en estos casos.<\/p>\n<p>Adem\u00e1s, garantizan que los aislamientos de los conductores no colisionen entre s\u00ed y con el suelo y tambi\u00e9n son responsables de los esfuerzos mec\u00e1nicos de soporte y fijaci\u00f3n de los cables y alambres.<\/p>\n<p><strong>La importancia:<\/strong><\/p>\n<p>Los aisladores son cruciales para el rendimiento de un sistema el\u00e9ctrico, ya sea en la construcci\u00f3n de una propiedad o en las operaciones diarias de una industria.<\/p>","protected":false},"excerpt":{"rendered":"<p><strong>El\u00e9ctrico trif\u00e1sico<\/strong>, el mayor Centro de Distribuci\u00f3n Avanzada de Brasil 15 a 36kV.<\/p>","protected":false},"featured_media":13977,"comment_status":"closed","ping_status":"closed","template":"","meta":[],"product_brand":[],"product_cat":[60],"product_tag":[329,328],"class_list":{"0":"post-8606","1":"product","2":"type-product","3":"status-publish","4":"has-post-thumbnail","6":"product_cat-equipamentos-para-rede","7":"product_tag-isolador-pedestal-epoxi","8":"product_tag-lb","10":"first","11":"instock","12":"featured","13":"taxable","14":"shipping-taxable","15":"purchasable","16":"product-type-simple"},"_links":{"self":[{"href":"https:\/\/trifasica.com.br\/es\/wp-json\/wp\/v2\/product\/8606","targetHints":{"allow":["GET"]}}],"collection":[{"href":"https:\/\/trifasica.com.br\/es\/wp-json\/wp\/v2\/product"}],"about":[{"href":"https:\/\/trifasica.com.br\/es\/wp-json\/wp\/v2\/types\/product"}],"replies":[{"embeddable":true,"href":"https:\/\/trifasica.com.br\/es\/wp-json\/wp\/v2\/comments?post=8606"}],"version-history":[{"count":0,"href":"https:\/\/trifasica.com.br\/es\/wp-json\/wp\/v2\/product\/8606\/revisions"}],"wp:featuredmedia":[{"embeddable":true,"href":"https:\/\/trifasica.com.br\/es\/wp-json\/wp\/v2\/media\/13977"}],"wp:attachment":[{"href":"https:\/\/trifasica.com.br\/es\/wp-json\/wp\/v2\/media?parent=8606"}],"wp:term":[{"taxonomy":"product_brand","embeddable":true,"href":"https:\/\/trifasica.com.br\/es\/wp-json\/wp\/v2\/product_brand?post=8606"},{"taxonomy":"product_cat","embeddable":true,"href":"https:\/\/trifasica.com.br\/es\/wp-json\/wp\/v2\/product_cat?post=8606"},{"taxonomy":"product_tag","embeddable":true,"href":"https:\/\/trifasica.com.br\/es\/wp-json\/wp\/v2\/product_tag?post=8606"}],"curies":[{"name":"wp","href":"https:\/\/api.w.org\/{rel}","templated":true}]}}