{"id":8594,"date":"2023-11-09T16:29:46","date_gmt":"2023-11-09T19:29:46","guid":{"rendered":"https:\/\/trifasica.com.br\/?post_type=product&#038;p=8594"},"modified":"2026-02-13T18:31:58","modified_gmt":"2026-02-13T21:31:58","slug":"hvs-emenda-reta-termocontratil-para-cabo-36-kv","status":"publish","type":"product","link":"https:\/\/trifasica.com.br\/es\/producto\/hvs-emenda-reta-termocontratil-para-cabo-36-kv\/","title":{"rendered":"Empalme termorretr\u00e1ctil recto 36 kV\/240-500 mm CSJA-36E"},"content":{"rendered":"<p>La electricidad trif\u00e1sica tiene <strong>HVS-Empalme recto termorretr\u00e1ctil para cables blindados hasta 72 kV TE Connectivity.<\/strong><\/p>\n<p>El empalme termorretr\u00e1ctil HVS (Empalme de Alta Tensi\u00f3n) se utiliza en todo tipo de cables secos, con aislamiento de PVC, XLPE o EPR, unipolares o tripolares, con o sin armadura, con tensiones de hasta 72 kV. Este empalme supera ampliamente las especificaciones IEE-404, lo que garantiza una alta fiabilidad, comprobada en instalaciones con m\u00e1s de 30 a\u00f1os de antig\u00fcedad en todo tipo de aplicaciones industriales, operando en inmersi\u00f3n permanente, en exteriores o en ductos. Homologado seg\u00fan la norma ABNT-NBR 9314.<\/p>\n<p><strong>Ventajas:<\/strong><\/p>\n<p>\u2022 F\u00e1cil instalaci\u00f3n<br \/>\n\u2022 Dise\u00f1ado para funcionar en condiciones m\u00e1s severas que el propio cable.<br \/>\n\u2022 Sellado permanente<br \/>\n\u2022 Almacenamiento indefinido<br \/>\n\u2022 Supera la vida \u00fatil esperada del cable<br \/>\n\u2022 El sellador se activa por calor, lo que proporciona un sellado permanente contra la humedad y los elementos externos.<br \/>\n\u2022 No requiere mantenimiento peri\u00f3dico<\/p>\n<p><strong>Voltaje:<\/strong><\/p>\n<p>\u2022 Aislamiento hasta 72 kV<\/p>\n<p><strong>Temperatura de funcionamiento:<\/strong><\/p>\n<p>\u2022 Estado estacionario 105\u02daC<br \/>\n\u2022 R\u00e9gimen de sobrecarga 130\u02daC<br \/>\n\u2022 R\u00e9gimen de cortocircuito 250\u02daC<\/p>\n<p><strong>Temperatura de almacenamiento:<\/strong><\/p>\n<p>\u2022 Hasta 60\u02daC.<\/p>\n<p><strong>Otras caracter\u00edsticas:<\/strong><\/p>\n<p>\u2022 Resistencia a diversos agentes qu\u00edmicos.<br \/>\n\u2022 Se permite una profundidad de inmersi\u00f3n de hasta 10 m.<\/p>","protected":false},"excerpt":{"rendered":"<p><strong>El\u00e9ctrico trif\u00e1sico<\/strong>, distribuidor autorizado de TE Connectivity.<\/p>","protected":false},"featured_media":14189,"comment_status":"closed","ping_status":"closed","template":"","meta":[],"product_brand":[],"product_cat":[63],"product_tag":[222,218],"class_list":{"0":"post-8594","1":"product","2":"type-product","3":"status-publish","4":"has-post-thumbnail","6":"product_cat-terminacoes","7":"product_tag-emenda-reta-termocontratil","8":"product_tag-te-connectivity","10":"first","11":"instock","12":"featured","13":"taxable","14":"shipping-taxable","15":"purchasable","16":"product-type-simple"},"_links":{"self":[{"href":"https:\/\/trifasica.com.br\/es\/wp-json\/wp\/v2\/product\/8594","targetHints":{"allow":["GET"]}}],"collection":[{"href":"https:\/\/trifasica.com.br\/es\/wp-json\/wp\/v2\/product"}],"about":[{"href":"https:\/\/trifasica.com.br\/es\/wp-json\/wp\/v2\/types\/product"}],"replies":[{"embeddable":true,"href":"https:\/\/trifasica.com.br\/es\/wp-json\/wp\/v2\/comments?post=8594"}],"version-history":[{"count":0,"href":"https:\/\/trifasica.com.br\/es\/wp-json\/wp\/v2\/product\/8594\/revisions"}],"wp:featuredmedia":[{"embeddable":true,"href":"https:\/\/trifasica.com.br\/es\/wp-json\/wp\/v2\/media\/14189"}],"wp:attachment":[{"href":"https:\/\/trifasica.com.br\/es\/wp-json\/wp\/v2\/media?parent=8594"}],"wp:term":[{"taxonomy":"product_brand","embeddable":true,"href":"https:\/\/trifasica.com.br\/es\/wp-json\/wp\/v2\/product_brand?post=8594"},{"taxonomy":"product_cat","embeddable":true,"href":"https:\/\/trifasica.com.br\/es\/wp-json\/wp\/v2\/product_cat?post=8594"},{"taxonomy":"product_tag","embeddable":true,"href":"https:\/\/trifasica.com.br\/es\/wp-json\/wp\/v2\/product_tag?post=8594"}],"curies":[{"name":"wp","href":"https:\/\/api.w.org\/{rel}","templated":true}]}}