{"id":8589,"date":"2023-11-09T16:29:45","date_gmt":"2023-11-09T19:29:45","guid":{"rendered":"https:\/\/trifasica.com.br\/?post_type=product&#038;p=8589"},"modified":"2026-04-08T15:43:20","modified_gmt":"2026-04-08T18:43:20","slug":"terminacao-polimerica-25-kv-16-95mm-tfti-5121-uso-interno","status":"publish","type":"product","link":"https:\/\/trifasica.com.br\/es\/producto\/terminacao-polimerica-25-kv-16-95mm-tfti-5121-uso-interno\/","title":{"rendered":"Terminaci\u00f3n polim\u00e9rica TFTI-5121 de 25 kV\/16-95 mm para uso en interiores"},"content":{"rendered":"<p>La electricidad trif\u00e1sica tiene <strong>Terminaci\u00f3n polim\u00e9rica interna de 25 kV.<br \/>\n<\/strong><\/p>\n<p>Las terminaciones fr\u00edas TFT de TE Connectivity\/Raychem son aptas para cables unipolares, unipolares o tripolares con tensiones de hasta 35 kV para uso en interiores (TFTI) o exteriores (TFTO). Cuentan con un cuerpo elastom\u00e9rico extremadamente el\u00e1stico para una f\u00e1cil instalaci\u00f3n, cubriendo una amplia gama de cables. Los TFT utilizan un revolucionario control de campo mediante \u00f3xido de zinc. Su sellado contra la humedad tiene la ventaja adicional de eliminar la necesidad de termorretr\u00e1ctil.<\/p>\n<p>Las terminaciones TFT han demostrado un excelente rendimiento el\u00e9ctrico, durabilidad y confiabilidad en todo tipo de aplicaciones, incluidos entornos extremadamente agresivos, con aire marino y contaminaci\u00f3n industrial intensa.<\/p>\n<p><strong>Ventajas:<\/strong><\/p>\n<p>\u2022 Posibilidad de reposicionar el terminal despu\u00e9s de la instalaci\u00f3n<br \/>\n\u2022 Supera la vida \u00fatil esperada del cable<br \/>\n\u2022 Almacenamiento indefinido<br \/>\n\u2022 Los productos se prueban seg\u00fan las normas CENELEC-HD, IEEE-48-1996 que cubren todos los requisitos de las normas IEC, VDE, BS y ABNT.<br \/>\n\u2022 Rendimiento excepcional en seguimiento el\u00e9ctrico y erosi\u00f3n.<br \/>\n\u2022 Espacio reducido para montaje o instalaci\u00f3n en paneles compactos<\/p>\n<p><strong>Voltaje:<\/strong><\/p>\n<p>\u2022 Aislamiento hasta 35 kV<\/p>\n<p><strong>Otras caracter\u00edsticas:<\/strong><\/p>\n<p>\u2022 Resistencia a la erosi\u00f3n en ambientes con altos niveles de contaminaci\u00f3n y alto NBI en comparaci\u00f3n con otros acabados.<\/p>","protected":false},"excerpt":{"rendered":"<p><strong>El\u00e9ctrico trif\u00e1sico<\/strong>, distribuidor autorizado de TE Connectivity.<\/p>","protected":false},"featured_media":14193,"comment_status":"closed","ping_status":"closed","template":"","meta":[],"product_brand":[],"product_cat":[63],"product_tag":[218,303],"class_list":{"0":"post-8589","1":"product","2":"type-product","3":"status-publish","4":"has-post-thumbnail","6":"product_cat-terminacoes","7":"product_tag-te-connectivity","8":"product_tag-terminacao-polimerica","10":"first","11":"instock","12":"featured","13":"taxable","14":"shipping-taxable","15":"purchasable","16":"product-type-simple"},"_links":{"self":[{"href":"https:\/\/trifasica.com.br\/es\/wp-json\/wp\/v2\/product\/8589","targetHints":{"allow":["GET"]}}],"collection":[{"href":"https:\/\/trifasica.com.br\/es\/wp-json\/wp\/v2\/product"}],"about":[{"href":"https:\/\/trifasica.com.br\/es\/wp-json\/wp\/v2\/types\/product"}],"replies":[{"embeddable":true,"href":"https:\/\/trifasica.com.br\/es\/wp-json\/wp\/v2\/comments?post=8589"}],"version-history":[{"count":0,"href":"https:\/\/trifasica.com.br\/es\/wp-json\/wp\/v2\/product\/8589\/revisions"}],"wp:featuredmedia":[{"embeddable":true,"href":"https:\/\/trifasica.com.br\/es\/wp-json\/wp\/v2\/media\/14193"}],"wp:attachment":[{"href":"https:\/\/trifasica.com.br\/es\/wp-json\/wp\/v2\/media?parent=8589"}],"wp:term":[{"taxonomy":"product_brand","embeddable":true,"href":"https:\/\/trifasica.com.br\/es\/wp-json\/wp\/v2\/product_brand?post=8589"},{"taxonomy":"product_cat","embeddable":true,"href":"https:\/\/trifasica.com.br\/es\/wp-json\/wp\/v2\/product_cat?post=8589"},{"taxonomy":"product_tag","embeddable":true,"href":"https:\/\/trifasica.com.br\/es\/wp-json\/wp\/v2\/product_tag?post=8589"}],"curies":[{"name":"wp","href":"https:\/\/api.w.org\/{rel}","templated":true}]}}