{"id":8581,"date":"2023-11-09T16:29:44","date_gmt":"2023-11-09T19:29:44","guid":{"rendered":"https:\/\/trifasica.com.br\/?post_type=product&#038;p=8581"},"modified":"2026-03-27T13:23:03","modified_gmt":"2026-03-27T16:23:03","slug":"terminal-desconectavel-de-media-tensao-25mm-15-25-kv-loadbreak","status":"publish","type":"product","link":"https:\/\/trifasica.com.br\/es\/producto\/terminal-desconectavel-de-media-tensao-25mm-15-25-kv-loadbreak\/","title":{"rendered":"Terminal desconectable TDC 200 A, 25 kV\/25 mm RODAMIENTO DE CARGA"},"content":{"rendered":"<p>EL <strong>El\u00e9ctrico trif\u00e1sico<\/strong> tiene el <strong>Terminal Desconectable de Media Tensi\u00f3n 25mm 15\/25 kV ROADBREAK.<br \/>\n<\/strong><\/p>\n<p>Las terminaciones fr\u00edas TFT de TE Connectivity\/Raychem son aptas para cables unipolares, unipolares o tripolares con tensiones de hasta 35 kV para uso en interiores (TFTI) o exteriores (TFTO). Cuentan con un cuerpo elastom\u00e9rico extremadamente el\u00e1stico para una f\u00e1cil instalaci\u00f3n, cubriendo una amplia gama de cables. Los TFT utilizan un revolucionario control de campo mediante \u00f3xido de zinc. Su sellado contra la humedad tiene la ventaja adicional de eliminar la necesidad de termorretr\u00e1ctil.<\/p>\n<p>Las terminaciones TFT han demostrado un excelente rendimiento el\u00e9ctrico, durabilidad y confiabilidad en todo tipo de aplicaciones, incluidos entornos extremadamente agresivos, con aire marino y contaminaci\u00f3n industrial intensa.<\/p>\n<p><strong>Ventajas:<\/strong><\/p>\n<p>\u2022 Posibilidad de reposicionar el terminal despu\u00e9s de la instalaci\u00f3n<br \/>\n\u2022 Supera la vida \u00fatil esperada del cable<br \/>\n\u2022 Almacenamiento indefinido<br \/>\n\u2022 Los productos se prueban seg\u00fan las normas CENELEC-HD, IEEE-48-1996 que cubren todos los requisitos de las normas IEC, VDE, BS y ABNT.<br \/>\n\u2022 Rendimiento excepcional en seguimiento el\u00e9ctrico y erosi\u00f3n.<br \/>\n\u2022 Espacio reducido para montaje o instalaci\u00f3n en paneles compactos<\/p>\n<p><strong>Voltaje:<\/strong><\/p>\n<p>\u2022 Aislamiento hasta 35 kV<\/p>\n<p><strong>Otras caracter\u00edsticas:<\/strong><\/p>\n<p>\u2022 Resistencia a la erosi\u00f3n en ambientes con altos niveles de contaminaci\u00f3n y alto NBI en comparaci\u00f3n con otros acabados.<\/p>","protected":false},"excerpt":{"rendered":"<p><strong>El\u00e9ctrico trif\u00e1sico<\/strong>, distribuidor autorizado <em><strong>Conectividad TE.<\/strong><\/em><\/p>","protected":false},"featured_media":14195,"comment_status":"closed","ping_status":"closed","template":"","meta":[],"product_brand":[],"product_cat":[63],"product_tag":[218,336],"class_list":{"0":"post-8581","1":"product","2":"type-product","3":"status-publish","4":"has-post-thumbnail","6":"product_cat-terminacoes","7":"product_tag-te-connectivity","8":"product_tag-terminal-desconectavel","10":"first","11":"instock","12":"featured","13":"taxable","14":"shipping-taxable","15":"purchasable","16":"product-type-simple"},"_links":{"self":[{"href":"https:\/\/trifasica.com.br\/es\/wp-json\/wp\/v2\/product\/8581","targetHints":{"allow":["GET"]}}],"collection":[{"href":"https:\/\/trifasica.com.br\/es\/wp-json\/wp\/v2\/product"}],"about":[{"href":"https:\/\/trifasica.com.br\/es\/wp-json\/wp\/v2\/types\/product"}],"replies":[{"embeddable":true,"href":"https:\/\/trifasica.com.br\/es\/wp-json\/wp\/v2\/comments?post=8581"}],"version-history":[{"count":0,"href":"https:\/\/trifasica.com.br\/es\/wp-json\/wp\/v2\/product\/8581\/revisions"}],"wp:featuredmedia":[{"embeddable":true,"href":"https:\/\/trifasica.com.br\/es\/wp-json\/wp\/v2\/media\/14195"}],"wp:attachment":[{"href":"https:\/\/trifasica.com.br\/es\/wp-json\/wp\/v2\/media?parent=8581"}],"wp:term":[{"taxonomy":"product_brand","embeddable":true,"href":"https:\/\/trifasica.com.br\/es\/wp-json\/wp\/v2\/product_brand?post=8581"},{"taxonomy":"product_cat","embeddable":true,"href":"https:\/\/trifasica.com.br\/es\/wp-json\/wp\/v2\/product_cat?post=8581"},{"taxonomy":"product_tag","embeddable":true,"href":"https:\/\/trifasica.com.br\/es\/wp-json\/wp\/v2\/product_tag?post=8581"}],"curies":[{"name":"wp","href":"https:\/\/api.w.org\/{rel}","templated":true}]}}