{"id":8309,"date":"2023-07-27T11:34:52","date_gmt":"2023-07-27T14:34:52","guid":{"rendered":"https:\/\/trifasica.com.br\/?post_type=product&#038;p=8309"},"modified":"2026-03-04T09:59:25","modified_gmt":"2026-03-04T12:59:25","slug":"cobertura-rigida-para-rdc-em-condutor-ate-25mm-366kv","status":"publish","type":"product","link":"https:\/\/trifasica.com.br\/es\/producto\/cobertura-rigida-para-rdc-em-condutor-ate-25mm-366kv\/","title":{"rendered":"Cubierta r\u00edgida para RDC en conductor hasta 25 mm \u2013 36,6 kV"},"content":{"rendered":"<p>El El\u00e9ctrico Trif\u00e1sico tiene la <strong>Cubierta r\u00edgida para RDC en conductor hasta 25 mm \u2013 36,6 kV<\/strong>\u00a0Se utilizan en trabajos con l\u00edneas activas, ya que ofrecen un \u00e1rea de protecci\u00f3n mayor en partes energizadas.<\/p>\n<p>Sus extremos cuentan con conexiones macho\/hembra, que permiten conexiones firmes de dos o m\u00e1s unidades o conexi\u00f3n con otro modelo.<\/p>\n<p>Algunos tienen clips met\u00e1licos para instalaci\u00f3n remota, otros sin clips, para instalaci\u00f3n por contacto.<\/p>\n<p>&nbsp;<\/p>","protected":false},"excerpt":{"rendered":"<p><strong>El\u00e9ctrico trif\u00e1sico<\/strong>, el mayor Centro de Distribuci\u00f3n Avanzada de Brasil 15 a 36kV.<\/p>","protected":false},"featured_media":13998,"comment_status":"closed","ping_status":"closed","template":"","meta":[],"product_brand":[],"product_cat":[59],"product_tag":[243,68],"class_list":{"0":"post-8309","1":"product","2":"type-product","3":"status-publish","4":"has-post-thumbnail","6":"product_cat-equipamentos-de-seguranca","7":"product_tag-corbetura-rigida","8":"product_tag-trifasica-eletrica","10":"first","11":"onbackorder","12":"product-type-simple"},"_links":{"self":[{"href":"https:\/\/trifasica.com.br\/es\/wp-json\/wp\/v2\/product\/8309","targetHints":{"allow":["GET"]}}],"collection":[{"href":"https:\/\/trifasica.com.br\/es\/wp-json\/wp\/v2\/product"}],"about":[{"href":"https:\/\/trifasica.com.br\/es\/wp-json\/wp\/v2\/types\/product"}],"replies":[{"embeddable":true,"href":"https:\/\/trifasica.com.br\/es\/wp-json\/wp\/v2\/comments?post=8309"}],"version-history":[{"count":0,"href":"https:\/\/trifasica.com.br\/es\/wp-json\/wp\/v2\/product\/8309\/revisions"}],"wp:featuredmedia":[{"embeddable":true,"href":"https:\/\/trifasica.com.br\/es\/wp-json\/wp\/v2\/media\/13998"}],"wp:attachment":[{"href":"https:\/\/trifasica.com.br\/es\/wp-json\/wp\/v2\/media?parent=8309"}],"wp:term":[{"taxonomy":"product_brand","embeddable":true,"href":"https:\/\/trifasica.com.br\/es\/wp-json\/wp\/v2\/product_brand?post=8309"},{"taxonomy":"product_cat","embeddable":true,"href":"https:\/\/trifasica.com.br\/es\/wp-json\/wp\/v2\/product_cat?post=8309"},{"taxonomy":"product_tag","embeddable":true,"href":"https:\/\/trifasica.com.br\/es\/wp-json\/wp\/v2\/product_tag?post=8309"}],"curies":[{"name":"wp","href":"https:\/\/api.w.org\/{rel}","templated":true}]}}