{"id":8237,"date":"2023-04-19T17:22:53","date_gmt":"2023-04-19T20:22:53","guid":{"rendered":"https:\/\/trifasica.com.br\/?post_type=product&#038;p=8237"},"modified":"2026-03-04T09:59:25","modified_gmt":"2026-03-04T12:59:25","slug":"terminais-e-emendas-torquimetricas-para-media-e-baixa-tensao","status":"publish","type":"product","link":"https:\/\/trifasica.com.br\/es\/producto\/terminais-e-emendas-torquimetricas-para-media-e-baixa-tensao\/","title":{"rendered":"Terminales y empalmes de par para media y baja tensi\u00f3n"},"content":{"rendered":"<p>La electricidad trif\u00e1sica tiene <strong>Terminales y empalmes de par para conectividad TE de media y baja tensi\u00f3n.<br \/>\n<\/strong><\/p>\n<p>Los empalmes y terminales de torsi\u00f3n de TE est\u00e1n dise\u00f1ados para una instalaci\u00f3n r\u00e1pida y sencilla sin necesidad de herramientas especiales. Fabricados con una aleaci\u00f3n de aluminio esta\u00f1ado, nuestros empalmes y terminales pueden utilizarse en cables de cobre y\/o aluminio y tienen una amplia gama de aplicaciones.<\/p>\n<p><strong>Ventajas:<\/strong><\/p>\n<p>\u2022 Instalaci\u00f3n f\u00e1cil y r\u00e1pida<br \/>\n\u2022 Hasta 35 kV<br \/>\n\u2022 Prescinde del uso de herramientas y matrices especiales.<br \/>\n\u2022 Amplia gama de aplicaciones<br \/>\n\u2022 Se puede aplicar a cables de aluminio y\/o cobre.<br \/>\n\u2022 Probado seg\u00fan IEC 61238-1 clase A<\/p>","protected":false},"excerpt":{"rendered":"<p><strong>El\u00e9ctrico trif\u00e1sico<\/strong>, distribuidor autorizado de TE Connectivity.<\/p>","protected":false},"featured_media":14194,"comment_status":"closed","ping_status":"closed","template":"","meta":[],"product_brand":[],"product_cat":[63],"product_tag":[218,343],"class_list":{"0":"post-8237","1":"product","2":"type-product","3":"status-publish","4":"has-post-thumbnail","6":"product_cat-terminacoes","7":"product_tag-te-connectivity","8":"product_tag-terminais-e-emendas-torquimetricas","10":"first","11":"onbackorder","12":"product-type-simple"},"_links":{"self":[{"href":"https:\/\/trifasica.com.br\/es\/wp-json\/wp\/v2\/product\/8237","targetHints":{"allow":["GET"]}}],"collection":[{"href":"https:\/\/trifasica.com.br\/es\/wp-json\/wp\/v2\/product"}],"about":[{"href":"https:\/\/trifasica.com.br\/es\/wp-json\/wp\/v2\/types\/product"}],"replies":[{"embeddable":true,"href":"https:\/\/trifasica.com.br\/es\/wp-json\/wp\/v2\/comments?post=8237"}],"version-history":[{"count":0,"href":"https:\/\/trifasica.com.br\/es\/wp-json\/wp\/v2\/product\/8237\/revisions"}],"wp:featuredmedia":[{"embeddable":true,"href":"https:\/\/trifasica.com.br\/es\/wp-json\/wp\/v2\/media\/14194"}],"wp:attachment":[{"href":"https:\/\/trifasica.com.br\/es\/wp-json\/wp\/v2\/media?parent=8237"}],"wp:term":[{"taxonomy":"product_brand","embeddable":true,"href":"https:\/\/trifasica.com.br\/es\/wp-json\/wp\/v2\/product_brand?post=8237"},{"taxonomy":"product_cat","embeddable":true,"href":"https:\/\/trifasica.com.br\/es\/wp-json\/wp\/v2\/product_cat?post=8237"},{"taxonomy":"product_tag","embeddable":true,"href":"https:\/\/trifasica.com.br\/es\/wp-json\/wp\/v2\/product_tag?post=8237"}],"curies":[{"name":"wp","href":"https:\/\/api.w.org\/{rel}","templated":true}]}}