{"id":8231,"date":"2023-04-19T16:58:20","date_gmt":"2023-04-19T19:58:20","guid":{"rendered":"https:\/\/trifasica.com.br\/?post_type=product&#038;p=8231"},"modified":"2026-03-04T09:59:26","modified_gmt":"2026-03-04T12:59:26","slug":"csja-emenda-reta-contratil-a-frio-para-cabos-ate-35-kv","status":"publish","type":"product","link":"https:\/\/trifasica.com.br\/es\/producto\/csja-emenda-reta-contratil-a-frio-para-cabos-ate-35-kv\/","title":{"rendered":"CSJA - Empalme recto retr\u00e1ctil en fr\u00edo para cables de hasta 35 kV"},"content":{"rendered":"<p>La electricidad trif\u00e1sica tiene <strong>Empalme recto retr\u00e1ctil en fr\u00edo CSJA para cables de hasta 35 kV TE Connectivity.<br \/>\n<\/strong><\/p>\n<p>El empalme retr\u00e1ctil en fr\u00edo CSJA se utiliza en cables unipolares secos con tensiones de hasta 35 kV. Este empalme utiliza un cuerpo de caucho de silicona preexpandido, lo que elimina la necesidad de calentamiento t\u00e9rmico y facilita su aplicaci\u00f3n. El CSJA proporciona protecci\u00f3n mec\u00e1nica y estanqueidad contra la humedad y diversos agentes externos, garantizando un rendimiento y una vida \u00fatil \u00f3ptimos del cable.<\/p>\n<p><strong>Ventajas:<\/strong><\/p>\n<p>\u2022 Instalaci\u00f3n f\u00e1cil y r\u00e1pida<br \/>\n\u2022 Dise\u00f1ado para operar en condiciones m\u00e1s severas que el propio cable;<br \/>\n\u2022 Sellado permanente<br \/>\n\u2022 Supera la vida \u00fatil esperada del cable<br \/>\n\u2022 No requiere mantenimiento peri\u00f3dico<br \/>\n\u2022 Un solo cuerpo contiene todos los componentes para su instalaci\u00f3n<br \/>\n\u2022 El kit incluye (opcional) un manguito de empalme de torsi\u00f3n.<\/p>\n<p><strong>Voltaje:<\/strong><\/p>\n<p>\u2022 Aislamiento hasta 35 kV<\/p>\n<p><strong>Otras caracter\u00edsticas:<\/strong><\/p>\n<p>\u2022 Cumple con la norma IEC 61238-1<\/p>","protected":false},"excerpt":{"rendered":"<p><strong>El\u00e9ctrico trif\u00e1sico<\/strong>, distribuidor autorizado de TE Connectivity.<\/p>","protected":false},"featured_media":14188,"comment_status":"closed","ping_status":"closed","template":"","meta":[],"product_brand":[],"product_cat":[63],"product_tag":[344,218],"class_list":{"0":"post-8231","1":"product","2":"type-product","3":"status-publish","4":"has-post-thumbnail","6":"product_cat-terminacoes","7":"product_tag-csja-emenda-reta-contratil","8":"product_tag-te-connectivity","10":"first","11":"onbackorder","12":"product-type-simple"},"_links":{"self":[{"href":"https:\/\/trifasica.com.br\/es\/wp-json\/wp\/v2\/product\/8231","targetHints":{"allow":["GET"]}}],"collection":[{"href":"https:\/\/trifasica.com.br\/es\/wp-json\/wp\/v2\/product"}],"about":[{"href":"https:\/\/trifasica.com.br\/es\/wp-json\/wp\/v2\/types\/product"}],"replies":[{"embeddable":true,"href":"https:\/\/trifasica.com.br\/es\/wp-json\/wp\/v2\/comments?post=8231"}],"version-history":[{"count":0,"href":"https:\/\/trifasica.com.br\/es\/wp-json\/wp\/v2\/product\/8231\/revisions"}],"wp:featuredmedia":[{"embeddable":true,"href":"https:\/\/trifasica.com.br\/es\/wp-json\/wp\/v2\/media\/14188"}],"wp:attachment":[{"href":"https:\/\/trifasica.com.br\/es\/wp-json\/wp\/v2\/media?parent=8231"}],"wp:term":[{"taxonomy":"product_brand","embeddable":true,"href":"https:\/\/trifasica.com.br\/es\/wp-json\/wp\/v2\/product_brand?post=8231"},{"taxonomy":"product_cat","embeddable":true,"href":"https:\/\/trifasica.com.br\/es\/wp-json\/wp\/v2\/product_cat?post=8231"},{"taxonomy":"product_tag","embeddable":true,"href":"https:\/\/trifasica.com.br\/es\/wp-json\/wp\/v2\/product_tag?post=8231"}],"curies":[{"name":"wp","href":"https:\/\/api.w.org\/{rel}","templated":true}]}}