{"id":8228,"date":"2023-04-19T16:51:22","date_gmt":"2023-04-19T19:51:22","guid":{"rendered":"https:\/\/trifasica.com.br\/?post_type=product&#038;p=8228"},"modified":"2026-03-04T09:59:26","modified_gmt":"2026-03-04T12:59:26","slug":"hvt-terminacao-termocontratil-de-media-tensao-para-cabos-ate-72-kv","status":"publish","type":"product","link":"https:\/\/trifasica.com.br\/es\/producto\/hvt-terminacao-termocontratil-de-media-tensao-para-cabos-ate-72-kv\/","title":{"rendered":"Terminaci\u00f3n termorretr\u00e1ctil de media tensi\u00f3n HVT para cables de hasta 72 kV"},"content":{"rendered":"<p>La electricidad trif\u00e1sica tiene <strong>Terminaci\u00f3n termorretr\u00e1ctil de media tensi\u00f3n HVT para cables de hasta 72 kV TE Connectivity.<br \/>\n<\/strong><\/p>\n<p>Las terminaciones termorretr\u00e1ctiles Raychem HVT (Terminaci\u00f3n de Alta Tensi\u00f3n) se utilizan en todo tipo de cables con aislamiento de PVC, XLPE o EPR. Disponibles para cables unipolares o tripolares, con o sin armadura, para uso en interiores y exteriores hasta 72 kV. Las terminaciones HVT han demostrado un alto rendimiento, durabilidad y fiabilidad durante m\u00e1s de 30 a\u00f1os en todo tipo de aplicaciones, incluyendo entornos extremadamente hostiles con niebla salina y contaminaci\u00f3n industrial intensa.<\/p>\n<p><strong>Ventajas:<\/strong><\/p>\n<p>\u2022 F\u00e1cil instalaci\u00f3n<br \/>\n\u2022 Ligero y flexible<br \/>\n\u2022 Sellado permanente<br \/>\n\u2022 Permite la instalaci\u00f3n en posici\u00f3n invertida<br \/>\n\u2022 Almacenamiento indefinido<br \/>\n\u2022 Supera la vida \u00fatil esperada del cable<br \/>\n\u2022 Tiene una larga distancia de escape<br \/>\n\u2022 IEEE-48-1996 para terminaciones de clase 1<br \/>\n\u2022 El sellador activado por calor en los extremos de la terminaci\u00f3n proporciona un sello permanente contra la humedad y otros elementos externos.<\/p>\n<p><strong>Voltaje:<\/strong><\/p>\n<p>\u2022 Aislamiento hasta 72 kV<\/p>\n<p><strong>Temperaturas de funcionamiento:<\/strong><\/p>\n<p>\u2022 Estado estacionario 105\u02daC<br \/>\n\u2022 R\u00e9gimen de sobrecarga 130\u02daC<br \/>\n\u2022 R\u00e9gimen de cortocircuito 250\u02daC<\/p>\n<p><strong>Otras caracter\u00edsticas:<\/strong><\/p>\n<p>\u2022 Resistencia al arrastre y a la erosi\u00f3n en ambientes con altos niveles de contaminaci\u00f3n.<\/p>","protected":false},"excerpt":{"rendered":"<p><strong>El\u00e9ctrico trif\u00e1sico<\/strong>, distribuidor autorizado de TE Connectivity.<\/p>","protected":false},"featured_media":14191,"comment_status":"closed","ping_status":"closed","template":"","meta":[],"product_brand":[],"product_cat":[63],"product_tag":[218,345],"class_list":{"0":"post-8228","1":"product","2":"type-product","3":"status-publish","4":"has-post-thumbnail","6":"product_cat-terminacoes","7":"product_tag-te-connectivity","8":"product_tag-terminacao-termocontratil","10":"first","11":"onbackorder","12":"product-type-simple"},"_links":{"self":[{"href":"https:\/\/trifasica.com.br\/es\/wp-json\/wp\/v2\/product\/8228","targetHints":{"allow":["GET"]}}],"collection":[{"href":"https:\/\/trifasica.com.br\/es\/wp-json\/wp\/v2\/product"}],"about":[{"href":"https:\/\/trifasica.com.br\/es\/wp-json\/wp\/v2\/types\/product"}],"replies":[{"embeddable":true,"href":"https:\/\/trifasica.com.br\/es\/wp-json\/wp\/v2\/comments?post=8228"}],"version-history":[{"count":0,"href":"https:\/\/trifasica.com.br\/es\/wp-json\/wp\/v2\/product\/8228\/revisions"}],"wp:featuredmedia":[{"embeddable":true,"href":"https:\/\/trifasica.com.br\/es\/wp-json\/wp\/v2\/media\/14191"}],"wp:attachment":[{"href":"https:\/\/trifasica.com.br\/es\/wp-json\/wp\/v2\/media?parent=8228"}],"wp:term":[{"taxonomy":"product_brand","embeddable":true,"href":"https:\/\/trifasica.com.br\/es\/wp-json\/wp\/v2\/product_brand?post=8228"},{"taxonomy":"product_cat","embeddable":true,"href":"https:\/\/trifasica.com.br\/es\/wp-json\/wp\/v2\/product_cat?post=8228"},{"taxonomy":"product_tag","embeddable":true,"href":"https:\/\/trifasica.com.br\/es\/wp-json\/wp\/v2\/product_tag?post=8228"}],"curies":[{"name":"wp","href":"https:\/\/api.w.org\/{rel}","templated":true}]}}