{"id":8221,"date":"2023-04-19T16:29:36","date_gmt":"2023-04-19T19:29:36","guid":{"rendered":"https:\/\/trifasica.com.br\/?post_type=product&#038;p=8221"},"modified":"2026-03-04T09:59:26","modified_gmt":"2026-03-04T12:59:26","slug":"crsm-manta-para-reparo-de-cabos","status":"publish","type":"product","link":"https:\/\/trifasica.com.br\/es\/producto\/crsm-manta-para-reparo-de-cabos\/","title":{"rendered":"Manta de reparaci\u00f3n de cables CRSM"},"content":{"rendered":"<p>La electricidad trif\u00e1sica tiene <strong>Manta de reparaci\u00f3n de cables CRSM de TE Connectivity.<br \/>\n<\/strong><\/p>\n<p>La funda para cable CRSM es un sistema r\u00e1pido y permanente para la reparaci\u00f3n y sellado de cables multiprop\u00f3sito, fabricada con poliolefina reticulada que iguala o supera las propiedades del material de la cubierta del cable. La funda se coloca alrededor del cable y se cierra con una cremallera de acero inoxidable. Al aplicar calor, la funda se contrae y el sellador interno &quot;Hot Melt&quot; se fusiona, rellenando todos los espacios debajo de la funda. Esto repara los empalmes o fallas del aislamiento del cable con un sellador resistente a la humedad y de alta resistencia mec\u00e1nica. Se puede utilizar en cables apantallados o sin apantallar de hasta 1 kV, con aislamiento de EPR, PVC y XLPE, y de 6 a 1000 mm\u00b2. Tambi\u00e9n se recomienda para la reparaci\u00f3n de la cubierta exterior de cables de hasta 35 kV.<\/p>\n<p>&nbsp;<\/p>\n<p><img fetchpriority=\"high\" decoding=\"async\" class=\"wp-image-8224 size-full aligncenter\" src=\"https:\/\/trifasica.com.br\/wp-content\/uploads\/2023\/04\/comprimento-da-parte-danifica-trifasica-eletrica.png\" alt=\"\" width=\"403\" height=\"163\" srcset=\"https:\/\/trifasica.com.br\/wp-content\/uploads\/2023\/04\/comprimento-da-parte-danifica-trifasica-eletrica.png 403w, https:\/\/trifasica.com.br\/wp-content\/uploads\/2023\/04\/comprimento-da-parte-danifica-trifasica-eletrica-300x121.png 300w, https:\/\/trifasica.com.br\/wp-content\/uploads\/2023\/04\/comprimento-da-parte-danifica-trifasica-eletrica-400x163.png 400w\" sizes=\"(max-width: 403px) 100vw, 403px\" \/><\/p>","protected":false},"excerpt":{"rendered":"<p><strong>El\u00e9ctrico trif\u00e1sico<\/strong>, distribuidor autorizado de TE Connectivity.<\/p>","protected":false},"featured_media":14187,"comment_status":"closed","ping_status":"closed","template":"","meta":[],"product_brand":[],"product_cat":[63],"product_tag":[347,218],"class_list":{"0":"post-8221","1":"product","2":"type-product","3":"status-publish","4":"has-post-thumbnail","6":"product_cat-terminacoes","7":"product_tag-manta-para-reparo-de-cabos","8":"product_tag-te-connectivity","10":"first","11":"onbackorder","12":"product-type-simple"},"_links":{"self":[{"href":"https:\/\/trifasica.com.br\/es\/wp-json\/wp\/v2\/product\/8221","targetHints":{"allow":["GET"]}}],"collection":[{"href":"https:\/\/trifasica.com.br\/es\/wp-json\/wp\/v2\/product"}],"about":[{"href":"https:\/\/trifasica.com.br\/es\/wp-json\/wp\/v2\/types\/product"}],"replies":[{"embeddable":true,"href":"https:\/\/trifasica.com.br\/es\/wp-json\/wp\/v2\/comments?post=8221"}],"version-history":[{"count":0,"href":"https:\/\/trifasica.com.br\/es\/wp-json\/wp\/v2\/product\/8221\/revisions"}],"wp:featuredmedia":[{"embeddable":true,"href":"https:\/\/trifasica.com.br\/es\/wp-json\/wp\/v2\/media\/14187"}],"wp:attachment":[{"href":"https:\/\/trifasica.com.br\/es\/wp-json\/wp\/v2\/media?parent=8221"}],"wp:term":[{"taxonomy":"product_brand","embeddable":true,"href":"https:\/\/trifasica.com.br\/es\/wp-json\/wp\/v2\/product_brand?post=8221"},{"taxonomy":"product_cat","embeddable":true,"href":"https:\/\/trifasica.com.br\/es\/wp-json\/wp\/v2\/product_cat?post=8221"},{"taxonomy":"product_tag","embeddable":true,"href":"https:\/\/trifasica.com.br\/es\/wp-json\/wp\/v2\/product_tag?post=8221"}],"curies":[{"name":"wp","href":"https:\/\/api.w.org\/{rel}","templated":true}]}}