{"id":8206,"date":"2023-04-19T16:12:10","date_gmt":"2023-04-19T19:12:10","guid":{"rendered":"https:\/\/trifasica.com.br\/?post_type=product&#038;p=8206"},"modified":"2026-03-04T09:59:26","modified_gmt":"2026-03-04T12:59:26","slug":"gelport-barramento-multiplo-isolado-com-tecnologia-powergel","status":"publish","type":"product","link":"https:\/\/trifasica.com.br\/es\/producto\/gelport-barramento-multiplo-isolado-com-tecnologia-powergel\/","title":{"rendered":"GELPORT - Barras colectoras m\u00faltiples aisladas con tecnolog\u00eda PowerGel"},"content":{"rendered":"<p>La electricidad trif\u00e1sica tiene <strong>GELPORT - Barra colectora m\u00faltiple aislada con tecnolog\u00eda PowerGel de TE Connectivity.<br \/>\n<\/strong><\/p>\n<p>Los conectores de red sumergibles de baja tensi\u00f3n GelPort son adecuados para la conexi\u00f3n de cables aislados de hasta 1 kV, principalmente para conexiones de consumo residencial con l\u00edneas secundarias subterr\u00e1neas. Forman parte de la familia de productos PowerGel y est\u00e1n disponibles con 3, 4, 5, 6 u 8 entradas\/salidas. Su barra colectora bimet\u00e1lica permite el uso de cables de cobre o aluminio.<\/p>\n<p>La entrada de cables y el acceso a los tornillos de apriete est\u00e1n protegidos con gel que ofrece un excelente rendimiento, protegiendo y asegurando las conexiones contra la humedad, incluso cuando se instalan en sistemas permanentemente sumergidos.<\/p>\n<p><strong>Ventajas:<\/strong><\/p>\n<p>\u2022 Instalaci\u00f3n f\u00e1cil y r\u00e1pida<br \/>\n\u2022 Estanqueidad<br \/>\n\u2022 No necesita mantenimiento peri\u00f3dico<br \/>\n\u2022 Cubre una amplia gama de cables<br \/>\n\u2022 No requiere conectores adicionales<\/p>\n<p><strong>Otras caracter\u00edsticas:<\/strong><\/p>\n<p>\u2022 Resistente a los rayos UV y a la intemperie.<br \/>\n\u2022 Calificado seg\u00fan las normas ANSI C 119.1, ANSI C119.4 y NBR 9314<br \/>\n\u2022 No requiere herramientas especiales para su instalaci\u00f3n.<\/p>\n<p>&nbsp;<\/p>\n<p>&nbsp;<\/p>","protected":false},"excerpt":{"rendered":"<p><strong>El\u00e9ctrico trif\u00e1sico<\/strong>, distribuidor autorizado de TE Connectivity.<\/p>","protected":false},"featured_media":14190,"comment_status":"closed","ping_status":"closed","template":"","meta":[],"product_brand":[],"product_cat":[63],"product_tag":[217,218],"class_list":{"0":"post-8206","1":"product","2":"type-product","3":"status-publish","4":"has-post-thumbnail","6":"product_cat-terminacoes","7":"product_tag-gelport","8":"product_tag-te-connectivity","10":"first","11":"onbackorder","12":"product-type-simple"},"_links":{"self":[{"href":"https:\/\/trifasica.com.br\/es\/wp-json\/wp\/v2\/product\/8206","targetHints":{"allow":["GET"]}}],"collection":[{"href":"https:\/\/trifasica.com.br\/es\/wp-json\/wp\/v2\/product"}],"about":[{"href":"https:\/\/trifasica.com.br\/es\/wp-json\/wp\/v2\/types\/product"}],"replies":[{"embeddable":true,"href":"https:\/\/trifasica.com.br\/es\/wp-json\/wp\/v2\/comments?post=8206"}],"version-history":[{"count":0,"href":"https:\/\/trifasica.com.br\/es\/wp-json\/wp\/v2\/product\/8206\/revisions"}],"wp:featuredmedia":[{"embeddable":true,"href":"https:\/\/trifasica.com.br\/es\/wp-json\/wp\/v2\/media\/14190"}],"wp:attachment":[{"href":"https:\/\/trifasica.com.br\/es\/wp-json\/wp\/v2\/media?parent=8206"}],"wp:term":[{"taxonomy":"product_brand","embeddable":true,"href":"https:\/\/trifasica.com.br\/es\/wp-json\/wp\/v2\/product_brand?post=8206"},{"taxonomy":"product_cat","embeddable":true,"href":"https:\/\/trifasica.com.br\/es\/wp-json\/wp\/v2\/product_cat?post=8206"},{"taxonomy":"product_tag","embeddable":true,"href":"https:\/\/trifasica.com.br\/es\/wp-json\/wp\/v2\/product_tag?post=8206"}],"curies":[{"name":"wp","href":"https:\/\/api.w.org\/{rel}","templated":true}]}}