{"id":6907,"date":"2021-10-21T08:38:00","date_gmt":"2021-10-21T11:38:00","guid":{"rendered":"http:\/\/sh-pro102.teste.website\/~trifas26\/?post_type=product&#038;p=6907"},"modified":"2026-03-04T09:59:27","modified_gmt":"2026-03-04T12:59:27","slug":"bornes-uniao-sem-suporte","status":"publish","type":"product","link":"https:\/\/trifasica.com.br\/es\/producto\/bornes-uniao-sem-suporte\/","title":{"rendered":"Terminales de uni\u00f3n sin soporte"},"content":{"rendered":"<p>La electricidad trif\u00e1sica tiene <strong>Terminales de uni\u00f3n sin soporte<\/strong>\u00a0Disponible en las siguientes opciones:<\/p>\n<p class=\"font_8\"><strong>Con corte simple:<\/strong><br \/>\n1\/4\u2033 \u2013 3\/8\u2033 \u2013 1\/2\u2033 \u2013 5\/8\u2033<\/p>\n<p class=\"font_8\"><strong>Con corte transversal:<\/strong>\u00a03\/8\u2033 \u2013 1\/2\u2033<\/p>\n<p class=\"font_8\"><strong>Materiales:<\/strong>\u00a0Lat\u00f3n o esta\u00f1ado<\/p>\n<p class=\"font_8\"><strong>Finalizar:<\/strong>\u00a0Fundido o forjado<\/p>","protected":false},"excerpt":{"rendered":"<p><strong>El\u00e9ctrico trif\u00e1sico<\/strong>, el mayor Centro de Distribuci\u00f3n Avanzada de Brasil 15 a 36kV.<\/p>","protected":false},"featured_media":14002,"comment_status":"closed","ping_status":"closed","template":"","meta":[],"product_brand":[],"product_cat":[65],"product_tag":[349,68],"class_list":{"0":"post-6907","1":"product","2":"type-product","3":"status-publish","4":"has-post-thumbnail","6":"product_cat-vergalhao","7":"product_tag-bornes-uniao","8":"product_tag-trifasica-eletrica","10":"first","11":"onbackorder","12":"product-type-simple"},"_links":{"self":[{"href":"https:\/\/trifasica.com.br\/es\/wp-json\/wp\/v2\/product\/6907","targetHints":{"allow":["GET"]}}],"collection":[{"href":"https:\/\/trifasica.com.br\/es\/wp-json\/wp\/v2\/product"}],"about":[{"href":"https:\/\/trifasica.com.br\/es\/wp-json\/wp\/v2\/types\/product"}],"replies":[{"embeddable":true,"href":"https:\/\/trifasica.com.br\/es\/wp-json\/wp\/v2\/comments?post=6907"}],"version-history":[{"count":0,"href":"https:\/\/trifasica.com.br\/es\/wp-json\/wp\/v2\/product\/6907\/revisions"}],"wp:featuredmedia":[{"embeddable":true,"href":"https:\/\/trifasica.com.br\/es\/wp-json\/wp\/v2\/media\/14002"}],"wp:attachment":[{"href":"https:\/\/trifasica.com.br\/es\/wp-json\/wp\/v2\/media?parent=6907"}],"wp:term":[{"taxonomy":"product_brand","embeddable":true,"href":"https:\/\/trifasica.com.br\/es\/wp-json\/wp\/v2\/product_brand?post=6907"},{"taxonomy":"product_cat","embeddable":true,"href":"https:\/\/trifasica.com.br\/es\/wp-json\/wp\/v2\/product_cat?post=6907"},{"taxonomy":"product_tag","embeddable":true,"href":"https:\/\/trifasica.com.br\/es\/wp-json\/wp\/v2\/product_tag?post=6907"}],"curies":[{"name":"wp","href":"https:\/\/api.w.org\/{rel}","templated":true}]}}