{"id":6900,"date":"2021-10-21T08:37:58","date_gmt":"2021-10-21T11:37:58","guid":{"rendered":"http:\/\/sh-pro102.teste.website\/~trifas26\/?post_type=product&#038;p=6900"},"modified":"2026-03-04T09:59:28","modified_gmt":"2026-03-04T12:59:28","slug":"transformadores-de-potencia-a-seco","status":"publish","type":"product","link":"https:\/\/trifasica.com.br\/es\/producto\/transformadores-de-potencia-a-seco\/","title":{"rendered":"Transformadores de potencia secos"},"content":{"rendered":"<p>La electricidad trif\u00e1sica tiene <strong>Transformadores de potencia secos <\/strong>Modelo EPOXY MOLD \u2013 moldeado en resina epoxi en color \u00f3xido de hierro rojo.<\/p>\n<ul>\n<li>Clase de tensi\u00f3n AT: 7,2 \/ 15 \/ 25 y 36,2 kV.<\/li>\n<li>Clase de tensi\u00f3n BT: 0,6\/1,2 kV (otras a petici\u00f3n).<\/li>\n<li>Aumento de temperatura: Clase F 105\u00ba C (otras bajo consulta).<\/li>\n<li>Material Aislante: Clase F (155\u00ba C) o H (180\u00ba C).<\/li>\n<li>Frecuencia: 50 Hz o 60 Hz.<\/li>\n<li>Grupo de conexi\u00f3n: Dyn1. Delta\/Estrella con neutro accesible.<\/li>\n<li>Grado de protecci\u00f3n: IP-00 \/ IP-23 \/ IP-55 (otros bajo consulta).<\/li>\n<\/ul>\n<p>Transformador trif\u00e1sico, seco, moldeado en resina epoxi color \u00f3xido de hierro rojo, modelo MOLD EPOXI.<\/p>\n<ul>\n<li>Se utiliza en centros comerciales, hospitales, edificios residenciales, aeropuertos, plataformas marinas, metro, minas, bancos, etc.<\/li>\n<li>Terminal de puesta a tierra para tierra accesible.<\/li>\n<li>Construcci\u00f3n y pruebas seg\u00fan normas ABNT NBR 10295, 5356\/1\/2\/3\/4\/5 e IEC 60076-11.<\/li>\n<\/ul>\n<p><strong>Accesorios:<\/strong><\/p>\n<ul>\n<li>Sensores t\u00e9rmicos tipo PT 100 para activaci\u00f3n y apagado de alarma con controlador de temperatura.<\/li>\n<li>Ojales para suspensi\u00f3n y tracci\u00f3n en caso necesario.<\/li>\n<li>Terminales de puesta a tierra en la base inferior del transformador.<\/li>\n<li>Ruedas bidireccionales en fundici\u00f3n de hierro de alta resistencia mec\u00e1nica.<\/li>\n<li>Caja de sellos en BT<\/li>\n<li>Otros accesorios disponibles bajo pedido.<\/li>\n<\/ul>\n<p><strong>Caracter\u00edsticas:<\/strong><\/p>\n<p><strong>Seguridad y beneficios<\/strong><br \/>\nEl transformador de tipo seco, moldeado en resina epoxi, combina seguridad y una excelente relaci\u00f3n calidad-precio. Sus principales ventajas son:<\/p>\n<p><strong>SEGURIDAD:<\/strong> Sin riesgo de explosi\u00f3n, la resina epoxi no propaga el fuego y tiene propiedades autoextinguibles.<\/p>\n<p><strong>ECOL\u00d3GICAMENTE AMIGABLE:<\/strong> No contamina el medio ambiente y no libera gases t\u00f3xicos.<\/p>\n<p><strong>COSTOS DE MANTENIMIENTO E INSTALACI\u00d3N MINIMIZADOS:<\/strong> Construcci\u00f3n sencilla, sin obra civil (muros cortafuegos y pozo de recolecci\u00f3n de petr\u00f3leo) y con posibilidad de instalaci\u00f3n junto al centro de carga.<\/p>\n<p><strong>OPTIMIZACI\u00d3N DEL ESPACIO:<\/strong> Los transformadores secos tienen dimensiones reducidas, en el espacio que ocupa un transformador de aceite se puede colocar un transformador seco con el doble de potencia.<\/p>\n<p><strong>PRUEBAS:<\/strong> Sus unidades 100% est\u00e1n probadas en nuestro moderno laboratorio de pruebas donde se llevan a cabo todas las pruebas de seguridad. <strong>DESCARGAS RUTINADAS Y PARCIALES.<\/strong><\/p>","protected":false},"excerpt":{"rendered":"<p><strong>El\u00e9ctrico trif\u00e1sico<\/strong>, el mayor Centro de Distribuci\u00f3n Avanzada de Brasil 15 a 36kV.<\/p>","protected":false},"featured_media":14012,"comment_status":"closed","ping_status":"closed","template":"","meta":[],"product_brand":[],"product_cat":[64],"product_tag":[352,68],"class_list":{"0":"post-6900","1":"product","2":"type-product","3":"status-publish","4":"has-post-thumbnail","6":"product_cat-transformadores","7":"product_tag-transformadores-de-potencia","8":"product_tag-trifasica-eletrica","10":"first","11":"onbackorder","12":"product-type-simple"},"_links":{"self":[{"href":"https:\/\/trifasica.com.br\/es\/wp-json\/wp\/v2\/product\/6900","targetHints":{"allow":["GET"]}}],"collection":[{"href":"https:\/\/trifasica.com.br\/es\/wp-json\/wp\/v2\/product"}],"about":[{"href":"https:\/\/trifasica.com.br\/es\/wp-json\/wp\/v2\/types\/product"}],"replies":[{"embeddable":true,"href":"https:\/\/trifasica.com.br\/es\/wp-json\/wp\/v2\/comments?post=6900"}],"version-history":[{"count":0,"href":"https:\/\/trifasica.com.br\/es\/wp-json\/wp\/v2\/product\/6900\/revisions"}],"wp:featuredmedia":[{"embeddable":true,"href":"https:\/\/trifasica.com.br\/es\/wp-json\/wp\/v2\/media\/14012"}],"wp:attachment":[{"href":"https:\/\/trifasica.com.br\/es\/wp-json\/wp\/v2\/media?parent=6900"}],"wp:term":[{"taxonomy":"product_brand","embeddable":true,"href":"https:\/\/trifasica.com.br\/es\/wp-json\/wp\/v2\/product_brand?post=6900"},{"taxonomy":"product_cat","embeddable":true,"href":"https:\/\/trifasica.com.br\/es\/wp-json\/wp\/v2\/product_cat?post=6900"},{"taxonomy":"product_tag","embeddable":true,"href":"https:\/\/trifasica.com.br\/es\/wp-json\/wp\/v2\/product_tag?post=6900"}],"curies":[{"name":"wp","href":"https:\/\/api.w.org\/{rel}","templated":true}]}}