{"id":6898,"date":"2021-10-21T08:37:58","date_gmt":"2021-10-21T11:37:58","guid":{"rendered":"http:\/\/sh-pro102.teste.website\/~trifas26\/?post_type=product&#038;p=6898"},"modified":"2026-03-04T09:59:28","modified_gmt":"2026-03-04T12:59:28","slug":"transformadores-de-corrente-rc1-11-rc1-12-rc1-21-rc-31","status":"publish","type":"product","link":"https:\/\/trifasica.com.br\/es\/producto\/transformadores-de-corrente-rc1-11-rc1-12-rc1-21-rc-31\/","title":{"rendered":"Transformadores de corriente (RC1-11, RC1-12, RC1 21, RC 31)"},"content":{"rendered":"<p>La electricidad trif\u00e1sica tiene <strong>Transformadores de corriente (RC1-11, RC1-12, RC1 21, RC 31) <\/strong>\u201cTC\u201d encapsulado en resina epoxi, para uso interior (instalaci\u00f3n protegida), tensi\u00f3n m\u00e1xima 15kV, 24,2kV y 36,2V corriente primaria hasta 800A.<\/p>\n<p><strong>RC1-11 \u2013 <\/strong>Clase de precisi\u00f3n 0.3C25 (medici\u00f3n) o 10B50 (protecci\u00f3n), factor t\u00e9rmico 1.2xIn<\/p>\n<p><img fetchpriority=\"high\" decoding=\"async\" class=\"size-medium wp-image-7467 aligncenter\" src=\"http:\/\/sh-pro102.teste.website\/~trifas26\/wp-content\/uploads\/2021\/10\/rci-11-trifasica-eletrica-300x188.jpg\" alt=\"\" width=\"300\" height=\"188\" srcset=\"https:\/\/trifasica.com.br\/wp-content\/uploads\/2021\/10\/rci-11-trifasica-eletrica-300x188.jpg 300w, https:\/\/trifasica.com.br\/wp-content\/uploads\/2021\/10\/rci-11-trifasica-eletrica-768x480.jpg 768w, https:\/\/trifasica.com.br\/wp-content\/uploads\/2021\/10\/rci-11-trifasica-eletrica-600x375.jpg 600w, https:\/\/trifasica.com.br\/wp-content\/uploads\/2021\/10\/rci-11-trifasica-eletrica.jpg 800w\" sizes=\"(max-width: 300px) 100vw, 300px\" \/><\/p>\n<p><strong>RC1-12 \u2013 <\/strong>Clase de precisi\u00f3n 0,3C50 (medici\u00f3n) o 10B100 (protecci\u00f3n), o 0,3C12,5 + 10B50 (medici\u00f3n y protecci\u00f3n), factor t\u00e9rmico 1,2xIn<\/p>\n<p><img decoding=\"async\" class=\"size-medium wp-image-7468 aligncenter\" src=\"http:\/\/sh-pro102.teste.website\/~trifas26\/wp-content\/uploads\/2021\/10\/rci-12-trifasica-eletrica-300x188.jpg\" alt=\"\" width=\"300\" height=\"188\" srcset=\"https:\/\/trifasica.com.br\/wp-content\/uploads\/2021\/10\/rci-12-trifasica-eletrica-300x188.jpg 300w, https:\/\/trifasica.com.br\/wp-content\/uploads\/2021\/10\/rci-12-trifasica-eletrica-768x480.jpg 768w, https:\/\/trifasica.com.br\/wp-content\/uploads\/2021\/10\/rci-12-trifasica-eletrica-600x375.jpg 600w, https:\/\/trifasica.com.br\/wp-content\/uploads\/2021\/10\/rci-12-trifasica-eletrica.jpg 800w\" sizes=\"(max-width: 300px) 100vw, 300px\" \/><\/p>\n<p><strong>RC1-21 \u2013 <\/strong>Clase de precisi\u00f3n 0.3C25 (medici\u00f3n) o 10B50 (protecci\u00f3n), factor t\u00e9rmico 1.2xIn<\/p>\n<p><img decoding=\"async\" class=\"size-medium wp-image-7469 aligncenter\" src=\"http:\/\/sh-pro102.teste.website\/~trifas26\/wp-content\/uploads\/2021\/10\/rci-21-trifasica-eletrica-300x188.jpg\" alt=\"\" width=\"300\" height=\"188\" srcset=\"https:\/\/trifasica.com.br\/wp-content\/uploads\/2021\/10\/rci-21-trifasica-eletrica-300x188.jpg 300w, https:\/\/trifasica.com.br\/wp-content\/uploads\/2021\/10\/rci-21-trifasica-eletrica-768x480.jpg 768w, https:\/\/trifasica.com.br\/wp-content\/uploads\/2021\/10\/rci-21-trifasica-eletrica-600x375.jpg 600w, https:\/\/trifasica.com.br\/wp-content\/uploads\/2021\/10\/rci-21-trifasica-eletrica.jpg 800w\" sizes=\"(max-width: 300px) 100vw, 300px\" \/><\/p>\n<p><strong>RC-31 \u2013 <\/strong>Clase de precisi\u00f3n 0,3C50 (medici\u00f3n) o 10B50 o 10B100 (protecci\u00f3n), o 0,3C12,5 + 10B50 (medici\u00f3n y protecci\u00f3n), factor t\u00e9rmico 1,2xIn<\/p>\n<p><img loading=\"lazy\" decoding=\"async\" class=\"size-medium wp-image-7470 aligncenter\" src=\"http:\/\/sh-pro102.teste.website\/~trifas26\/wp-content\/uploads\/2021\/10\/rci-31-trifasica-eletrica-300x188.jpg\" alt=\"\" width=\"300\" height=\"188\" srcset=\"https:\/\/trifasica.com.br\/wp-content\/uploads\/2021\/10\/rci-31-trifasica-eletrica-300x188.jpg 300w, https:\/\/trifasica.com.br\/wp-content\/uploads\/2021\/10\/rci-31-trifasica-eletrica-768x480.jpg 768w, https:\/\/trifasica.com.br\/wp-content\/uploads\/2021\/10\/rci-31-trifasica-eletrica-600x375.jpg 600w, https:\/\/trifasica.com.br\/wp-content\/uploads\/2021\/10\/rci-31-trifasica-eletrica.jpg 800w\" sizes=\"(max-width: 300px) 100vw, 300px\" \/><\/p>","protected":false},"excerpt":{"rendered":"<p><strong>El\u00e9ctrico trif\u00e1sico<\/strong>, el mayor Centro de Distribuci\u00f3n Avanzada de Brasil 15 a 36kV.<\/p>","protected":false},"featured_media":14013,"comment_status":"closed","ping_status":"closed","template":"","meta":[],"product_brand":[],"product_cat":[64],"product_tag":[155,68],"class_list":{"0":"post-6898","1":"product","2":"type-product","3":"status-publish","4":"has-post-thumbnail","6":"product_cat-transformadores","7":"product_tag-transformadores-de-corrente","8":"product_tag-trifasica-eletrica","10":"first","11":"onbackorder","12":"product-type-simple"},"_links":{"self":[{"href":"https:\/\/trifasica.com.br\/es\/wp-json\/wp\/v2\/product\/6898","targetHints":{"allow":["GET"]}}],"collection":[{"href":"https:\/\/trifasica.com.br\/es\/wp-json\/wp\/v2\/product"}],"about":[{"href":"https:\/\/trifasica.com.br\/es\/wp-json\/wp\/v2\/types\/product"}],"replies":[{"embeddable":true,"href":"https:\/\/trifasica.com.br\/es\/wp-json\/wp\/v2\/comments?post=6898"}],"version-history":[{"count":0,"href":"https:\/\/trifasica.com.br\/es\/wp-json\/wp\/v2\/product\/6898\/revisions"}],"wp:featuredmedia":[{"embeddable":true,"href":"https:\/\/trifasica.com.br\/es\/wp-json\/wp\/v2\/media\/14013"}],"wp:attachment":[{"href":"https:\/\/trifasica.com.br\/es\/wp-json\/wp\/v2\/media?parent=6898"}],"wp:term":[{"taxonomy":"product_brand","embeddable":true,"href":"https:\/\/trifasica.com.br\/es\/wp-json\/wp\/v2\/product_brand?post=6898"},{"taxonomy":"product_cat","embeddable":true,"href":"https:\/\/trifasica.com.br\/es\/wp-json\/wp\/v2\/product_cat?post=6898"},{"taxonomy":"product_tag","embeddable":true,"href":"https:\/\/trifasica.com.br\/es\/wp-json\/wp\/v2\/product_tag?post=6898"}],"curies":[{"name":"wp","href":"https:\/\/api.w.org\/{rel}","templated":true}]}}