{"id":6896,"date":"2021-10-21T08:37:58","date_gmt":"2021-10-21T11:37:58","guid":{"rendered":"http:\/\/sh-pro102.teste.website\/~trifas26\/?post_type=product&#038;p=6896"},"modified":"2026-03-04T09:59:28","modified_gmt":"2026-03-04T12:59:28","slug":"terminacao-desconectavel-15-a-36kv","status":"publish","type":"product","link":"https:\/\/trifasica.com.br\/es\/producto\/terminacao-desconectavel-15-a-36kv\/","title":{"rendered":"Terminaci\u00f3n desconectable de 15 a 36 kV"},"content":{"rendered":"<p>La electricidad trif\u00e1sica tiene <strong>Terminaci\u00f3n desconectable de 15 a 36 kV <\/strong>que proporcionan un medio eficaz para conectar y desconectar cables y equipos en sistemas de energ\u00eda.<strong><br \/>\n<\/strong><\/p>\n<p>Los accesorios LOADBREAK est\u00e1n dise\u00f1ados para operaci\u00f3n energizada (conexi\u00f3n y desconexi\u00f3n), con varillas tipo l\u00ednea viva.<br \/>\nLos componentes se pueden tapar y aislar con capuchas, tapones y bujes.<\/p>\n<p>La l\u00ednea LOADBREAK tambi\u00e9n cuenta con accesorios para puesta a tierra, pruebas, protecci\u00f3n contra descargas atmosf\u00e9ricas y fusibles limitadores de corriente.<br \/>\nSe pueden obtener puntos de conexi\u00f3n adicionales mediante el uso de barras colectoras y conectores de derivaci\u00f3n.<br \/>\nLos accesorios Elastimold son 100% probados en f\u00e1brica y cumplen con todas las pruebas est\u00e1ndar ANSI\/IEEE 386 y NBR 11835\/EB2134, incluida la compatibilidad total.<\/p>\n<p>&nbsp;<\/p>\n<div><strong>Especificaciones actuales:<\/strong><\/div>\n<div>Operaci\u00f3n continua de 200 A<\/div>\n<div>10KA sim\u00e9trico\/10 ciclos<\/div>\n<div><\/div>\n<div><strong>Especificaciones de voltaje:<\/strong><\/div>\n<div>Clase de 15 kV<\/div>\n<div>Fase-Tierra 8,3 kV<\/div>\n<div>Fase-fase 14,4 kV<\/div>\n<div>NBI 95KV<\/div>\n<div>Admite 34 kV CA<\/div>\n<div>Admite 53 kV CC<\/div>\n<div>Extinci\u00f3n de descargas de tensi\u00f3n<\/div>\n<div>Parciales (Corona) 11kV<\/div>\n<div><\/div>\n<div>Clase de 25 kV<\/div>\n<div>Fase-Tierra 15,2 kV<\/div>\n<div>Fase-fase 26,3 kV<\/div>\n<div>NBI 125 kV<\/div>\n<div>Admite 40 kV CA<\/div>\n<div>Admite 78 kV CC<\/div>\n<div>Extinci\u00f3n de descargas de tensi\u00f3n<\/div>\n<div>Parciales (Corona) 19kV<\/div>\n<div><\/div>\n<div>Clase de 35 kV<\/div>\n<div>Fase-Tierra 21,1 kV<\/div>\n<div>Fase-fase 36,6 kV<\/div>\n<div>NBI 150 kV<\/div>\n<div>Admite 50 kV CA<\/div>\n<div>Admite 103 kV CC<\/div>\n<div>Extinci\u00f3n de descargas de tensi\u00f3n<\/div>\n<div>Parciales (Corona) 26kV<\/div>","protected":false},"excerpt":{"rendered":"<p><strong>El\u00e9ctrico trif\u00e1sico<\/strong>, el mayor Centro de Distribuci\u00f3n Avanzada de Brasil 15 a 36kV.<\/p>","protected":false},"featured_media":14015,"comment_status":"closed","ping_status":"closed","template":"","meta":[],"product_brand":[],"product_cat":[63],"product_tag":[145,68],"class_list":{"0":"post-6896","1":"product","2":"type-product","3":"status-publish","4":"has-post-thumbnail","6":"product_cat-terminacoes","7":"product_tag-terminacao-desconectavel-15-a-36kv","8":"product_tag-trifasica-eletrica","10":"first","11":"onbackorder","12":"product-type-simple"},"_links":{"self":[{"href":"https:\/\/trifasica.com.br\/es\/wp-json\/wp\/v2\/product\/6896","targetHints":{"allow":["GET"]}}],"collection":[{"href":"https:\/\/trifasica.com.br\/es\/wp-json\/wp\/v2\/product"}],"about":[{"href":"https:\/\/trifasica.com.br\/es\/wp-json\/wp\/v2\/types\/product"}],"replies":[{"embeddable":true,"href":"https:\/\/trifasica.com.br\/es\/wp-json\/wp\/v2\/comments?post=6896"}],"version-history":[{"count":0,"href":"https:\/\/trifasica.com.br\/es\/wp-json\/wp\/v2\/product\/6896\/revisions"}],"wp:featuredmedia":[{"embeddable":true,"href":"https:\/\/trifasica.com.br\/es\/wp-json\/wp\/v2\/media\/14015"}],"wp:attachment":[{"href":"https:\/\/trifasica.com.br\/es\/wp-json\/wp\/v2\/media?parent=6896"}],"wp:term":[{"taxonomy":"product_brand","embeddable":true,"href":"https:\/\/trifasica.com.br\/es\/wp-json\/wp\/v2\/product_brand?post=6896"},{"taxonomy":"product_cat","embeddable":true,"href":"https:\/\/trifasica.com.br\/es\/wp-json\/wp\/v2\/product_cat?post=6896"},{"taxonomy":"product_tag","embeddable":true,"href":"https:\/\/trifasica.com.br\/es\/wp-json\/wp\/v2\/product_tag?post=6896"}],"curies":[{"name":"wp","href":"https:\/\/api.w.org\/{rel}","templated":true}]}}