{"id":6893,"date":"2021-10-21T08:37:58","date_gmt":"2021-10-21T11:37:58","guid":{"rendered":"http:\/\/sh-pro102.teste.website\/~trifas26\/?post_type=product&#038;p=6893"},"modified":"2026-03-04T09:59:28","modified_gmt":"2026-03-04T12:59:28","slug":"reles-de-protecao","status":"publish","type":"product","link":"https:\/\/trifasica.com.br\/es\/producto\/reles-de-protecao\/","title":{"rendered":"Rel\u00e9s de protecci\u00f3n"},"content":{"rendered":"<p>La electricidad trif\u00e1sica tiene <strong>Rel\u00e9s de protecci\u00f3n\u00a0<\/strong><span class=\"color_18\">Disponible en las siguientes opciones:<\/span><\/p>\n<p class=\"font_8\"><strong>Rel\u00e9 REMP 100 (INTELPROT)<\/strong>\u00a0\u2013 Sobrecorriente multifunci\u00f3n con funciones (50+50N+51+51N+51GS+27+59+74+86+79V+47)<\/p>\n<p class=\"font_8\"><strong>Rel\u00e9 PEXTRON URPE 6104<\/strong>\u00a0\u2013 Sobrecorriente multifunci\u00f3n con funciones (50+50N+51+51N+51GS)<\/p>\n<p class=\"font_8\"><strong>Rel\u00e9 PEXTRON URPE 7104\u00a0<\/strong>Sobrecorriente multifunci\u00f3n con fuente capacitiva en fuente de alimentaci\u00f3n auxiliar con funciones (50+50N+51+51N+51GS)<\/p>\n<p class=\"font_8\"><strong>Rel\u00e9 PEXTRON URP 1439 TU<\/strong>\u00a0\u2013 Multifunci\u00f3n de Sobrecorriente, Subtensi\u00f3n y Sobretensi\u00f3n, Falta e Inversi\u00f3n de Fase, y Salida con Fuente Capacitiva para DISPARO en la Bobina de Apertura \u2013 Recierre Autom\u00e1tico por Tensi\u00f3n con Funciones (50+50N+51+51N+51GS+27+47+59+27-0+86+79+81)<\/p>\n<p class=\"font_8\"><strong>Rel\u00e9 de supervisi\u00f3n trif\u00e1sico PEXTRON \u2013 TST<\/strong>\u00a0\u2013 Microprocesador, digital con volt\u00edmetro. Subtensi\u00f3n, sobretensi\u00f3n, p\u00e9rdida de fase e inversi\u00f3n de fase. Temporizaci\u00f3n de subtensi\u00f3n. Montaje en carril DIN de 35 mm con funciones (27+47+59+60).<\/p>\n<p class=\"font_8\"><strong>Fuente capacitiva \u2013 TCC<\/strong>\u00a0\u2013 Disparador capacitivo para TRIP en la bobina de apertura<\/p>","protected":false},"excerpt":{"rendered":"<p><strong>El\u00e9ctrico trif\u00e1sico<\/strong>, el mayor Centro de Distribuci\u00f3n Avanzada de Brasil 15 a 36kV.<\/p>","protected":false},"featured_media":14023,"comment_status":"closed","ping_status":"closed","template":"","meta":[],"product_brand":[],"product_cat":[66],"product_tag":[141,321],"class_list":{"0":"post-6893","1":"product","2":"type-product","3":"status-publish","4":"has-post-thumbnail","6":"product_cat-paineis-e-reles-2","7":"product_tag-reles-de-protecao","8":"product_tag-relprot","10":"first","11":"onbackorder","12":"product-type-simple"},"_links":{"self":[{"href":"https:\/\/trifasica.com.br\/es\/wp-json\/wp\/v2\/product\/6893","targetHints":{"allow":["GET"]}}],"collection":[{"href":"https:\/\/trifasica.com.br\/es\/wp-json\/wp\/v2\/product"}],"about":[{"href":"https:\/\/trifasica.com.br\/es\/wp-json\/wp\/v2\/types\/product"}],"replies":[{"embeddable":true,"href":"https:\/\/trifasica.com.br\/es\/wp-json\/wp\/v2\/comments?post=6893"}],"version-history":[{"count":0,"href":"https:\/\/trifasica.com.br\/es\/wp-json\/wp\/v2\/product\/6893\/revisions"}],"wp:featuredmedia":[{"embeddable":true,"href":"https:\/\/trifasica.com.br\/es\/wp-json\/wp\/v2\/media\/14023"}],"wp:attachment":[{"href":"https:\/\/trifasica.com.br\/es\/wp-json\/wp\/v2\/media?parent=6893"}],"wp:term":[{"taxonomy":"product_brand","embeddable":true,"href":"https:\/\/trifasica.com.br\/es\/wp-json\/wp\/v2\/product_brand?post=6893"},{"taxonomy":"product_cat","embeddable":true,"href":"https:\/\/trifasica.com.br\/es\/wp-json\/wp\/v2\/product_cat?post=6893"},{"taxonomy":"product_tag","embeddable":true,"href":"https:\/\/trifasica.com.br\/es\/wp-json\/wp\/v2\/product_tag?post=6893"}],"curies":[{"name":"wp","href":"https:\/\/api.w.org\/{rel}","templated":true}]}}