{"id":6873,"date":"2021-10-21T08:37:57","date_gmt":"2021-10-21T11:37:57","guid":{"rendered":"http:\/\/sh-pro102.teste.website\/~trifas26\/?post_type=product&#038;p=6873"},"modified":"2026-03-04T09:59:28","modified_gmt":"2026-03-04T12:59:28","slug":"cruzetas-polimericas-e-madeira","status":"publish","type":"product","link":"https:\/\/trifasica.com.br\/es\/producto\/cruzetas-polimericas-e-madeira\/","title":{"rendered":"Travesa\u00f1os de madera y pol\u00edmero"},"content":{"rendered":"<p>La electricidad trif\u00e1sica tiene <strong>Travesa\u00f1os de madera y pol\u00edmero\u00a0<\/strong>Disponible en las siguientes opciones:<\/p>\n<p class=\"font_8\"><strong>Polim\u00e9rico \u2013 Tama\u00f1o:\u00a0<\/strong><\/p>\n<ul>\n<li class=\"font_8\">90 x 112,5 x 2000 mm<\/li>\n<li class=\"font_8\">90 x 112,5 x 2400 mm<\/li>\n<li class=\"font_8\">90 x 90 x 2000 mm<\/li>\n<\/ul>\n<p class=\"font_8\"><strong>Madera \u2013 Tama\u00f1o:<\/strong><\/p>\n<ul>\n<li class=\"font_8\">90 x 112,5 x 2000 mm<\/li>\n<li class=\"font_8\">90 x 112,5 x 2400 mm<\/li>\n<li class=\"font_8\">90 x 112,5 x 3000 mm<\/li>\n<li class=\"font_8\">90 x 90 x 2000 mm<\/li>\n<li class=\"font_8\">90 x 90 x 2400 mm<\/li>\n<\/ul>","protected":false},"excerpt":{"rendered":"<p><strong>El\u00e9ctrico trif\u00e1sico<\/strong>, el mayor Centro de Distribuci\u00f3n Avanzada de Brasil 15 a 36kV.<\/p>","protected":false},"featured_media":14024,"comment_status":"closed","ping_status":"closed","template":"","meta":[],"product_brand":[],"product_cat":[60],"product_tag":[167,68],"class_list":{"0":"post-6873","1":"product","2":"type-product","3":"status-publish","4":"has-post-thumbnail","6":"product_cat-equipamentos-para-rede","7":"product_tag-cruzetas-polimericas-e-madeira","8":"product_tag-trifasica-eletrica","10":"first","11":"onbackorder","12":"product-type-simple"},"_links":{"self":[{"href":"https:\/\/trifasica.com.br\/es\/wp-json\/wp\/v2\/product\/6873","targetHints":{"allow":["GET"]}}],"collection":[{"href":"https:\/\/trifasica.com.br\/es\/wp-json\/wp\/v2\/product"}],"about":[{"href":"https:\/\/trifasica.com.br\/es\/wp-json\/wp\/v2\/types\/product"}],"replies":[{"embeddable":true,"href":"https:\/\/trifasica.com.br\/es\/wp-json\/wp\/v2\/comments?post=6873"}],"version-history":[{"count":0,"href":"https:\/\/trifasica.com.br\/es\/wp-json\/wp\/v2\/product\/6873\/revisions"}],"wp:featuredmedia":[{"embeddable":true,"href":"https:\/\/trifasica.com.br\/es\/wp-json\/wp\/v2\/media\/14024"}],"wp:attachment":[{"href":"https:\/\/trifasica.com.br\/es\/wp-json\/wp\/v2\/media?parent=6873"}],"wp:term":[{"taxonomy":"product_brand","embeddable":true,"href":"https:\/\/trifasica.com.br\/es\/wp-json\/wp\/v2\/product_brand?post=6873"},{"taxonomy":"product_cat","embeddable":true,"href":"https:\/\/trifasica.com.br\/es\/wp-json\/wp\/v2\/product_cat?post=6873"},{"taxonomy":"product_tag","embeddable":true,"href":"https:\/\/trifasica.com.br\/es\/wp-json\/wp\/v2\/product_tag?post=6873"}],"curies":[{"name":"wp","href":"https:\/\/api.w.org\/{rel}","templated":true}]}}