{"id":6869,"date":"2021-10-21T08:37:55","date_gmt":"2021-10-21T11:37:55","guid":{"rendered":"http:\/\/sh-pro102.teste.website\/~trifas26\/?post_type=product&#038;p=6869"},"modified":"2026-03-04T09:59:31","modified_gmt":"2026-03-04T12:59:31","slug":"cinturao-paraquedista-abdominal","status":"publish","type":"product","link":"https:\/\/trifasica.com.br\/es\/producto\/cinturao-paraquedista-abdominal\/","title":{"rendered":"Cintur\u00f3n de paraca\u00eddas abdominal"},"content":{"rendered":"<p>La electricidad trif\u00e1sica tiene <strong>Cintur\u00f3n de paraca\u00eddas abdominal <\/strong>Fabricado con cinta de poli\u00e9ster principal de 45 mm y cinta de poli\u00e9ster secundaria de 25 mm. Cuenta con 4 puntos de sujeci\u00f3n: una correa pectoral doble de poli\u00e9ster, una media anilla dorsal de acero y dos medias anillas laterales de acero para posicionamiento. Equipado con 5 hebillas de acero sin pasador para ajuste en piernas, cintura y tirantes. Protecci\u00f3n lumbar de EVA.<\/p>\n<p class=\"font_8\"><strong>Objetivo:\u00a0<\/strong>Se utiliza para mantener al trabajador sujeto y seguro siempre que est\u00e9 realizando cualquier actividad en altura, quedando fijado en un punto que le brindar\u00e1 el apoyo necesario para la ejecuci\u00f3n.<br \/>\nde trabajo.<\/p>\n<p><strong>Tama\u00f1o:<\/strong>\u00a0Soltero<\/p>\n<p class=\"font_8\"><strong>NBR 15835\/2010 y NBR 15836\/2010<\/strong><\/p>","protected":false},"excerpt":{"rendered":"<p><strong>El\u00e9ctrico trif\u00e1sico<\/strong>, el mayor Centro de Distribuci\u00f3n Avanzada de Brasil 15 a 36kV.<\/p>","protected":false},"featured_media":14046,"comment_status":"closed","ping_status":"closed","template":"","meta":[],"product_brand":[],"product_cat":[59],"product_tag":[131,68],"class_list":{"0":"post-6869","1":"product","2":"type-product","3":"status-publish","4":"has-post-thumbnail","6":"product_cat-equipamentos-de-seguranca","7":"product_tag-cinturao-paraquedista-abdominal","8":"product_tag-trifasica-eletrica","10":"first","11":"onbackorder","12":"product-type-simple"},"_links":{"self":[{"href":"https:\/\/trifasica.com.br\/es\/wp-json\/wp\/v2\/product\/6869","targetHints":{"allow":["GET"]}}],"collection":[{"href":"https:\/\/trifasica.com.br\/es\/wp-json\/wp\/v2\/product"}],"about":[{"href":"https:\/\/trifasica.com.br\/es\/wp-json\/wp\/v2\/types\/product"}],"replies":[{"embeddable":true,"href":"https:\/\/trifasica.com.br\/es\/wp-json\/wp\/v2\/comments?post=6869"}],"version-history":[{"count":0,"href":"https:\/\/trifasica.com.br\/es\/wp-json\/wp\/v2\/product\/6869\/revisions"}],"wp:featuredmedia":[{"embeddable":true,"href":"https:\/\/trifasica.com.br\/es\/wp-json\/wp\/v2\/media\/14046"}],"wp:attachment":[{"href":"https:\/\/trifasica.com.br\/es\/wp-json\/wp\/v2\/media?parent=6869"}],"wp:term":[{"taxonomy":"product_brand","embeddable":true,"href":"https:\/\/trifasica.com.br\/es\/wp-json\/wp\/v2\/product_brand?post=6869"},{"taxonomy":"product_cat","embeddable":true,"href":"https:\/\/trifasica.com.br\/es\/wp-json\/wp\/v2\/product_cat?post=6869"},{"taxonomy":"product_tag","embeddable":true,"href":"https:\/\/trifasica.com.br\/es\/wp-json\/wp\/v2\/product_tag?post=6869"}],"curies":[{"name":"wp","href":"https:\/\/api.w.org\/{rel}","templated":true}]}}