{"id":6868,"date":"2021-10-21T08:37:55","date_gmt":"2021-10-21T11:37:55","guid":{"rendered":"http:\/\/sh-pro102.teste.website\/~trifas26\/?post_type=product&#038;p=6868"},"modified":"2026-03-04T09:59:31","modified_gmt":"2026-03-04T12:59:31","slug":"placas-de-advertencia","status":"publish","type":"product","link":"https:\/\/trifasica.com.br\/es\/producto\/placas-de-advertencia\/","title":{"rendered":"Se\u00f1ales de advertencia"},"content":{"rendered":"<p>La electricidad trif\u00e1sica tiene <strong>Se\u00f1ales de advertencia <\/strong>en las siguientes opciones:<\/p>\n<p><strong>Refranes:<\/strong><br \/>\n\u201cPeligro de muerte por alto voltaje\u201d<br \/>\n\u201cPeligro de muerte por cable con corriente\u201d<br \/>\n\u201cEste interruptor no debe accionarse bajo carga\u201d.<br \/>\n\u201cNo opere este interruptor bajo carga\u201d<br \/>\n<strong>Material:<\/strong> Aluminio<br \/>\n<strong>Tama\u00f1o:<\/strong> 170 x 240 mil\u00edmetros<\/p>\n<p><strong>Refranes:<\/strong><br \/>\n\u201cPeligro de muerte por alto voltaje\u201d<br \/>\n<strong>Material:<\/strong> CLORURO DE POLIVINILO<br \/>\n<strong>Tama\u00f1o:<\/strong> 470 x 330 mil\u00edmetros<br \/>\n<strong>Est\u00e1ndar CPFL<\/strong><\/p>\n<p><strong>Refranes:<\/strong><br \/>\n&quot;Neutral&quot;<br \/>\n&quot;Tierra&quot;<br \/>\n<strong>Material:<\/strong> CLORURO DE POLIVINILO<br \/>\n<strong>Tama\u00f1o:<\/strong> 35 x 90 mil\u00edmetros<\/p>","protected":false},"excerpt":{"rendered":"<p><strong>El\u00e9ctrico trif\u00e1sico<\/strong>, el mayor Centro de Distribuci\u00f3n Avanzada de Brasil 15 a 36kV.<\/p>","protected":false},"featured_media":14047,"comment_status":"closed","ping_status":"closed","template":"","meta":[],"product_brand":[],"product_cat":[59],"product_tag":[130,68],"class_list":{"0":"post-6868","1":"product","2":"type-product","3":"status-publish","4":"has-post-thumbnail","6":"product_cat-equipamentos-de-seguranca","7":"product_tag-placas-de-advertencia","8":"product_tag-trifasica-eletrica","10":"first","11":"onbackorder","12":"product-type-simple"},"_links":{"self":[{"href":"https:\/\/trifasica.com.br\/es\/wp-json\/wp\/v2\/product\/6868","targetHints":{"allow":["GET"]}}],"collection":[{"href":"https:\/\/trifasica.com.br\/es\/wp-json\/wp\/v2\/product"}],"about":[{"href":"https:\/\/trifasica.com.br\/es\/wp-json\/wp\/v2\/types\/product"}],"replies":[{"embeddable":true,"href":"https:\/\/trifasica.com.br\/es\/wp-json\/wp\/v2\/comments?post=6868"}],"version-history":[{"count":0,"href":"https:\/\/trifasica.com.br\/es\/wp-json\/wp\/v2\/product\/6868\/revisions"}],"wp:featuredmedia":[{"embeddable":true,"href":"https:\/\/trifasica.com.br\/es\/wp-json\/wp\/v2\/media\/14047"}],"wp:attachment":[{"href":"https:\/\/trifasica.com.br\/es\/wp-json\/wp\/v2\/media?parent=6868"}],"wp:term":[{"taxonomy":"product_brand","embeddable":true,"href":"https:\/\/trifasica.com.br\/es\/wp-json\/wp\/v2\/product_brand?post=6868"},{"taxonomy":"product_cat","embeddable":true,"href":"https:\/\/trifasica.com.br\/es\/wp-json\/wp\/v2\/product_cat?post=6868"},{"taxonomy":"product_tag","embeddable":true,"href":"https:\/\/trifasica.com.br\/es\/wp-json\/wp\/v2\/product_tag?post=6868"}],"curies":[{"name":"wp","href":"https:\/\/api.w.org\/{rel}","templated":true}]}}