{"id":6866,"date":"2021-10-21T08:37:55","date_gmt":"2021-10-21T11:37:55","guid":{"rendered":"http:\/\/sh-pro102.teste.website\/~trifas26\/?post_type=product&#038;p=6866"},"modified":"2026-02-23T18:00:36","modified_gmt":"2026-02-23T21:00:36","slug":"detector-de-tensao-por-aproximacao","status":"publish","type":"product","link":"https:\/\/trifasica.com.br\/es\/producto\/detector-de-tensao-por-aproximacao\/","title":{"rendered":"Detector de voltaje de proximidad BT-MT-AT"},"content":{"rendered":"<p>La electricidad trif\u00e1sica tiene <strong>Detector de voltaje de aproximaci\u00f3n <\/strong>Incluye un estuche protector forrado. No incluye pilas.<\/p>\n<p><strong>Material:<\/strong> Fabricado en caja de PS de alto impacto, tapa inyectada en ABS con 2 boquillas met\u00e1licas en el extremo para<br \/>\nmejor fijaci\u00f3n en el palo\/varilla<br \/>\nmaniobra.<\/p>\n<p><strong>Campo el\u00e9ctrico:<\/strong><br \/>\nBaja tensi\u00f3n = 100 V a 9 kV<br \/>\nMedia Tensi\u00f3n = 9 a 50 kV<\/p>\n<p><strong>DETECTOR DE ALTO VOLTAJE SIN CONTACTO<\/strong><br \/>\nViene con funda protectora.<\/p>\n<p><strong>Indicaci\u00f3n de sonido:<\/strong> Bocina de alto nivel de sonido<br \/>\n<strong>Indicaci\u00f3n visual:<\/strong> 3 LED de alto brillo y baja corriente<br \/>\n<strong>Alimento:<\/strong> Tres bater\u00edas tipo C de 1,5 V<br \/>\n<strong>Grado de protecci\u00f3n:<\/strong> IP65<br \/>\n<strong>Peso aproximado:<\/strong> 600 gramos<br \/>\n<strong>Dimensiones:<\/strong> 229 x 86 mil\u00edmetros<br \/>\n<strong>Aplicaciones:<\/strong> Identificar y comprobar cables y l\u00edneas activos; Comprobar y detectar cables de alto voltaje activos (utilizando una varilla de extensi\u00f3n); Encontrar fallas en cables flexibles; Comprobar la conexi\u00f3n a tierra del equipo; Mantener l\u00e1mparas de ne\u00f3n; Rastrear l\u00edneas activas; Comprobar la radiaci\u00f3n de alta frecuencia; Detectar voltajes residuales o inducidos.<br \/>\n<strong>Rango:<\/strong> 240 V a 500 kV<\/p>","protected":false},"excerpt":{"rendered":"<p><strong>El\u00e9ctrico trif\u00e1sico<\/strong>, el mayor Centro de Distribuci\u00f3n Avanzada de Brasil 15 a 36kV.<\/p>","protected":false},"featured_media":14048,"comment_status":"closed","ping_status":"closed","template":"","meta":[],"product_brand":[],"product_cat":[59],"product_tag":[353,354],"class_list":{"0":"post-6866","1":"product","2":"type-product","3":"status-publish","4":"has-post-thumbnail","6":"product_cat-equipamentos-de-seguranca","7":"product_tag-detector-de-tensao","8":"product_tag-fg","10":"first","11":"instock","12":"featured","13":"taxable","14":"shipping-taxable","15":"purchasable","16":"product-type-simple"},"_links":{"self":[{"href":"https:\/\/trifasica.com.br\/es\/wp-json\/wp\/v2\/product\/6866","targetHints":{"allow":["GET"]}}],"collection":[{"href":"https:\/\/trifasica.com.br\/es\/wp-json\/wp\/v2\/product"}],"about":[{"href":"https:\/\/trifasica.com.br\/es\/wp-json\/wp\/v2\/types\/product"}],"replies":[{"embeddable":true,"href":"https:\/\/trifasica.com.br\/es\/wp-json\/wp\/v2\/comments?post=6866"}],"version-history":[{"count":0,"href":"https:\/\/trifasica.com.br\/es\/wp-json\/wp\/v2\/product\/6866\/revisions"}],"wp:featuredmedia":[{"embeddable":true,"href":"https:\/\/trifasica.com.br\/es\/wp-json\/wp\/v2\/media\/14048"}],"wp:attachment":[{"href":"https:\/\/trifasica.com.br\/es\/wp-json\/wp\/v2\/media?parent=6866"}],"wp:term":[{"taxonomy":"product_brand","embeddable":true,"href":"https:\/\/trifasica.com.br\/es\/wp-json\/wp\/v2\/product_brand?post=6866"},{"taxonomy":"product_cat","embeddable":true,"href":"https:\/\/trifasica.com.br\/es\/wp-json\/wp\/v2\/product_cat?post=6866"},{"taxonomy":"product_tag","embeddable":true,"href":"https:\/\/trifasica.com.br\/es\/wp-json\/wp\/v2\/product_tag?post=6866"}],"curies":[{"name":"wp","href":"https:\/\/api.w.org\/{rel}","templated":true}]}}