{"id":6863,"date":"2021-10-21T08:37:55","date_gmt":"2021-10-21T11:37:55","guid":{"rendered":"http:\/\/sh-pro102.teste.website\/~trifas26\/?post_type=product&#038;p=6863"},"modified":"2026-03-04T09:59:31","modified_gmt":"2026-03-04T12:59:31","slug":"vestimenta-arco-eletrico-nr10-risco-ii","status":"publish","type":"product","link":"https:\/\/trifasica.com.br\/es\/producto\/vestimenta-arco-eletrico-nr10-risco-ii\/","title":{"rendered":"Ropa de protecci\u00f3n contra arco el\u00e9ctrico NR10 \u2013 Riesgo II"},"content":{"rendered":"<p>La electricidad trif\u00e1sica tiene <strong>Ropa de protecci\u00f3n contra arco el\u00e9ctrico NR10 \u2013 Riesgo II <\/strong>Desarrollado con una capa de tejido ign\u00edfugo. ATPV 11 cal\/cm2, clase 2.<\/p>\n<p><strong>Pantalones:<\/strong> Cintura el\u00e1stica con bolsillos y tiras reflectantes.<\/p>\n<p><strong>Camisa:<\/strong> Manga larga, con bolsillos y bandas reflectantes.<\/p>\n<p><strong>Objetivo:<\/strong> Pantal\u00f3n y camisa de protecci\u00f3n contra riesgos derivados del arco el\u00e9ctrico (NR-10) e incendio repentino.<br \/>\n<strong>Tama\u00f1o:<\/strong> Tallas S, M, L, XL<br \/>\n<strong>Color:<\/strong> Gris<br \/>\n*Otras opciones de color disponibles a pedido.<\/p>\n<p><strong>Mono:<\/strong><br \/>\n<strong>Material:<\/strong> Desarrollado con una capa de tejido ign\u00edfugo. ATPV 11 cal\/cm\u00b2, clase 2.<br \/>\nMangas largas, pu\u00f1os acampanados, con bolsillos y bandas reflectantes.<\/p>\n<p><strong>Objetivo:<\/strong> Traje de protecci\u00f3n contra riesgos derivados del arco el\u00e9ctrico (NR-10) e incendio repentino.<br \/>\n<strong>Tama\u00f1o:<\/strong> Tallas S, M, L, XL<br \/>\n<strong>Bandera:<\/strong> Azul o gris<br \/>\n*Otras opciones de color disponibles a pedido.<\/p>\n<p><strong>Easy Porter<\/strong><br \/>\n<strong>Arco voltaico<\/strong><br \/>\n<strong>Material:<\/strong> Protector facial ATPV 17.8, con lente de policarbonato verde, protecci\u00f3n para la barbilla, fijado a un casco de pl\u00e1stico clase \u201cB\u201d mediante un soporte con sencillo ajuste de posici\u00f3n.<br \/>\n<strong>Objetivo:<\/strong> Protector facial desarrollado para proteger a los electricistas (NR-10) contra los riesgos de arco el\u00e9ctrico y<br \/>\nincendio repentino.<br \/>\n* Para extender la protecci\u00f3n a la cabeza, cuello y orejas, recomendamos usarlo junto con una capucha pasamonta\u00f1as.<\/p>\n<p><strong>Capucha pasamonta\u00f1as<\/strong><br \/>\n<strong>Material:<\/strong> Fabricado con una \u00fanica capa de malla ign\u00edfuga de 12,0 ATPV.<br \/>\n<strong>Objetivo:<\/strong> Protege contra arco el\u00e9ctrico hasta NFPA 70E Hazard II.<\/p>","protected":false},"excerpt":{"rendered":"<p><strong>El\u00e9ctrico trif\u00e1sico<\/strong>, el mayor Centro de Distribuci\u00f3n Avanzada de Brasil 15 a 36kV.<\/p>","protected":false},"featured_media":14042,"comment_status":"closed","ping_status":"closed","template":"","meta":[],"product_brand":[],"product_cat":[59],"product_tag":[68,125],"class_list":{"0":"post-6863","1":"product","2":"type-product","3":"status-publish","4":"has-post-thumbnail","6":"product_cat-equipamentos-de-seguranca","7":"product_tag-trifasica-eletrica","8":"product_tag-vestimenta-arco-eletrico-nr10","10":"first","11":"onbackorder","12":"product-type-simple"},"_links":{"self":[{"href":"https:\/\/trifasica.com.br\/es\/wp-json\/wp\/v2\/product\/6863","targetHints":{"allow":["GET"]}}],"collection":[{"href":"https:\/\/trifasica.com.br\/es\/wp-json\/wp\/v2\/product"}],"about":[{"href":"https:\/\/trifasica.com.br\/es\/wp-json\/wp\/v2\/types\/product"}],"replies":[{"embeddable":true,"href":"https:\/\/trifasica.com.br\/es\/wp-json\/wp\/v2\/comments?post=6863"}],"version-history":[{"count":0,"href":"https:\/\/trifasica.com.br\/es\/wp-json\/wp\/v2\/product\/6863\/revisions"}],"wp:featuredmedia":[{"embeddable":true,"href":"https:\/\/trifasica.com.br\/es\/wp-json\/wp\/v2\/media\/14042"}],"wp:attachment":[{"href":"https:\/\/trifasica.com.br\/es\/wp-json\/wp\/v2\/media?parent=6863"}],"wp:term":[{"taxonomy":"product_brand","embeddable":true,"href":"https:\/\/trifasica.com.br\/es\/wp-json\/wp\/v2\/product_brand?post=6863"},{"taxonomy":"product_cat","embeddable":true,"href":"https:\/\/trifasica.com.br\/es\/wp-json\/wp\/v2\/product_cat?post=6863"},{"taxonomy":"product_tag","embeddable":true,"href":"https:\/\/trifasica.com.br\/es\/wp-json\/wp\/v2\/product_tag?post=6863"}],"curies":[{"name":"wp","href":"https:\/\/api.w.org\/{rel}","templated":true}]}}