{"id":6862,"date":"2021-10-21T08:37:55","date_gmt":"2021-10-21T11:37:55","guid":{"rendered":"http:\/\/sh-pro102.teste.website\/~trifas26\/?post_type=product&#038;p=6862"},"modified":"2026-03-04T09:59:31","modified_gmt":"2026-03-04T12:59:31","slug":"vestimenta-arco-eletrico-nr10-risco-iv","status":"publish","type":"product","link":"https:\/\/trifasica.com.br\/es\/producto\/vestimenta-arco-eletrico-nr10-risco-iv\/","title":{"rendered":"Ropa de protecci\u00f3n contra arco el\u00e9ctrico NR10 \u2013 Riesgo IV"},"content":{"rendered":"<p>La electricidad trif\u00e1sica tiene <strong>Ropa de protecci\u00f3n contra arco el\u00e9ctrico NR10 \u2013 Riesgo IV <\/strong>Desarrollado con m\u00faltiples capas de tejido ign\u00edfugo. ATPV 43 cal\/cm\u00b2, clase 4.<\/p>\n<p><strong>Pantalones:<\/strong> Cintura el\u00e1stica con bolsillos y tiras reflectantes.<\/p>\n<p><strong>Chaqueta:<\/strong> Manga larga, sin bolsillos y bandas reflectantes.<\/p>\n<p><strong>Objetivo:<\/strong> Pantal\u00f3n y chaqueta de protecci\u00f3n contra riesgos derivados del arco el\u00e9ctrico (NR-10) e incendio repentino.<br \/>\n<strong>Tama\u00f1o:<\/strong> Tallas S, M, L, XL<br \/>\n<strong>Bandera:<\/strong> Azul o gris<br \/>\n*Otras opciones de color disponibles a pedido.<\/p>\n<div id=\"comp-k9hqjlta\" class=\"_1Q9if\" data-testid=\"richTextElement\">\n<p class=\"font_8\"><strong>Mono:<\/strong><br \/>\n<strong>Material:<\/strong> Desarrollado con tejido ign\u00edfugo multicapa. ATPV 43 cal\/cm\u00b2, clase 4.<br \/>\nMangas largas, pu\u00f1os acampanados, con bolsillos y bandas reflectantes.<br \/>\n<strong>Objetivo:<\/strong>\u00a0Traje de protecci\u00f3n contra riesgos derivados del arco el\u00e9ctrico (NR-10) e incendio repentino.<br \/>\n<strong>Tama\u00f1o:<\/strong>\u00a0Tallas S, M, L, XL<br \/>\n<strong>Bandera:<\/strong>\u00a0Azul o gris<br \/>\n*Otras opciones de color disponibles a pedido.<\/p>\n<\/div>\n<div id=\"comp-k9hqkbht\" class=\"_1Q9if\" data-testid=\"richTextElement\">\n<p class=\"font_8\"><strong>Capucha- Riesgo IV:<\/strong><br \/>\n<strong>Material:<\/strong>\u00a0Compuesto de tejido ign\u00edfugo multicapa. ATPV 43 cal\/cm\u00b2. Compuesto internamente por un casco diel\u00e9ctrico clase B, un soporte diel\u00e9ctrico y una visera de policarbonato \u00e1mbar.<br \/>\n<strong>Objetivo:<\/strong> Capucha para protecci\u00f3n de electricistas (NR-10) contra riesgos t\u00e9rmicos (arco el\u00e9ctrico e incendio repentino).<br \/>\n<strong>Tama\u00f1o:<\/strong>\u00a0Soltero<br \/>\n<strong>Color:<\/strong>\u00a0Azul<\/p>\n<\/div>","protected":false},"excerpt":{"rendered":"<p><strong>El\u00e9ctrico trif\u00e1sico<\/strong>, el mayor Centro de Distribuci\u00f3n Avanzada de Brasil 15 a 36kV.<\/p>","protected":false},"featured_media":14041,"comment_status":"closed","ping_status":"closed","template":"","meta":[],"product_brand":[],"product_cat":[59],"product_tag":[68,125],"class_list":{"0":"post-6862","1":"product","2":"type-product","3":"status-publish","4":"has-post-thumbnail","6":"product_cat-equipamentos-de-seguranca","7":"product_tag-trifasica-eletrica","8":"product_tag-vestimenta-arco-eletrico-nr10","10":"first","11":"onbackorder","12":"product-type-simple"},"_links":{"self":[{"href":"https:\/\/trifasica.com.br\/es\/wp-json\/wp\/v2\/product\/6862","targetHints":{"allow":["GET"]}}],"collection":[{"href":"https:\/\/trifasica.com.br\/es\/wp-json\/wp\/v2\/product"}],"about":[{"href":"https:\/\/trifasica.com.br\/es\/wp-json\/wp\/v2\/types\/product"}],"replies":[{"embeddable":true,"href":"https:\/\/trifasica.com.br\/es\/wp-json\/wp\/v2\/comments?post=6862"}],"version-history":[{"count":0,"href":"https:\/\/trifasica.com.br\/es\/wp-json\/wp\/v2\/product\/6862\/revisions"}],"wp:featuredmedia":[{"embeddable":true,"href":"https:\/\/trifasica.com.br\/es\/wp-json\/wp\/v2\/media\/14041"}],"wp:attachment":[{"href":"https:\/\/trifasica.com.br\/es\/wp-json\/wp\/v2\/media?parent=6862"}],"wp:term":[{"taxonomy":"product_brand","embeddable":true,"href":"https:\/\/trifasica.com.br\/es\/wp-json\/wp\/v2\/product_brand?post=6862"},{"taxonomy":"product_cat","embeddable":true,"href":"https:\/\/trifasica.com.br\/es\/wp-json\/wp\/v2\/product_cat?post=6862"},{"taxonomy":"product_tag","embeddable":true,"href":"https:\/\/trifasica.com.br\/es\/wp-json\/wp\/v2\/product_tag?post=6862"}],"curies":[{"name":"wp","href":"https:\/\/api.w.org\/{rel}","templated":true}]}}