{"id":6861,"date":"2021-10-21T08:37:55","date_gmt":"2021-10-21T11:37:55","guid":{"rendered":"http:\/\/sh-pro102.teste.website\/~trifas26\/?post_type=product&#038;p=6861"},"modified":"2026-04-02T17:21:39","modified_gmt":"2026-04-02T20:21:39","slug":"estrado-isolante-de-borracha-20kv","status":"publish","type":"product","link":"https:\/\/trifasica.com.br\/es\/producto\/estrado-isolante-de-borracha-20kv\/","title":{"rendered":"Estera aislante de caucho de 20 kV"},"content":{"rendered":"<p>La electricidad trif\u00e1sica tiene <strong>Plataforma aislante de caucho <\/strong>Desarrollado para uso en cabinas el\u00e9ctricas, excelente aislamiento el\u00e9ctrico y f\u00e1cil aplicaci\u00f3n.<\/p>\n<p>\u200b<strong>Tipo:<\/strong> 20 kV<br \/>\n<strong>Tama\u00f1o:<\/strong><br \/>\n1,0 x 1,0 m \u2013 espesor: 25 mm<\/p>\n<p><strong>Tipo: 40 kV<\/strong><br \/>\n<strong>Tama\u00f1o:<\/strong><br \/>\n1,0 x 1,0 m \u2013 espesor: 25 mm<\/p>\n<p>&nbsp;<\/p>\n<table id=\"theTable\" class=\"footable table outerBorder footable-1 breakpoint-x-small\" dir=\"auto\" data-paging=\"false\" data-cascade=\"true\" data-filter-min=\"3\" data-paging-size=\"5\" data-useparentwidth=\"true\" data-filter-container=\"#filterBox\" data-filter-connectors=\"false\" data-use-parent-width=\"false\" data-sorting=\"false\" data-filtering=\"false\" data-filter-filters=\"[]\" data-filter-placeholder=\"Buscar\" data-filter-position=\"right\" data-show-header=\"true\">\n<thead>\n<tr class=\"footable-header\">\n<th class=\"wixColumns footable-first-visible\">CLASE<\/th>\n<th class=\"wixColumns\">TENSI\u00d3N DE PRUEBA (voltios)<\/th>\n<th class=\"wixColumns footable-last-visible\">VOLTAJE M\u00c1XIMO DE USO (voltios)<\/th>\n<\/tr>\n<\/thead>\n<tbody>\n<tr class=\"footableOdd\">\n<td class=\"wixColumns footable-first-visible\" style=\"text-align: center\">2<\/td>\n<td class=\"wixColumns\" style=\"text-align: center\">20.000<\/td>\n<td class=\"wixColumns footable-last-visible\" style=\"text-align: center\">17.000<\/td>\n<\/tr>\n<tr class=\"footableEven\">\n<td class=\"wixColumns footable-first-visible\" style=\"text-align: center\">4<\/td>\n<td class=\"wixColumns\" style=\"text-align: center\">40.000<\/td>\n<td class=\"wixColumns footable-last-visible\" style=\"text-align: center\">36.000<\/td>\n<\/tr>\n<\/tbody>\n<\/table>","protected":false},"excerpt":{"rendered":"<p><strong>El\u00e9ctrico trif\u00e1sico<\/strong>, el mayor Centro de Distribuci\u00f3n Avanzada de Brasil 15 a 36kV.<\/p>","protected":false},"featured_media":14032,"comment_status":"closed","ping_status":"closed","template":"","meta":[],"product_brand":[],"product_cat":[59],"product_tag":[360,359],"class_list":{"0":"post-6861","1":"product","2":"type-product","3":"status-publish","4":"has-post-thumbnail","6":"product_cat-equipamentos-de-seguranca","7":"product_tag-clp","8":"product_tag-estrado-isolante","10":"first","11":"instock","12":"featured","13":"taxable","14":"shipping-taxable","15":"purchasable","16":"product-type-simple"},"_links":{"self":[{"href":"https:\/\/trifasica.com.br\/es\/wp-json\/wp\/v2\/product\/6861","targetHints":{"allow":["GET"]}}],"collection":[{"href":"https:\/\/trifasica.com.br\/es\/wp-json\/wp\/v2\/product"}],"about":[{"href":"https:\/\/trifasica.com.br\/es\/wp-json\/wp\/v2\/types\/product"}],"replies":[{"embeddable":true,"href":"https:\/\/trifasica.com.br\/es\/wp-json\/wp\/v2\/comments?post=6861"}],"version-history":[{"count":0,"href":"https:\/\/trifasica.com.br\/es\/wp-json\/wp\/v2\/product\/6861\/revisions"}],"wp:featuredmedia":[{"embeddable":true,"href":"https:\/\/trifasica.com.br\/es\/wp-json\/wp\/v2\/media\/14032"}],"wp:attachment":[{"href":"https:\/\/trifasica.com.br\/es\/wp-json\/wp\/v2\/media?parent=6861"}],"wp:term":[{"taxonomy":"product_brand","embeddable":true,"href":"https:\/\/trifasica.com.br\/es\/wp-json\/wp\/v2\/product_brand?post=6861"},{"taxonomy":"product_cat","embeddable":true,"href":"https:\/\/trifasica.com.br\/es\/wp-json\/wp\/v2\/product_cat?post=6861"},{"taxonomy":"product_tag","embeddable":true,"href":"https:\/\/trifasica.com.br\/es\/wp-json\/wp\/v2\/product_tag?post=6861"}],"curies":[{"name":"wp","href":"https:\/\/api.w.org\/{rel}","templated":true}]}}