{"id":6857,"date":"2021-10-21T08:37:55","date_gmt":"2021-10-21T11:37:55","guid":{"rendered":"http:\/\/sh-pro102.teste.website\/~trifas26\/?post_type=product&#038;p=6857"},"modified":"2026-04-13T16:23:07","modified_gmt":"2026-04-13T19:23:07","slug":"luva-de-borracha-isolante","status":"publish","type":"product","link":"https:\/\/trifasica.com.br\/es\/producto\/luva-de-borracha-isolante\/","title":{"rendered":"Guante aislante 15 kV Clase 2"},"content":{"rendered":"<p>La electricidad trif\u00e1sica tiene <strong>Guantes de goma aislantes <\/strong>Protegen las manos y las mu\u00f1ecas contra descargas el\u00e9ctricas y permiten una total independencia de movimiento de los dedos. Deben usarse con guantes de protecci\u00f3n, manteniendo una distancia adecuada entre el extremo del guante protector y el borde del guante aislante de goma para evitar descargas el\u00e9ctricas.<\/p>\n<p><strong>Voltaje:<\/strong> 2.500 V a 40.000 V<br \/>\n<strong>Color:<\/strong> Negro<\/p>\n<table id=\"theTable\" class=\"footable table outerBorder footable-1 breakpoint-x-small\" dir=\"auto\" data-paging=\"false\" data-cascade=\"true\" data-filter-min=\"3\" data-paging-size=\"5\" data-useparentwidth=\"true\" data-filter-container=\"#filterBox\" data-filter-connectors=\"false\" data-use-parent-width=\"false\" data-sorting=\"false\" data-filtering=\"false\" data-filter-filters=\"[]\" data-filter-placeholder=\"Buscar\" data-filter-position=\"right\" data-show-header=\"true\">\n<thead>\n<tr class=\"footable-header\">\n<th class=\"wixColumns footable-first-visible\">CLASE<\/th>\n<th class=\"wixColumns\">TENSI\u00d3N DE PRUEBA (voltios)<\/th>\n<th class=\"wixColumns footable-last-visible\">VOLTAJE M\u00c1XIMO DE USO (voltios)<\/th>\n<\/tr>\n<\/thead>\n<tbody>\n<tr class=\"footableOdd\">\n<td class=\"wixColumns footable-first-visible\" style=\"text-align: center\">00<\/td>\n<td class=\"wixColumns\" style=\"text-align: center\">2.500<\/td>\n<td class=\"wixColumns footable-last-visible\" style=\"text-align: center\">500<\/td>\n<\/tr>\n<tr class=\"footableEven\">\n<td class=\"wixColumns footable-first-visible\" style=\"text-align: center\">0<\/td>\n<td class=\"wixColumns\" style=\"text-align: center\">5.000<\/td>\n<td class=\"wixColumns footable-last-visible\" style=\"text-align: center\">1.000<\/td>\n<\/tr>\n<tr class=\"footableOdd\">\n<td class=\"wixColumns footable-first-visible\" style=\"text-align: center\">1<\/td>\n<td class=\"wixColumns\" style=\"text-align: center\">10.000<\/td>\n<td class=\"wixColumns footable-last-visible\" style=\"text-align: center\">7.500<\/td>\n<\/tr>\n<tr class=\"footableEven\">\n<td class=\"wixColumns footable-first-visible\" style=\"text-align: center\">2<\/td>\n<td class=\"wixColumns\" style=\"text-align: center\">20.000<\/td>\n<td class=\"wixColumns footable-last-visible\" style=\"text-align: center\">17.000<\/td>\n<\/tr>\n<tr class=\"footableOdd\">\n<td class=\"wixColumns footable-first-visible\" style=\"text-align: center\">3<\/td>\n<td class=\"wixColumns\" style=\"text-align: center\">30.000<\/td>\n<td class=\"wixColumns footable-last-visible\" style=\"text-align: center\">26.500<\/td>\n<\/tr>\n<tr class=\"footableEven\">\n<td class=\"wixColumns footable-first-visible\" style=\"text-align: center\">4<\/td>\n<td class=\"wixColumns\" style=\"text-align: center\">40.000<\/td>\n<td class=\"wixColumns footable-last-visible\" style=\"text-align: center\">36.000<\/td>\n<\/tr>\n<\/tbody>\n<\/table>\n<p><strong>GUANTE DE CUERO<\/strong><br \/>\n(Guante protector para guante de goma)<\/p>\n<p><strong>Objetivo:<\/strong> Se utiliza para la protecci\u00f3n de guantes de goma.<\/p>","protected":false},"excerpt":{"rendered":"<p><strong>El\u00e9ctrico trif\u00e1sico<\/strong>, el mayor Centro de Distribuci\u00f3n Avanzada de Brasil 15 a 36kV.<\/p>","protected":false},"featured_media":14037,"comment_status":"closed","ping_status":"closed","template":"","meta":[],"product_brand":[],"product_cat":[59],"product_tag":[120,341],"class_list":{"0":"post-6857","1":"product","2":"type-product","3":"status-publish","4":"has-post-thumbnail","6":"product_cat-equipamentos-de-seguranca","7":"product_tag-luva-de-borracha-isolante","8":"product_tag-prt","10":"first","11":"instock","12":"featured","13":"taxable","14":"shipping-taxable","15":"purchasable","16":"product-type-simple"},"_links":{"self":[{"href":"https:\/\/trifasica.com.br\/es\/wp-json\/wp\/v2\/product\/6857","targetHints":{"allow":["GET"]}}],"collection":[{"href":"https:\/\/trifasica.com.br\/es\/wp-json\/wp\/v2\/product"}],"about":[{"href":"https:\/\/trifasica.com.br\/es\/wp-json\/wp\/v2\/types\/product"}],"replies":[{"embeddable":true,"href":"https:\/\/trifasica.com.br\/es\/wp-json\/wp\/v2\/comments?post=6857"}],"version-history":[{"count":0,"href":"https:\/\/trifasica.com.br\/es\/wp-json\/wp\/v2\/product\/6857\/revisions"}],"wp:featuredmedia":[{"embeddable":true,"href":"https:\/\/trifasica.com.br\/es\/wp-json\/wp\/v2\/media\/14037"}],"wp:attachment":[{"href":"https:\/\/trifasica.com.br\/es\/wp-json\/wp\/v2\/media?parent=6857"}],"wp:term":[{"taxonomy":"product_brand","embeddable":true,"href":"https:\/\/trifasica.com.br\/es\/wp-json\/wp\/v2\/product_brand?post=6857"},{"taxonomy":"product_cat","embeddable":true,"href":"https:\/\/trifasica.com.br\/es\/wp-json\/wp\/v2\/product_cat?post=6857"},{"taxonomy":"product_tag","embeddable":true,"href":"https:\/\/trifasica.com.br\/es\/wp-json\/wp\/v2\/product_tag?post=6857"}],"curies":[{"name":"wp","href":"https:\/\/api.w.org\/{rel}","templated":true}]}}