{"id":6848,"date":"2021-10-21T08:37:55","date_gmt":"2021-10-21T11:37:55","guid":{"rendered":"http:\/\/sh-pro102.teste.website\/~trifas26\/?post_type=product&#038;p=6848"},"modified":"2026-03-04T09:59:30","modified_gmt":"2026-03-04T12:59:30","slug":"disjuntor-siemens-com-tp-tc-chave-seccionadora-e-para-raios","status":"publish","type":"product","link":"https:\/\/trifasica.com.br\/es\/producto\/disjuntor-siemens-com-tp-tc-chave-seccionadora-e-para-raios\/","title":{"rendered":"Interruptor autom\u00e1tico Siemens con TP, TC, seccionador y pararrayos"},"content":{"rendered":"<p>La electricidad trif\u00e1sica tiene<strong> Interruptor autom\u00e1tico Siemens con TP, TC, seccionador y pararrayos <\/strong>Interruptor autom\u00e1tico motorizado de vac\u00edo con panel de protecci\u00f3n integrado, transformadores de corriente, transformadores de potencial, seccionador y pararrayos. Disponible en las siguientes opciones:<\/p>\n<p><strong>kV:<\/strong> 17,5<\/p>\n<p><strong>EL:<\/strong> 800<\/p>\n<p><strong>KA:<\/strong> 16<\/p>\n<p><strong>Motorizado<\/strong><\/p>\n<p><strong>VCA:<\/strong> 110 o 220 V (BA + BF + CA)<\/p>\n<p>&nbsp;<\/p>\n<p>&nbsp;<\/p>","protected":false},"excerpt":{"rendered":"<p><strong>El\u00e9ctrico trif\u00e1sico<\/strong>, el mayor Centro de Distribuci\u00f3n Avanzada de Brasil 15 a 36kV.<\/p>","protected":false},"featured_media":13840,"comment_status":"closed","ping_status":"closed","template":"","meta":[],"product_brand":[],"product_cat":[58],"product_tag":[107,104,105,68],"class_list":{"0":"post-6848","1":"product","2":"type-product","3":"status-publish","4":"has-post-thumbnail","6":"product_cat-disjuntores","7":"product_tag-disjuntor-siemens","8":"product_tag-disjuntor-siemens-com-tp-e-tc","9":"product_tag-disjuntores","10":"product_tag-trifasica-eletrica","12":"first","13":"onbackorder","14":"product-type-simple"},"_links":{"self":[{"href":"https:\/\/trifasica.com.br\/es\/wp-json\/wp\/v2\/product\/6848","targetHints":{"allow":["GET"]}}],"collection":[{"href":"https:\/\/trifasica.com.br\/es\/wp-json\/wp\/v2\/product"}],"about":[{"href":"https:\/\/trifasica.com.br\/es\/wp-json\/wp\/v2\/types\/product"}],"replies":[{"embeddable":true,"href":"https:\/\/trifasica.com.br\/es\/wp-json\/wp\/v2\/comments?post=6848"}],"version-history":[{"count":0,"href":"https:\/\/trifasica.com.br\/es\/wp-json\/wp\/v2\/product\/6848\/revisions"}],"wp:featuredmedia":[{"embeddable":true,"href":"https:\/\/trifasica.com.br\/es\/wp-json\/wp\/v2\/media\/13840"}],"wp:attachment":[{"href":"https:\/\/trifasica.com.br\/es\/wp-json\/wp\/v2\/media?parent=6848"}],"wp:term":[{"taxonomy":"product_brand","embeddable":true,"href":"https:\/\/trifasica.com.br\/es\/wp-json\/wp\/v2\/product_brand?post=6848"},{"taxonomy":"product_cat","embeddable":true,"href":"https:\/\/trifasica.com.br\/es\/wp-json\/wp\/v2\/product_cat?post=6848"},{"taxonomy":"product_tag","embeddable":true,"href":"https:\/\/trifasica.com.br\/es\/wp-json\/wp\/v2\/product_tag?post=6848"}],"curies":[{"name":"wp","href":"https:\/\/api.w.org\/{rel}","templated":true}]}}