{"id":6843,"date":"2021-10-21T08:37:54","date_gmt":"2021-10-21T11:37:54","guid":{"rendered":"http:\/\/sh-pro102.teste.website\/~trifas26\/?post_type=product&#038;p=6843"},"modified":"2026-03-04T09:59:31","modified_gmt":"2026-03-04T12:59:31","slug":"cabines-sf6","status":"publish","type":"product","link":"https:\/\/trifasica.com.br\/es\/producto\/cabines-sf6\/","title":{"rendered":"Caba\u00f1as SF6"},"content":{"rendered":"<p>La electricidad trif\u00e1sica tiene<strong> Caba\u00f1as SF6 <\/strong>Disponible en las siguientes opciones:<\/p>\n<h4 class=\"font_2\">Cub\u00edculo compacto blindado con SF6: sistema modular<\/h4>\n<p><img fetchpriority=\"high\" decoding=\"async\" class=\"alignnone wp-image-7446 size-full\" src=\"http:\/\/sh-pro102.teste.website\/~trifas26\/wp-content\/uploads\/2021\/10\/cabine-sf6-serie-n-trifasica-eletrica.jpg\" alt=\"\" width=\"800\" height=\"500\" srcset=\"https:\/\/trifasica.com.br\/wp-content\/uploads\/2021\/10\/cabine-sf6-serie-n-trifasica-eletrica.jpg 800w, https:\/\/trifasica.com.br\/wp-content\/uploads\/2021\/10\/cabine-sf6-serie-n-trifasica-eletrica-300x188.jpg 300w, https:\/\/trifasica.com.br\/wp-content\/uploads\/2021\/10\/cabine-sf6-serie-n-trifasica-eletrica-768x480.jpg 768w, https:\/\/trifasica.com.br\/wp-content\/uploads\/2021\/10\/cabine-sf6-serie-n-trifasica-eletrica-600x375.jpg 600w\" sizes=\"(max-width: 800px) 100vw, 800px\" \/><\/p>\n<ul>\n<li>El sistema modular de la serie \u201cN\u201d cumple con todos los requisitos de instalaci\u00f3n<\/li>\n<\/ul>\n<p><strong>Caracter\u00edsticas el\u00e9ctricas:<\/strong>\u200b<\/p>\n<ul>\n<li>\u00a0Tensi\u00f3n nominal: 17,5 kV \/ 24 kV<\/li>\n<li>Tensi\u00f3n de impulso atmosf\u00e9rico: 125 kV<\/li>\n<li>Corriente nominal: hasta 1250 A<\/li>\n<li>Corriente de corta duraci\u00f3n: hasta 20 kA<\/li>\n<li>Corriente pico de hasta 50 kA<\/li>\n<li>Frecuencia: 50\/60 Hz<\/li>\n<\/ul>\n<p><strong>Grado de protecci\u00f3n:<\/strong><\/p>\n<p>IP 20 en la carcasa exterior<\/p>\n<p>\u200b<strong>Cuadro:<\/strong><br \/>\nGris RAL 7030, azul RAL 5015<\/p>\n<p><strong>Normas:<\/strong><br \/>\nInternacional: IEC 62271-200, IEC60694,<br \/>\nIEC 60265-1, IEC62271-105<\/p>\n<p>\u200b<strong>Solicitud:<\/strong><br \/>\nTemperatura ambiente m\u00e1xima: 40\u00baC<br \/>\nTemperatura ambiente m\u00ednima: -5\u00baC<br \/>\nHumedad relativa m\u00e1xima: 95%<\/p>\n<p>\u200b<strong>Cortacircuitos:<\/strong><br \/>\nArt\u00edculo: Disyuntor ABB<\/p>\n<p><strong>Modelo:<\/strong> VD4\/R<br \/>\nClase de aislamiento al vac\u00edo 17,5\/24 kV \u2013 16 kA \u2013 630 A<br \/>\nMotorizado con apertura\/cierre y bobina m\u00ednima<\/p>\n<p>&nbsp;<\/p>\n<h4 class=\"font_2\">Celda compacta de SF6 serie \u201cSistema 6\u201d \u2013 36 kV<\/h4>\n<p><img decoding=\"async\" class=\"aligncenter wp-image-7447 size-full\" src=\"http:\/\/sh-pro102.teste.website\/~trifas26\/wp-content\/uploads\/2021\/10\/cabine-sf6-system-trifasica-eletrica.jpg\" alt=\"\" width=\"800\" height=\"500\" srcset=\"https:\/\/trifasica.com.br\/wp-content\/uploads\/2021\/10\/cabine-sf6-system-trifasica-eletrica.jpg 800w, https:\/\/trifasica.com.br\/wp-content\/uploads\/2021\/10\/cabine-sf6-system-trifasica-eletrica-300x188.jpg 300w, https:\/\/trifasica.com.br\/wp-content\/uploads\/2021\/10\/cabine-sf6-system-trifasica-eletrica-768x480.jpg 768w, https:\/\/trifasica.com.br\/wp-content\/uploads\/2021\/10\/cabine-sf6-system-trifasica-eletrica-600x375.jpg 600w\" sizes=\"(max-width: 800px) 100vw, 800px\" \/><\/p>\n<p><strong>Caracter\u00edsticas el\u00e9ctricas:<\/strong><\/p>\n<ul>\n<li class=\"font_7\">Tensi\u00f3n nominal: 36 kV<\/li>\n<li class=\"font_7\">Tensi\u00f3n de impulso atmosf\u00e9rico: 170 kV<\/li>\n<li class=\"font_7\">Corriente nominal: hasta 630 A<\/li>\n<li class=\"font_7\">Capacidad de ruptura: 16 kA<\/li>\n<li class=\"font_7\">Frecuencia nominal: 60 Hz<\/li>\n<li class=\"font_7\">Arco interno: 16 kA \u2013 1 s<\/li>\n<li class=\"font_7\">Grado de protecci\u00f3n: 30 IP<\/li>\n<\/ul>\n<p><strong>Descripci\u00f3n:<\/strong><br \/>\nCompuesto por m\u00f3dulos estandarizados, compactos y con carcasa met\u00e1lica a prueba de arco interno (LSC2A-PI), equipados con interruptores de carga con aislamiento de SF6 e interruptores autom\u00e1ticos de vac\u00edo. La modulaci\u00f3n por compartimento permite configuraciones complejas.<\/p>\n<p>Cada m\u00f3dulo est\u00e1 equipado con mecanismos de enclavamiento (Kirk Lock) y diagramas m\u00edmicos, lo que garantiza la m\u00e1xima fiabilidad y seguridad durante el mantenimiento y la operaci\u00f3n del cub\u00edculo. Su dise\u00f1o interno resistente a arcos el\u00e9ctricos permite su uso incluso en condiciones extremas.<\/p>\n<p>Desarrollados para su uso en sistemas de distribuci\u00f3n secundaria de media tensi\u00f3n. Tambi\u00e9n pueden utilizarse para proteger y alimentar l\u00edneas el\u00e9ctricas en subestaciones transformadoras, plantas de cogeneraci\u00f3n y plantas fotovoltaicas, entre otras.<\/p>\n<p><img decoding=\"async\" class=\"alignnone wp-image-7453 size-full\" src=\"http:\/\/sh-pro102.teste.website\/~trifas26\/wp-content\/uploads\/2021\/10\/ft-tecnica-cabine-sf6-system-trifasica-eletrica.jpg\" alt=\"\" width=\"800\" height=\"500\" srcset=\"https:\/\/trifasica.com.br\/wp-content\/uploads\/2021\/10\/ft-tecnica-cabine-sf6-system-trifasica-eletrica.jpg 800w, https:\/\/trifasica.com.br\/wp-content\/uploads\/2021\/10\/ft-tecnica-cabine-sf6-system-trifasica-eletrica-300x188.jpg 300w, https:\/\/trifasica.com.br\/wp-content\/uploads\/2021\/10\/ft-tecnica-cabine-sf6-system-trifasica-eletrica-768x480.jpg 768w, https:\/\/trifasica.com.br\/wp-content\/uploads\/2021\/10\/ft-tecnica-cabine-sf6-system-trifasica-eletrica-600x375.jpg 600w\" sizes=\"(max-width: 800px) 100vw, 800px\" \/><\/p>","protected":false},"excerpt":{"rendered":"<p><strong>El\u00e9ctrico trif\u00e1sico<\/strong>, el mayor Centro de Distribuci\u00f3n Avanzada de Brasil 15 a 36kV.<\/p>","protected":false},"featured_media":14179,"comment_status":"closed","ping_status":"closed","template":"","meta":[],"product_brand":[],"product_cat":[57],"product_tag":[100,68],"class_list":{"0":"post-6843","1":"product","2":"type-product","3":"status-publish","4":"has-post-thumbnail","6":"product_cat-cubiculos-blindados","7":"product_tag-cabines-sf6","8":"product_tag-trifasica-eletrica","10":"first","11":"onbackorder","12":"product-type-simple"},"_links":{"self":[{"href":"https:\/\/trifasica.com.br\/es\/wp-json\/wp\/v2\/product\/6843","targetHints":{"allow":["GET"]}}],"collection":[{"href":"https:\/\/trifasica.com.br\/es\/wp-json\/wp\/v2\/product"}],"about":[{"href":"https:\/\/trifasica.com.br\/es\/wp-json\/wp\/v2\/types\/product"}],"replies":[{"embeddable":true,"href":"https:\/\/trifasica.com.br\/es\/wp-json\/wp\/v2\/comments?post=6843"}],"version-history":[{"count":0,"href":"https:\/\/trifasica.com.br\/es\/wp-json\/wp\/v2\/product\/6843\/revisions"}],"wp:featuredmedia":[{"embeddable":true,"href":"https:\/\/trifasica.com.br\/es\/wp-json\/wp\/v2\/media\/14179"}],"wp:attachment":[{"href":"https:\/\/trifasica.com.br\/es\/wp-json\/wp\/v2\/media?parent=6843"}],"wp:term":[{"taxonomy":"product_brand","embeddable":true,"href":"https:\/\/trifasica.com.br\/es\/wp-json\/wp\/v2\/product_brand?post=6843"},{"taxonomy":"product_cat","embeddable":true,"href":"https:\/\/trifasica.com.br\/es\/wp-json\/wp\/v2\/product_cat?post=6843"},{"taxonomy":"product_tag","embeddable":true,"href":"https:\/\/trifasica.com.br\/es\/wp-json\/wp\/v2\/product_tag?post=6843"}],"curies":[{"name":"wp","href":"https:\/\/api.w.org\/{rel}","templated":true}]}}