{"id":6841,"date":"2021-10-21T08:37:53","date_gmt":"2021-10-21T11:37:53","guid":{"rendered":"http:\/\/sh-pro102.teste.website\/~trifas26\/?post_type=product&#038;p=6841"},"modified":"2026-03-04T09:59:32","modified_gmt":"2026-03-04T12:59:32","slug":"cabines-simplificadas","status":"publish","type":"product","link":"https:\/\/trifasica.com.br\/es\/producto\/cabines-simplificadas\/","title":{"rendered":"Caba\u00f1as simplificadas"},"content":{"rendered":"<p>La electricidad trif\u00e1sica tiene <strong>Caba\u00f1as simplificadas<\/strong> Media tensi\u00f3n con las siguientes especificaciones:<\/p>\n<p><strong>Solicitud:<\/strong><br \/>\nPara instalaciones de hasta 300 kVA seg\u00fan Eletropaulo Medium Voltage Lig, clase de tensi\u00f3n 15 kV, corriente nominal de 400 A.<\/p>\n<p>De acuerdo con la Norma <strong>NBR 62271-200<\/strong>, cabina compacta para uso<br \/>\nAl tiempo<\/p>\n<p><strong>Pruebas de tipo:<\/strong><\/p>\n<ul>\n<li>Aumento de la temperatura<\/li>\n<li>Prueba de cortocircuito de corta duraci\u00f3n 16 kA \u2013 1 s<\/li>\n<li>Prueba de resistencia de barras colectoras<\/li>\n<li>Prueba de tensi\u00f3n aplicada<\/li>\n<li>Prueba de impulso atmosf\u00e9rico<\/li>\n<li>Prueba de arco interno por falla interna AFL\/ 12,5 kA \u2013 1 seg<\/li>\n<li>Prueba de grado de protecci\u00f3n<\/li>\n<\/ul>\n<p>\u200b<strong>Pruebas rutinarias de f\u00e1brica:<\/strong><\/p>\n<ul>\n<li>Resistencia \u00f3hmica de barras colectoras y contactos<\/li>\n<li>Resistencia de aislamiento<\/li>\n<li>Voltaje aplicado Frecuencia industrial 60 Hz<\/li>\n<li>Resistencia de aislamiento despu\u00e9s de aplicar voltaje<\/li>\n<li>Prueba funcional (funcionamiento del interruptor seccionador)<\/li>\n<li>Prueba de enclavamientos el\u00e9ctricos y mec\u00e1nicos<\/li>\n<\/ul>\n<p>&nbsp;<\/p>\n<p><strong>\u00bb Cabina de uso externo:<\/strong><\/p>\n<p><strong>Medidas (alto\/ancho\/profundidad)<\/strong><br \/>\nA = 2120 mm<br \/>\nL = 2550 mm<br \/>\nP = 1400 mm<br \/>\nPeso = 850 kg<\/p>\n<p>&nbsp;<\/p>\n<p><strong>\u00bb Cabina de uso interno:<\/strong><\/p>\n<p><strong>Medidas (alto\/ancho\/profundidad)<\/strong><br \/>\nA = 1950 mm<br \/>\nL = 2550 mm<br \/>\nP = 1000 mm<br \/>\nPeso = 850 kg<\/p>\n<p><strong>&quot; Disponible:<\/strong><br \/>\nEntrada y medici\u00f3n de cables desde el lado derecho o izquierdo.<\/p>","protected":false},"excerpt":{"rendered":"<p><strong>El\u00e9ctrico trif\u00e1sico<\/strong>, el mayor Centro de Distribuci\u00f3n Avanzada de Brasil 15 a 36kV.<\/p>","protected":false},"featured_media":14352,"comment_status":"closed","ping_status":"closed","template":"","meta":[],"product_brand":[],"product_cat":[57],"product_tag":[102,68],"class_list":{"0":"post-6841","1":"product","2":"type-product","3":"status-publish","4":"has-post-thumbnail","6":"product_cat-cubiculos-blindados","7":"product_tag-cabine-simplificada","8":"product_tag-trifasica-eletrica","10":"first","11":"onbackorder","12":"product-type-simple"},"_links":{"self":[{"href":"https:\/\/trifasica.com.br\/es\/wp-json\/wp\/v2\/product\/6841","targetHints":{"allow":["GET"]}}],"collection":[{"href":"https:\/\/trifasica.com.br\/es\/wp-json\/wp\/v2\/product"}],"about":[{"href":"https:\/\/trifasica.com.br\/es\/wp-json\/wp\/v2\/types\/product"}],"replies":[{"embeddable":true,"href":"https:\/\/trifasica.com.br\/es\/wp-json\/wp\/v2\/comments?post=6841"}],"version-history":[{"count":0,"href":"https:\/\/trifasica.com.br\/es\/wp-json\/wp\/v2\/product\/6841\/revisions"}],"wp:featuredmedia":[{"embeddable":true,"href":"https:\/\/trifasica.com.br\/es\/wp-json\/wp\/v2\/media\/14352"}],"wp:attachment":[{"href":"https:\/\/trifasica.com.br\/es\/wp-json\/wp\/v2\/media?parent=6841"}],"wp:term":[{"taxonomy":"product_brand","embeddable":true,"href":"https:\/\/trifasica.com.br\/es\/wp-json\/wp\/v2\/product_brand?post=6841"},{"taxonomy":"product_cat","embeddable":true,"href":"https:\/\/trifasica.com.br\/es\/wp-json\/wp\/v2\/product_cat?post=6841"},{"taxonomy":"product_tag","embeddable":true,"href":"https:\/\/trifasica.com.br\/es\/wp-json\/wp\/v2\/product_tag?post=6841"}],"curies":[{"name":"wp","href":"https:\/\/api.w.org\/{rel}","templated":true}]}}