{"id":14126,"date":"2025-05-22T11:51:17","date_gmt":"2025-05-22T14:51:17","guid":{"rendered":"https:\/\/trifasica.com.br\/?post_type=product&#038;p=14126"},"modified":"2026-02-25T14:37:18","modified_gmt":"2026-02-25T17:37:18","slug":"siemens-7sr1151","status":"publish","type":"product","link":"https:\/\/trifasica.com.br\/es\/producto\/siemens-7sr1151\/","title":{"rendered":"Siemens 7SR1151"},"content":{"rendered":"<p data-start=\"815\" data-end=\"933\"><span class=\"relative -mx-px my-[-0.2rem] rounded px-px py-[0.2rem] transition-colors duration-100 ease-in-out\">O <strong data-start=\"2\" data-end=\"21\">Siemens 7SR1151<\/strong> \u00e9 um rel\u00e9 de prote\u00e7\u00e3o digital microprocessado, desenvolvido para aplica\u00e7\u00f5es em sistemas de m\u00e9dia tens\u00e3o, como alimentadores e transformadores.<\/span> <span class=\"relative -mx-px my-[-0.2rem] rounded px-px py-[0.2rem] transition-colors duration-100 ease-in-out\">Com m\u00faltiplas fun\u00e7\u00f5es de prote\u00e7\u00e3o, comunica\u00e7\u00e3o via Ethernet IEC 61850 e design robusto, oferece alta confiabilidade e facilidade de integra\u00e7\u00e3o em sistemas de automa\u00e7\u00e3o industrial.<\/span><\/p>\n<p data-start=\"935\" data-end=\"975\"><strong data-start=\"935\" data-end=\"975\">Caracter\u00edsticas T\u00e9cnicas Principais:<\/strong><\/p>\n<ul data-start=\"977\" data-end=\"2144\">\n<li data-start=\"977\" data-end=\"1394\">\n<p data-start=\"979\" data-end=\"1003\"><strong data-start=\"979\" data-end=\"1003\">Fun\u00e7\u00f5es de Prote\u00e7\u00e3o:<\/strong><\/p>\n<ul data-start=\"1006\" data-end=\"1394\">\n<li data-start=\"1006\" data-end=\"1047\">\n<p data-start=\"1008\" data-end=\"1047\"><span class=\"relative -mx-px my-[-0.2rem] rounded px-px py-[0.2rem] transition-colors duration-100 ease-in-out\">Sobrecorrente direcional temporizada (ANSI 67)<\/span><\/p>\n<\/li>\n<li data-start=\"1050\" data-end=\"1091\">\n<p data-start=\"1052\" data-end=\"1091\"><span class=\"relative -mx-px my-[-0.2rem] rounded px-px py-[0.2rem] transition-colors duration-100 ease-in-out\">Sobrecorrente instant\u00e2nea (ANSI 50)<\/span><\/p>\n<\/li>\n<li data-start=\"1094\" data-end=\"1135\">\n<p data-start=\"1096\" data-end=\"1135\"><span class=\"relative -mx-px my-[-0.2rem] rounded px-px py-[0.2rem] transition-colors duration-100 ease-in-out\">Sobrecorrente de neutro (ANSI 51N)<\/span><\/p>\n<\/li>\n<li data-start=\"1138\" data-end=\"1179\">\n<p data-start=\"1140\" data-end=\"1179\"><span class=\"relative -mx-px my-[-0.2rem] rounded px-px py-[0.2rem] transition-colors duration-100 ease-in-out\">Subtens\u00e3o (ANSI 27)<\/span><\/p>\n<\/li>\n<li data-start=\"1182\" data-end=\"1223\">\n<p data-start=\"1184\" data-end=\"1223\"><span class=\"relative -mx-px my-[-0.2rem] rounded px-px py-[0.2rem] transition-colors duration-100 ease-in-out\">Sobretens\u00e3o (ANSI 59)<\/span><\/p>\n<\/li>\n<li data-start=\"1226\" data-end=\"1267\">\n<p data-start=\"1228\" data-end=\"1267\"><span class=\"relative -mx-px my-[-0.2rem] rounded px-px py-[0.2rem] transition-colors duration-100 ease-in-out\">Subfrequ\u00eancia (ANSI 81)<\/span><\/p>\n<\/li>\n<li data-start=\"1270\" data-end=\"1311\">\n<p data-start=\"1272\" data-end=\"1311\"><span class=\"relative -mx-px my-[-0.2rem] rounded px-px py-[0.2rem] transition-colors duration-100 ease-in-out\">Falha de disjuntor (ANSI 50BF)<\/span><\/p>\n<\/li>\n<li data-start=\"1314\" data-end=\"1394\">\n<p data-start=\"1316\" data-end=\"1394\"><span class=\"relative -mx-px my-[-0.2rem] rounded px-px py-[0.2rem] transition-colors duration-100 ease-in-out\">Monitoramento de disjuntor<\/span><\/p>\n<\/li>\n<\/ul>\n<\/li>\n<\/ul>\n","protected":false},"excerpt":{"rendered":"<p>Rel\u00e9 de protecci\u00f3n basado en microprocesador Siemens 7SR1151 con protecci\u00f3n direccional contra sobrecorriente, comunicaci\u00f3n Ethernet IEC 61850 y funciones de monitorizaci\u00f3n y control. Ideal para sistemas de media tensi\u00f3n.<\/p>","protected":false},"featured_media":14127,"comment_status":"closed","ping_status":"closed","template":"","meta":[],"product_brand":[],"product_cat":[66],"product_tag":[327,424],"class_list":{"0":"post-14126","1":"product","2":"type-product","3":"status-publish","4":"has-post-thumbnail","6":"product_cat-paineis-e-reles-2","7":"product_tag-rele-de-protecao","8":"product_tag-siemens","10":"first","11":"onbackorder","12":"product-type-simple"},"_links":{"self":[{"href":"https:\/\/trifasica.com.br\/es\/wp-json\/wp\/v2\/product\/14126","targetHints":{"allow":["GET"]}}],"collection":[{"href":"https:\/\/trifasica.com.br\/es\/wp-json\/wp\/v2\/product"}],"about":[{"href":"https:\/\/trifasica.com.br\/es\/wp-json\/wp\/v2\/types\/product"}],"replies":[{"embeddable":true,"href":"https:\/\/trifasica.com.br\/es\/wp-json\/wp\/v2\/comments?post=14126"}],"version-history":[{"count":0,"href":"https:\/\/trifasica.com.br\/es\/wp-json\/wp\/v2\/product\/14126\/revisions"}],"wp:featuredmedia":[{"embeddable":true,"href":"https:\/\/trifasica.com.br\/es\/wp-json\/wp\/v2\/media\/14127"}],"wp:attachment":[{"href":"https:\/\/trifasica.com.br\/es\/wp-json\/wp\/v2\/media?parent=14126"}],"wp:term":[{"taxonomy":"product_brand","embeddable":true,"href":"https:\/\/trifasica.com.br\/es\/wp-json\/wp\/v2\/product_brand?post=14126"},{"taxonomy":"product_cat","embeddable":true,"href":"https:\/\/trifasica.com.br\/es\/wp-json\/wp\/v2\/product_cat?post=14126"},{"taxonomy":"product_tag","embeddable":true,"href":"https:\/\/trifasica.com.br\/es\/wp-json\/wp\/v2\/product_tag?post=14126"}],"curies":[{"name":"wp","href":"https:\/\/api.w.org\/{rel}","templated":true}]}}