{"id":14120,"date":"2025-05-22T11:45:05","date_gmt":"2025-05-22T14:45:05","guid":{"rendered":"https:\/\/trifasica.com.br\/?post_type=product&#038;p=14120"},"modified":"2026-02-25T14:37:31","modified_gmt":"2026-02-25T17:37:31","slug":"siemens-7sr1002","status":"publish","type":"product","link":"https:\/\/trifasica.com.br\/es\/producto\/siemens-7sr1002\/","title":{"rendered":"Siemens 7SR1002"},"content":{"rendered":"<p data-start=\"1350\" data-end=\"1716\">EL <strong data-start=\"1352\" data-end=\"1371\">Siemens 7SR1002<\/strong> Es un rel\u00e9 de protecci\u00f3n digital basado en microprocesador, ideal para la protecci\u00f3n contra sobrecorrientes no direccionales en sistemas de media tensi\u00f3n, como alimentadores y transformadores. Su dise\u00f1o robusto ofrece funciones avanzadas, como monitoreo de interruptores, registro de fallas, l\u00f3gica programable y diagn\u00f3stico visual mediante LED.<\/p>\n<p data-start=\"1718\" data-end=\"1749\"><strong data-start=\"1718\" data-end=\"1749\">Caracter\u00edsticas principales:<\/strong><\/p>\n<ul data-start=\"1751\" data-end=\"2343\">\n<li data-start=\"1751\" data-end=\"1837\">\n<p data-start=\"1753\" data-end=\"1837\"><strong data-start=\"1753\" data-end=\"1766\">Protecci\u00f3n:<\/strong> Sobrecorriente instant\u00e1nea y retardada en el tiempo, no direccional (ANSI 50\/51)<\/p>\n<\/li>\n<li data-start=\"1838\" data-end=\"1917\">\n<p data-start=\"1840\" data-end=\"1917\"><strong data-start=\"1840\" data-end=\"1853\">Entradas:<\/strong> Compatible con transformadores de corriente (CT) de 1 A o 5 A<\/p>\n<\/li>\n<li data-start=\"1918\" data-end=\"1959\">\n<p data-start=\"1920\" data-end=\"1959\"><strong data-start=\"1920\" data-end=\"1940\">Voltaje auxiliar:<\/strong> 60 a 240 V CA\/CC<\/p>\n<\/li>\n<li data-start=\"1960\" data-end=\"2054\">\n<p data-start=\"1962\" data-end=\"2054\"><strong data-start=\"1962\" data-end=\"1993\">Entradas y salidas digitales:<\/strong> 3 entradas configurables y 3 salidas para comandos y se\u00f1ales<\/p>\n<\/li>\n<li data-start=\"2055\" data-end=\"2121\">\n<p data-start=\"2057\" data-end=\"2121\"><strong data-start=\"2057\" data-end=\"2071\">Interfaz:<\/strong> Puerto USB para configuraci\u00f3n y comunicaci\u00f3n local<\/p>\n<\/li>\n<li data-start=\"2122\" data-end=\"2187\">\n<p data-start=\"2124\" data-end=\"2187\"><strong data-start=\"2124\" data-end=\"2140\">Indicadores:<\/strong> 10 LED para estado del sistema y diagn\u00f3stico<\/p>\n<\/li>\n<li data-start=\"2188\" data-end=\"2343\">\n<p data-start=\"2190\" data-end=\"2343\"><strong data-start=\"2190\" data-end=\"2213\">Funciones adicionales:<\/strong> Monitoreo de fallas de interruptores, registro de eventos, estad\u00edsticas de conmutaci\u00f3n, dos conjuntos de par\u00e1metros configurables<\/p>\n<\/li>\n<\/ul>","protected":false},"excerpt":{"rendered":"<p>Rel\u00e9 de protecci\u00f3n basado en microprocesador Siemens 7SR1002 para sobrecorriente no direccional, con monitoreo integrado, interfaz USB y funciones configurables para sistemas de media tensi\u00f3n.<\/p>","protected":false},"featured_media":14121,"comment_status":"closed","ping_status":"closed","template":"","meta":[],"product_brand":[],"product_cat":[66],"product_tag":[327,424],"class_list":{"0":"post-14120","1":"product","2":"type-product","3":"status-publish","4":"has-post-thumbnail","6":"product_cat-paineis-e-reles-2","7":"product_tag-rele-de-protecao","8":"product_tag-siemens","10":"first","11":"onbackorder","12":"product-type-simple"},"_links":{"self":[{"href":"https:\/\/trifasica.com.br\/es\/wp-json\/wp\/v2\/product\/14120","targetHints":{"allow":["GET"]}}],"collection":[{"href":"https:\/\/trifasica.com.br\/es\/wp-json\/wp\/v2\/product"}],"about":[{"href":"https:\/\/trifasica.com.br\/es\/wp-json\/wp\/v2\/types\/product"}],"replies":[{"embeddable":true,"href":"https:\/\/trifasica.com.br\/es\/wp-json\/wp\/v2\/comments?post=14120"}],"version-history":[{"count":0,"href":"https:\/\/trifasica.com.br\/es\/wp-json\/wp\/v2\/product\/14120\/revisions"}],"wp:featuredmedia":[{"embeddable":true,"href":"https:\/\/trifasica.com.br\/es\/wp-json\/wp\/v2\/media\/14121"}],"wp:attachment":[{"href":"https:\/\/trifasica.com.br\/es\/wp-json\/wp\/v2\/media?parent=14120"}],"wp:term":[{"taxonomy":"product_brand","embeddable":true,"href":"https:\/\/trifasica.com.br\/es\/wp-json\/wp\/v2\/product_brand?post=14120"},{"taxonomy":"product_cat","embeddable":true,"href":"https:\/\/trifasica.com.br\/es\/wp-json\/wp\/v2\/product_cat?post=14120"},{"taxonomy":"product_tag","embeddable":true,"href":"https:\/\/trifasica.com.br\/es\/wp-json\/wp\/v2\/product_tag?post=14120"}],"curies":[{"name":"wp","href":"https:\/\/api.w.org\/{rel}","templated":true}]}}