{"id":14114,"date":"2025-05-22T11:38:37","date_gmt":"2025-05-22T14:38:37","guid":{"rendered":"https:\/\/trifasica.com.br\/?post_type=product&#038;p=14114"},"modified":"2026-02-25T14:37:43","modified_gmt":"2026-02-25T17:37:43","slug":"schneider-easergy-p3uo","status":"publish","type":"product","link":"https:\/\/trifasica.com.br\/es\/producto\/schneider-easergy-p3uo\/","title":{"rendered":"Schneider Easergy P3UO"},"content":{"rendered":"<p data-start=\"832\" data-end=\"950\"><span class=\"relative -mx-px my-[-0.2rem] rounded px-px py-[0.2rem] transition-colors duration-100 ease-in-out\">O <strong data-start=\"2\" data-end=\"33\">Rel\u00e9 Schneider Easergy P3UO<\/strong> \u00e9 um dispositivo de prote\u00e7\u00e3o digital microprocessado, desenvolvido para aplica\u00e7\u00f5es em sistemas de m\u00e9dia tens\u00e3o, como cabines prim\u00e1rias, subesta\u00e7\u00f5es e pain\u00e9is de distribui\u00e7\u00e3o.<\/span> <span class=\"relative -mx-px my-[-0.2rem] rounded px-px py-[0.2rem] transition-colors duration-100 ease-in-out\">Com m\u00faltiplas fun\u00e7\u00f5es de prote\u00e7\u00e3o ANSI, comunica\u00e7\u00e3o via protocolos industriais, e design robusto, oferece alta confiabilidade e facilidade de integra\u00e7\u00e3o em sistemas de automa\u00e7\u00e3o industrial.<\/span><\/p>\n<p data-start=\"952\" data-end=\"992\"><strong data-start=\"952\" data-end=\"992\">Caracter\u00edsticas T\u00e9cnicas Principais:<\/strong><\/p>\n<ul data-start=\"994\" data-end=\"2320\">\n<li data-start=\"994\" data-end=\"1702\">\n<p data-start=\"996\" data-end=\"1025\"><strong data-start=\"996\" data-end=\"1025\">Fun\u00e7\u00f5es de Prote\u00e7\u00e3o ANSI:<\/strong><\/p>\n<ul data-start=\"1028\" data-end=\"1702\">\n<li data-start=\"1028\" data-end=\"1077\">\n<p data-start=\"1030\" data-end=\"1077\"><strong data-start=\"1030\" data-end=\"1037\">27:<\/strong> <span class=\"relative -mx-px my-[-0.2rem] rounded px-px py-[0.2rem] transition-colors duration-100 ease-in-out\">Subtens\u00e3o.<\/span><\/p>\n<\/li>\n<li data-start=\"1080\" data-end=\"1129\">\n<p data-start=\"1082\" data-end=\"1129\"><strong data-start=\"1082\" data-end=\"1089\">59:<\/strong> <span class=\"relative -mx-px my-[-0.2rem] rounded px-px py-[0.2rem] transition-colors duration-100 ease-in-out\">Sobretens\u00e3o.<\/span><\/p>\n<\/li>\n<li data-start=\"1132\" data-end=\"1181\">\n<p data-start=\"1134\" data-end=\"1181\"><strong data-start=\"1134\" data-end=\"1141\">81:<\/strong> <span class=\"relative -mx-px my-[-0.2rem] rounded px-px py-[0.2rem] transition-colors duration-100 ease-in-out\">Subfrequ\u00eancia e sobrefrequ\u00eancia.<\/span><\/p>\n<\/li>\n<li data-start=\"1184\" data-end=\"1236\">\n<p data-start=\"1186\" data-end=\"1236\"><strong data-start=\"1186\" data-end=\"1196\">50\/51:<\/strong> <span class=\"relative -mx-px my-[-0.2rem] rounded px-px py-[0.2rem] transition-colors duration-100 ease-in-out\">Sobrecorrente instant\u00e2nea e temporizada de fase.<\/span><\/p>\n<\/li>\n<li data-start=\"1239\" data-end=\"1293\">\n<p data-start=\"1241\" data-end=\"1293\"><strong data-start=\"1241\" data-end=\"1253\">50N\/51N:<\/strong> <span class=\"relative -mx-px my-[-0.2rem] rounded px-px py-[0.2rem] transition-colors duration-100 ease-in-out\">Sobrecorrente instant\u00e2nea e temporizada de neutro.<\/span><\/p>\n<\/li>\n<li data-start=\"1296\" data-end=\"1349\">\n<p data-start=\"1298\" data-end=\"1349\"><strong data-start=\"1298\" data-end=\"1309\">67\/67N:<\/strong> <span class=\"relative -mx-px my-[-0.2rem] rounded px-px py-[0.2rem] transition-colors duration-100 ease-in-out\">Sobrecorrente direcional de fase e neutro.<\/span><\/p>\n<\/li>\n<li data-start=\"1352\" data-end=\"1401\">\n<p data-start=\"1354\" data-end=\"1401\"><strong data-start=\"1354\" data-end=\"1361\">32:<\/strong> <span class=\"relative -mx-px my-[-0.2rem] rounded px-px py-[0.2rem] transition-colors duration-100 ease-in-out\">Direcional de pot\u00eancia.<\/span><\/p>\n<\/li>\n<li data-start=\"1404\" data-end=\"1453\">\n<p data-start=\"1406\" data-end=\"1453\"><strong data-start=\"1406\" data-end=\"1413\">46:<\/strong> <span class=\"relative -mx-px my-[-0.2rem] rounded px-px py-[0.2rem] transition-colors duration-100 ease-in-out\">Desequil\u00edbrio de corrente.<\/span><\/p>\n<\/li>\n<li data-start=\"1456\" data-end=\"1505\">\n<p data-start=\"1458\" data-end=\"1505\"><strong data-start=\"1458\" data-end=\"1465\">47:<\/strong> <span class=\"relative -mx-px my-[-0.2rem] rounded px-px py-[0.2rem] transition-colors duration-100 ease-in-out\">Sequ\u00eancia de fase.<\/span><\/p>\n<\/li>\n<li data-start=\"1508\" data-end=\"1557\">\n<p data-start=\"1510\" data-end=\"1557\"><strong data-start=\"1510\" data-end=\"1517\">86:<\/strong> <span class=\"relative -mx-px my-[-0.2rem] rounded px-px py-[0.2rem] transition-colors duration-100 ease-in-out\">Bloqueio.<\/span><\/p>\n<\/li>\n<li data-start=\"1560\" data-end=\"1611\">\n<p data-start=\"1562\" data-end=\"1611\"><strong data-start=\"1562\" data-end=\"1571\">50BF:<\/strong> <span class=\"relative -mx-px my-[-0.2rem] rounded px-px py-[0.2rem] transition-colors duration-100 ease-in-out\">Falha de disjuntor.<\/span><\/p>\n<\/li>\n<li data-start=\"1614\" data-end=\"1702\">\n<p data-start=\"1616\" data-end=\"1702\"><strong data-start=\"1616\" data-end=\"1623\">98:<\/strong> <span class=\"relative -mx-px my-[-0.2rem] rounded px-px py-[0.2rem] transition-colors duration-100 ease-in-out\">Oscilografia.<\/span><\/p>\n<\/li>\n<\/ul>\n<\/li>\n<\/ul>\n","protected":false},"excerpt":{"rendered":"<p>Rel\u00e9 de protecci\u00f3n Schneider Easergy P3UO basado en microprocesador con m\u00faltiples funciones ANSI, comunicaci\u00f3n mediante protocolos industriales, oscilograf\u00eda y perfilado de carga. Ideal para sistemas de media tensi\u00f3n.<\/p>","protected":false},"featured_media":14115,"comment_status":"closed","ping_status":"closed","template":"","meta":[],"product_brand":[],"product_cat":[66],"product_tag":[327,423],"class_list":{"0":"post-14114","1":"product","2":"type-product","3":"status-publish","4":"has-post-thumbnail","6":"product_cat-paineis-e-reles-2","7":"product_tag-rele-de-protecao","8":"product_tag-schneider","10":"first","11":"onbackorder","12":"product-type-simple"},"_links":{"self":[{"href":"https:\/\/trifasica.com.br\/es\/wp-json\/wp\/v2\/product\/14114","targetHints":{"allow":["GET"]}}],"collection":[{"href":"https:\/\/trifasica.com.br\/es\/wp-json\/wp\/v2\/product"}],"about":[{"href":"https:\/\/trifasica.com.br\/es\/wp-json\/wp\/v2\/types\/product"}],"replies":[{"embeddable":true,"href":"https:\/\/trifasica.com.br\/es\/wp-json\/wp\/v2\/comments?post=14114"}],"version-history":[{"count":0,"href":"https:\/\/trifasica.com.br\/es\/wp-json\/wp\/v2\/product\/14114\/revisions"}],"wp:featuredmedia":[{"embeddable":true,"href":"https:\/\/trifasica.com.br\/es\/wp-json\/wp\/v2\/media\/14115"}],"wp:attachment":[{"href":"https:\/\/trifasica.com.br\/es\/wp-json\/wp\/v2\/media?parent=14114"}],"wp:term":[{"taxonomy":"product_brand","embeddable":true,"href":"https:\/\/trifasica.com.br\/es\/wp-json\/wp\/v2\/product_brand?post=14114"},{"taxonomy":"product_cat","embeddable":true,"href":"https:\/\/trifasica.com.br\/es\/wp-json\/wp\/v2\/product_cat?post=14114"},{"taxonomy":"product_tag","embeddable":true,"href":"https:\/\/trifasica.com.br\/es\/wp-json\/wp\/v2\/product_tag?post=14114"}],"curies":[{"name":"wp","href":"https:\/\/api.w.org\/{rel}","templated":true}]}}