{"id":14107,"date":"2025-05-22T11:26:58","date_gmt":"2025-05-22T14:26:58","guid":{"rendered":"https:\/\/trifasica.com.br\/?post_type=product&#038;p=14107"},"modified":"2026-03-04T09:59:24","modified_gmt":"2026-03-04T12:59:24","slug":"rele-pextron-urp-6100","status":"publish","type":"product","link":"https:\/\/trifasica.com.br\/es\/producto\/rele-pextron-urp-6100\/","title":{"rendered":"Rel\u00e9 Pextron URP 6100"},"content":{"rendered":"<p data-start=\"855\" data-end=\"973\"><span class=\"relative -mx-px my-[-0.2rem] rounded px-px py-[0.2rem] transition-colors duration-100 ease-in-out\">O <strong data-start=\"2\" data-end=\"27\">Rel\u00e9 Pextron URP 6100<\/strong> \u00e9 um dispositivo de prote\u00e7\u00e3o digital microprocessado, desenvolvido para aplica\u00e7\u00f5es em sistemas de m\u00e9dia tens\u00e3o, como cabines prim\u00e1rias, subesta\u00e7\u00f5es e pain\u00e9is de distribui\u00e7\u00e3o em gera\u00e7\u00e3o distribu\u00edda.<\/span> <span class=\"relative -mx-px my-[-0.2rem] rounded px-px py-[0.2rem] transition-colors duration-100 ease-in-out\">Com m\u00faltiplas fun\u00e7\u00f5es de prote\u00e7\u00e3o ANSI, comunica\u00e7\u00e3o MODBUS\u00ae RTU e DNP3 L2, e design robusto, oferece alta confiabilidade e facilidade de integra\u00e7\u00e3o em sistemas de automa\u00e7\u00e3o industrial.<\/span><\/p>\n<p data-start=\"975\" data-end=\"1015\"><strong data-start=\"975\" data-end=\"1015\">Caracter\u00edsticas T\u00e9cnicas Principais:<\/strong><\/p>\n<ul data-start=\"1017\" data-end=\"2819\">\n<li data-start=\"1017\" data-end=\"1829\">\n<p data-start=\"1019\" data-end=\"1048\"><strong data-start=\"1019\" data-end=\"1048\">Fun\u00e7\u00f5es de Prote\u00e7\u00e3o ANSI:<\/strong><\/p>\n<ul data-start=\"1051\" data-end=\"1829\">\n<li data-start=\"1051\" data-end=\"1100\">\n<p data-start=\"1053\" data-end=\"1100\"><strong data-start=\"1053\" data-end=\"1060\">27:<\/strong> <span class=\"relative -mx-px my-[-0.2rem] rounded px-px py-[0.2rem] transition-colors duration-100 ease-in-out\">Subtens\u00e3o.<\/span><\/p>\n<\/li>\n<li data-start=\"1103\" data-end=\"1152\">\n<p data-start=\"1105\" data-end=\"1152\"><strong data-start=\"1105\" data-end=\"1112\">59:<\/strong> <span class=\"relative -mx-px my-[-0.2rem] rounded px-px py-[0.2rem] transition-colors duration-100 ease-in-out\">Sobretens\u00e3o.<\/span><\/p>\n<\/li>\n<li data-start=\"1155\" data-end=\"1204\">\n<p data-start=\"1157\" data-end=\"1204\"><strong data-start=\"1157\" data-end=\"1164\">81:<\/strong> <span class=\"relative -mx-px my-[-0.2rem] rounded px-px py-[0.2rem] transition-colors duration-100 ease-in-out\">Subfrequ\u00eancia e sobrefrequ\u00eancia.<\/span><\/p>\n<\/li>\n<li data-start=\"1207\" data-end=\"1256\">\n<p data-start=\"1209\" data-end=\"1256\"><strong data-start=\"1209\" data-end=\"1216\">25:<\/strong> <span class=\"relative -mx-px my-[-0.2rem] rounded px-px py-[0.2rem] transition-colors duration-100 ease-in-out\">Verifica\u00e7\u00e3o de sincronismo.<\/span><\/p>\n<\/li>\n<li data-start=\"1259\" data-end=\"1311\">\n<p data-start=\"1261\" data-end=\"1311\"><strong data-start=\"1261\" data-end=\"1271\">50\/51:<\/strong> <span class=\"relative -mx-px my-[-0.2rem] rounded px-px py-[0.2rem] transition-colors duration-100 ease-in-out\">Sobrecorrente instant\u00e2nea e temporizada de fase.<\/span><\/p>\n<\/li>\n<li data-start=\"1314\" data-end=\"1368\">\n<p data-start=\"1316\" data-end=\"1368\"><strong data-start=\"1316\" data-end=\"1328\">50N\/51N:<\/strong> <span class=\"relative -mx-px my-[-0.2rem] rounded px-px py-[0.2rem] transition-colors duration-100 ease-in-out\">Sobrecorrente instant\u00e2nea e temporizada de neutro.<\/span><\/p>\n<\/li>\n<li data-start=\"1371\" data-end=\"1424\">\n<p data-start=\"1373\" data-end=\"1424\"><strong data-start=\"1373\" data-end=\"1384\">67\/67N:<\/strong> <span class=\"relative -mx-px my-[-0.2rem] rounded px-px py-[0.2rem] transition-colors duration-100 ease-in-out\">Sobrecorrente direcional de fase e neutro.<\/span><\/p>\n<\/li>\n<li data-start=\"1427\" data-end=\"1476\">\n<p data-start=\"1429\" data-end=\"1476\"><strong data-start=\"1429\" data-end=\"1436\">32:<\/strong> <span class=\"relative -mx-px my-[-0.2rem] rounded px-px py-[0.2rem] transition-colors duration-100 ease-in-out\">Direcional de pot\u00eancia.<\/span><\/p>\n<\/li>\n<li data-start=\"1479\" data-end=\"1528\">\n<p data-start=\"1481\" data-end=\"1528\"><strong data-start=\"1481\" data-end=\"1488\">46:<\/strong> <span class=\"relative -mx-px my-[-0.2rem] rounded px-px py-[0.2rem] transition-colors duration-100 ease-in-out\">Desequil\u00edbrio de corrente.<\/span><\/p>\n<\/li>\n<li data-start=\"1531\" data-end=\"1580\">\n<p data-start=\"1533\" data-end=\"1580\"><strong data-start=\"1533\" data-end=\"1540\">47:<\/strong> <span class=\"relative -mx-px my-[-0.2rem] rounded px-px py-[0.2rem] transition-colors duration-100 ease-in-out\">Sequ\u00eancia de fase.<\/span><\/p>\n<\/li>\n<li data-start=\"1583\" data-end=\"1632\">\n<p data-start=\"1585\" data-end=\"1632\"><strong data-start=\"1585\" data-end=\"1592\">74:<\/strong> <span class=\"relative -mx-px my-[-0.2rem] rounded px-px py-[0.2rem] transition-colors duration-100 ease-in-out\">Alarme de continuidade da bobina.<\/span><\/p>\n<\/li>\n<li data-start=\"1635\" data-end=\"1684\">\n<p data-start=\"1637\" data-end=\"1684\"><strong data-start=\"1637\" data-end=\"1644\">86:<\/strong> <span class=\"relative -mx-px my-[-0.2rem] rounded px-px py-[0.2rem] transition-colors duration-100 ease-in-out\">Bloqueio.<\/span><\/p>\n<\/li>\n<li data-start=\"1687\" data-end=\"1738\">\n<p data-start=\"1689\" data-end=\"1738\"><strong data-start=\"1689\" data-end=\"1698\">62BF:<\/strong> <span class=\"relative -mx-px my-[-0.2rem] rounded px-px py-[0.2rem] transition-colors duration-100 ease-in-out\">Falha de disjuntor temporizada.<\/span><\/p>\n<\/li>\n<li data-start=\"1741\" data-end=\"1829\">\n<p data-start=\"1743\" data-end=\"1829\"><strong data-start=\"1743\" data-end=\"1750\">98:<\/strong> <span class=\"relative -mx-px my-[-0.2rem] rounded px-px py-[0.2rem] transition-colors duration-100 ease-in-out\">Oscilografia<\/span><\/p>\n<\/li>\n<\/ul>\n<\/li>\n<\/ul>\n","protected":false},"excerpt":{"rendered":"<p data-start=\"738\" data-end=\"816\"><span class=\"relative -mx-px my-[-0.2rem] rounded px-px py-[0.2rem] transition-colors duration-100 ease-in-out\">Rel\u00e9 de prote\u00e7\u00e3o microprocessado Pextron URP 6100, com m\u00faltiplas fun\u00e7\u00f5es ANSI, comunica\u00e7\u00e3o MODBUS\u00ae RTU e DNP3 L2, oscilografia e perfil de carga. Ideal para sistemas de m\u00e9dia tens\u00e3o em gera\u00e7\u00e3o distribu\u00edda.<\/span><\/p>\n","protected":false},"featured_media":14108,"comment_status":"closed","ping_status":"closed","template":"","meta":[],"product_brand":[],"product_cat":[66],"product_tag":[422,141],"class_list":{"0":"post-14107","1":"product","2":"type-product","3":"status-publish","4":"has-post-thumbnail","6":"product_cat-paineis-e-reles-2","7":"product_tag-pextron","8":"product_tag-reles-de-protecao","10":"first","11":"onbackorder","12":"product-type-simple"},"_links":{"self":[{"href":"https:\/\/trifasica.com.br\/es\/wp-json\/wp\/v2\/product\/14107","targetHints":{"allow":["GET"]}}],"collection":[{"href":"https:\/\/trifasica.com.br\/es\/wp-json\/wp\/v2\/product"}],"about":[{"href":"https:\/\/trifasica.com.br\/es\/wp-json\/wp\/v2\/types\/product"}],"replies":[{"embeddable":true,"href":"https:\/\/trifasica.com.br\/es\/wp-json\/wp\/v2\/comments?post=14107"}],"version-history":[{"count":0,"href":"https:\/\/trifasica.com.br\/es\/wp-json\/wp\/v2\/product\/14107\/revisions"}],"wp:featuredmedia":[{"embeddable":true,"href":"https:\/\/trifasica.com.br\/es\/wp-json\/wp\/v2\/media\/14108"}],"wp:attachment":[{"href":"https:\/\/trifasica.com.br\/es\/wp-json\/wp\/v2\/media?parent=14107"}],"wp:term":[{"taxonomy":"product_brand","embeddable":true,"href":"https:\/\/trifasica.com.br\/es\/wp-json\/wp\/v2\/product_brand?post=14107"},{"taxonomy":"product_cat","embeddable":true,"href":"https:\/\/trifasica.com.br\/es\/wp-json\/wp\/v2\/product_cat?post=14107"},{"taxonomy":"product_tag","embeddable":true,"href":"https:\/\/trifasica.com.br\/es\/wp-json\/wp\/v2\/product_tag?post=14107"}],"curies":[{"name":"wp","href":"https:\/\/api.w.org\/{rel}","templated":true}]}}