{"id":14104,"date":"2025-05-22T11:24:04","date_gmt":"2025-05-22T14:24:04","guid":{"rendered":"https:\/\/trifasica.com.br\/?post_type=product&#038;p=14104"},"modified":"2026-03-04T09:59:24","modified_gmt":"2026-03-04T12:59:24","slug":"rele-pextron-urp-6000","status":"publish","type":"product","link":"https:\/\/trifasica.com.br\/es\/producto\/rele-pextron-urp-6000\/","title":{"rendered":"Rel\u00e9 Pextron URP 6000"},"content":{"rendered":"<p data-start=\"723\" data-end=\"841\"><span class=\"relative -mx-px my-[-0.2rem] rounded px-px py-[0.2rem] transition-colors duration-100 ease-in-out\">O <strong data-start=\"2\" data-end=\"27\">Rel\u00e9 Pextron URP 6000<\/strong> \u00e9 um dispositivo de prote\u00e7\u00e3o digital microprocessado, desenvolvido para aplica\u00e7\u00f5es em sistemas de m\u00e9dia tens\u00e3o, como cabines prim\u00e1rias, subesta\u00e7\u00f5es e pain\u00e9is de distribui\u00e7\u00e3o.<\/span> <span class=\"relative -mx-px my-[-0.2rem] rounded px-px py-[0.2rem] transition-colors duration-100 ease-in-out\">Com m\u00faltiplas fun\u00e7\u00f5es de prote\u00e7\u00e3o ANSI, comunica\u00e7\u00e3o MODBUS\u00ae RTU e DNP3 L2, e design robusto, oferece alta confiabilidade e facilidade de integra\u00e7\u00e3o em sistemas de automa\u00e7\u00e3o industrial.<\/span><\/p>\n<p data-start=\"843\" data-end=\"883\"><strong data-start=\"843\" data-end=\"883\">Caracter\u00edsticas T\u00e9cnicas Principais:<\/strong><\/p>\n<ul data-start=\"885\" data-end=\"2689\">\n<li data-start=\"885\" data-end=\"1697\">\n<p data-start=\"887\" data-end=\"916\"><strong data-start=\"887\" data-end=\"916\">Fun\u00e7\u00f5es de Prote\u00e7\u00e3o ANSI:<\/strong><\/p>\n<ul data-start=\"919\" data-end=\"1697\">\n<li data-start=\"919\" data-end=\"968\">\n<p data-start=\"921\" data-end=\"968\"><strong data-start=\"921\" data-end=\"928\">27:<\/strong> <span class=\"relative -mx-px my-[-0.2rem] rounded px-px py-[0.2rem] transition-colors duration-100 ease-in-out\">Subtens\u00e3o.<\/span><\/p>\n<\/li>\n<li data-start=\"971\" data-end=\"1020\">\n<p data-start=\"973\" data-end=\"1020\"><strong data-start=\"973\" data-end=\"980\">59:<\/strong> <span class=\"relative -mx-px my-[-0.2rem] rounded px-px py-[0.2rem] transition-colors duration-100 ease-in-out\">Sobretens\u00e3o.<\/span><\/p>\n<\/li>\n<li data-start=\"1023\" data-end=\"1072\">\n<p data-start=\"1025\" data-end=\"1072\"><strong data-start=\"1025\" data-end=\"1032\">81:<\/strong> <span class=\"relative -mx-px my-[-0.2rem] rounded px-px py-[0.2rem] transition-colors duration-100 ease-in-out\">Subfrequ\u00eancia e sobrefrequ\u00eancia.<\/span><\/p>\n<\/li>\n<li data-start=\"1075\" data-end=\"1124\">\n<p data-start=\"1077\" data-end=\"1124\"><strong data-start=\"1077\" data-end=\"1084\">25:<\/strong> <span class=\"relative -mx-px my-[-0.2rem] rounded px-px py-[0.2rem] transition-colors duration-100 ease-in-out\">Verifica\u00e7\u00e3o de sincronismo.<\/span><\/p>\n<\/li>\n<li data-start=\"1127\" data-end=\"1179\">\n<p data-start=\"1129\" data-end=\"1179\"><strong data-start=\"1129\" data-end=\"1139\">50\/51:<\/strong> <span class=\"relative -mx-px my-[-0.2rem] rounded px-px py-[0.2rem] transition-colors duration-100 ease-in-out\">Sobrecorrente instant\u00e2nea e temporizada de fase.<\/span><\/p>\n<\/li>\n<li data-start=\"1182\" data-end=\"1236\">\n<p data-start=\"1184\" data-end=\"1236\"><strong data-start=\"1184\" data-end=\"1196\">50N\/51N:<\/strong> <span class=\"relative -mx-px my-[-0.2rem] rounded px-px py-[0.2rem] transition-colors duration-100 ease-in-out\">Sobrecorrente instant\u00e2nea e temporizada de neutro.<\/span><\/p>\n<\/li>\n<li data-start=\"1239\" data-end=\"1292\">\n<p data-start=\"1241\" data-end=\"1292\"><strong data-start=\"1241\" data-end=\"1252\">67\/67N:<\/strong> <span class=\"relative -mx-px my-[-0.2rem] rounded px-px py-[0.2rem] transition-colors duration-100 ease-in-out\">Sobrecorrente direcional de fase e neutro.<\/span><\/p>\n<\/li>\n<li data-start=\"1295\" data-end=\"1344\">\n<p data-start=\"1297\" data-end=\"1344\"><strong data-start=\"1297\" data-end=\"1304\">32:<\/strong> <span class=\"relative -mx-px my-[-0.2rem] rounded px-px py-[0.2rem] transition-colors duration-100 ease-in-out\">Direcional de pot\u00eancia.<\/span><\/p>\n<\/li>\n<li data-start=\"1347\" data-end=\"1396\">\n<p data-start=\"1349\" data-end=\"1396\"><strong data-start=\"1349\" data-end=\"1356\">46:<\/strong> <span class=\"relative -mx-px my-[-0.2rem] rounded px-px py-[0.2rem] transition-colors duration-100 ease-in-out\">Desequil\u00edbrio de corrente.<\/span><\/p>\n<\/li>\n<li data-start=\"1399\" data-end=\"1448\">\n<p data-start=\"1401\" data-end=\"1448\"><strong data-start=\"1401\" data-end=\"1408\">47:<\/strong> <span class=\"relative -mx-px my-[-0.2rem] rounded px-px py-[0.2rem] transition-colors duration-100 ease-in-out\">Sequ\u00eancia de fase.<\/span><\/p>\n<\/li>\n<li data-start=\"1451\" data-end=\"1500\">\n<p data-start=\"1453\" data-end=\"1500\"><strong data-start=\"1453\" data-end=\"1460\">74:<\/strong> <span class=\"relative -mx-px my-[-0.2rem] rounded px-px py-[0.2rem] transition-colors duration-100 ease-in-out\">Alarme de continuidade da bobina.<\/span><\/p>\n<\/li>\n<li data-start=\"1503\" data-end=\"1552\">\n<p data-start=\"1505\" data-end=\"1552\"><strong data-start=\"1505\" data-end=\"1512\">86:<\/strong> <span class=\"relative -mx-px my-[-0.2rem] rounded px-px py-[0.2rem] transition-colors duration-100 ease-in-out\">Bloqueio.<\/span><\/p>\n<\/li>\n<li data-start=\"1555\" data-end=\"1606\">\n<p data-start=\"1557\" data-end=\"1606\"><strong data-start=\"1557\" data-end=\"1566\">62BF:<\/strong> <span class=\"relative -mx-px my-[-0.2rem] rounded px-px py-[0.2rem] transition-colors duration-100 ease-in-out\">Falha de disjuntor temporizada.<\/span><\/p>\n<\/li>\n<li data-start=\"1609\" data-end=\"1697\">\n<p data-start=\"1611\" data-end=\"1697\"><strong data-start=\"1611\" data-end=\"1618\">98:<\/strong> <span class=\"relative -mx-px my-[-0.2rem] rounded px-px py-[0.2rem] transition-colors duration-100 ease-in-out\">Oscilografia.<\/span><\/p>\n<\/li>\n<\/ul>\n<\/li>\n<\/ul>\n","protected":false},"excerpt":{"rendered":"<p data-start=\"760\" data-end=\"838\">Rel\u00e9 de protecci\u00f3n Pextron URP 6000 basado en microprocesador con m\u00faltiples funciones ANSI, comunicaci\u00f3n MODBUS\u00ae RTU y DNP3 L2, oscilograf\u00eda y perfil de carga. Ideal para sistemas de media tensi\u00f3n.<\/p>","protected":false},"featured_media":14105,"comment_status":"closed","ping_status":"closed","template":"","meta":[],"product_brand":[],"product_cat":[66],"product_tag":[422,141],"class_list":{"0":"post-14104","1":"product","2":"type-product","3":"status-publish","4":"has-post-thumbnail","6":"product_cat-paineis-e-reles-2","7":"product_tag-pextron","8":"product_tag-reles-de-protecao","10":"first","11":"onbackorder","12":"product-type-simple"},"_links":{"self":[{"href":"https:\/\/trifasica.com.br\/es\/wp-json\/wp\/v2\/product\/14104","targetHints":{"allow":["GET"]}}],"collection":[{"href":"https:\/\/trifasica.com.br\/es\/wp-json\/wp\/v2\/product"}],"about":[{"href":"https:\/\/trifasica.com.br\/es\/wp-json\/wp\/v2\/types\/product"}],"replies":[{"embeddable":true,"href":"https:\/\/trifasica.com.br\/es\/wp-json\/wp\/v2\/comments?post=14104"}],"version-history":[{"count":0,"href":"https:\/\/trifasica.com.br\/es\/wp-json\/wp\/v2\/product\/14104\/revisions"}],"wp:featuredmedia":[{"embeddable":true,"href":"https:\/\/trifasica.com.br\/es\/wp-json\/wp\/v2\/media\/14105"}],"wp:attachment":[{"href":"https:\/\/trifasica.com.br\/es\/wp-json\/wp\/v2\/media?parent=14104"}],"wp:term":[{"taxonomy":"product_brand","embeddable":true,"href":"https:\/\/trifasica.com.br\/es\/wp-json\/wp\/v2\/product_brand?post=14104"},{"taxonomy":"product_cat","embeddable":true,"href":"https:\/\/trifasica.com.br\/es\/wp-json\/wp\/v2\/product_cat?post=14104"},{"taxonomy":"product_tag","embeddable":true,"href":"https:\/\/trifasica.com.br\/es\/wp-json\/wp\/v2\/product_tag?post=14104"}],"curies":[{"name":"wp","href":"https:\/\/api.w.org\/{rel}","templated":true}]}}