{"id":14098,"date":"2025-05-22T11:16:19","date_gmt":"2025-05-22T14:16:19","guid":{"rendered":"https:\/\/trifasica.com.br\/?post_type=product&#038;p=14098"},"modified":"2026-03-04T09:59:25","modified_gmt":"2026-03-04T12:59:25","slug":"rele-pextron-pcpt-4","status":"publish","type":"product","link":"https:\/\/trifasica.com.br\/es\/producto\/rele-pextron-pcpt-4\/","title":{"rendered":"Rel\u00e9 Pextron PCPT 4"},"content":{"rendered":"<p data-start=\"581\" data-end=\"699\"><span class=\"relative -mx-px my-[-0.2rem] rounded px-px py-[0.2rem] transition-colors duration-100 ease-in-out\">O <strong data-start=\"2\" data-end=\"25\">Rel\u00e9 Pextron PCPT 4<\/strong> \u00e9 um dispositivo de prote\u00e7\u00e3o t\u00e9rmica digital microprocessado, desenvolvido para aplica\u00e7\u00f5es em sistemas de m\u00e9dia tens\u00e3o, como transformadores a seco e outras m\u00e1quinas el\u00e9tricas.<\/span> <span class=\"relative -mx-px my-[-0.2rem] rounded px-px py-[0.2rem] transition-colors duration-100 ease-in-out\">Com m\u00faltiplas fun\u00e7\u00f5es de prote\u00e7\u00e3o ANSI, comunica\u00e7\u00e3o MODBUS\u00ae RTU e design robusto, oferece alta confiabilidade e facilidade de integra\u00e7\u00e3o em sistemas de automa\u00e7\u00e3o industrial.<\/span><\/p>\n<p data-start=\"701\" data-end=\"741\"><strong data-start=\"701\" data-end=\"741\">Caracter\u00edsticas T\u00e9cnicas Principais:<\/strong><\/p>\n<ul>\n<li data-start=\"743\" data-end=\"969\">\n<p data-start=\"745\" data-end=\"774\"><strong data-start=\"745\" data-end=\"774\">Fun\u00e7\u00f5es de Prote\u00e7\u00e3o ANSI:<\/strong><\/p>\n<ul data-start=\"777\" data-end=\"969\">\n<li data-start=\"777\" data-end=\"826\">\n<p data-start=\"779\" data-end=\"826\"><strong data-start=\"779\" data-end=\"786\">23:<\/strong> <span class=\"relative -mx-px my-[-0.2rem] rounded px-px py-[0.2rem] transition-colors duration-100 ease-in-out\">Dispositivo de controle de temperatura.<\/span><\/p>\n<\/li>\n<li data-start=\"829\" data-end=\"878\">\n<p data-start=\"831\" data-end=\"878\"><strong data-start=\"831\" data-end=\"838\">26:<\/strong> <span class=\"relative -mx-px my-[-0.2rem] rounded px-px py-[0.2rem] transition-colors duration-100 ease-in-out\">Dispositivo t\u00e9rmico do equipamento.<\/span><\/p>\n<\/li>\n<li data-start=\"881\" data-end=\"969\">\n<p data-start=\"883\" data-end=\"969\"><strong data-start=\"883\" data-end=\"890\">49:<\/strong> <span class=\"relative -mx-px my-[-0.2rem] rounded px-px py-[0.2rem] transition-colors duration-100 ease-in-out\">Rel\u00e9 t\u00e9rmico para m\u00e1quina el\u00e9trica ou transformador.<\/span><\/p>\n<\/li>\n<\/ul>\n<\/li>\n<li data-start=\"883\" data-end=\"969\"><strong data-start=\"973\" data-end=\"995\">Entradas e Sa\u00eddas:<\/strong>\n<ul data-start=\"998\" data-end=\"1254\">\n<li data-start=\"998\" data-end=\"1039\">\n<p data-start=\"1000\" data-end=\"1039\"><span class=\"relative -mx-px my-[-0.2rem] rounded px-px py-[0.2rem] transition-colors duration-100 ease-in-out\">4 entradas para sensores RTD Pt100\u03a9 &#8211; 3 fios DIN 43.760 (faixa de 0 a 250\u00b0C).<\/span><\/p>\n<\/li>\n<li data-start=\"1042\" data-end=\"1083\">\n<p data-start=\"1044\" data-end=\"1083\"><span class=\"relative -mx-px my-[-0.2rem] rounded px-px py-[0.2rem] transition-colors duration-100 ease-in-out\">1 sa\u00edda de comando para alarme (ALARM).<\/span><\/p>\n<\/li>\n<li data-start=\"1086\" data-end=\"1127\">\n<p data-start=\"1088\" data-end=\"1127\"><span class=\"relative -mx-px my-[-0.2rem] rounded px-px py-[0.2rem] transition-colors duration-100 ease-in-out\">1 sa\u00edda para comando de desligamento (TRIP).<\/span><\/p>\n<\/li>\n<li data-start=\"1130\" data-end=\"1171\">\n<p data-start=\"1132\" data-end=\"1171\"><span class=\"relative -mx-px my-[-0.2rem] rounded px-px py-[0.2rem] transition-colors duration-100 ease-in-out\">1 sa\u00edda para falha de sensor aberto ou curto (FAULT).<\/span><\/p>\n<\/li>\n<li data-start=\"1174\" data-end=\"1254\">\n<p data-start=\"1176\" data-end=\"1254\"><span class=\"relative -mx-px my-[-0.2rem] rounded px-px py-[0.2rem] transition-colors duration-100 ease-in-out\">2 sa\u00eddas para controle de ventiladores (FAN I e FAN II).<\/span><\/p>\n<\/li>\n<\/ul>\n<\/li>\n<\/ul>\n","protected":false},"excerpt":{"rendered":"<p data-start=\"760\" data-end=\"838\"><span class=\"relative -mx-px my-[-0.2rem] rounded px-px py-[0.2rem] transition-colors duration-100 ease-in-out\">Rel\u00e9 de prote\u00e7\u00e3o t\u00e9rmica microprocessado Pextron PCPT 4, com 4 entradas para sensores RTD Pt100\u03a9, fun\u00e7\u00f5es ANSI 23\/26\/49 e comunica\u00e7\u00e3o MODBUS\u00ae RTU.<\/span> <span class=\"relative -mx-px my-[-0.2rem] rounded px-px py-[0.2rem] transition-colors duration-100 ease-in-out\">Ideal para monitoramento e prote\u00e7\u00e3o de transformadores a seco.<\/span><\/p>\n","protected":false},"featured_media":14099,"comment_status":"closed","ping_status":"closed","template":"","meta":[],"product_brand":[],"product_cat":[66],"product_tag":[422,141],"class_list":{"0":"post-14098","1":"product","2":"type-product","3":"status-publish","4":"has-post-thumbnail","6":"product_cat-paineis-e-reles-2","7":"product_tag-pextron","8":"product_tag-reles-de-protecao","10":"first","11":"onbackorder","12":"product-type-simple"},"_links":{"self":[{"href":"https:\/\/trifasica.com.br\/es\/wp-json\/wp\/v2\/product\/14098","targetHints":{"allow":["GET"]}}],"collection":[{"href":"https:\/\/trifasica.com.br\/es\/wp-json\/wp\/v2\/product"}],"about":[{"href":"https:\/\/trifasica.com.br\/es\/wp-json\/wp\/v2\/types\/product"}],"replies":[{"embeddable":true,"href":"https:\/\/trifasica.com.br\/es\/wp-json\/wp\/v2\/comments?post=14098"}],"version-history":[{"count":0,"href":"https:\/\/trifasica.com.br\/es\/wp-json\/wp\/v2\/product\/14098\/revisions"}],"wp:featuredmedia":[{"embeddable":true,"href":"https:\/\/trifasica.com.br\/es\/wp-json\/wp\/v2\/media\/14099"}],"wp:attachment":[{"href":"https:\/\/trifasica.com.br\/es\/wp-json\/wp\/v2\/media?parent=14098"}],"wp:term":[{"taxonomy":"product_brand","embeddable":true,"href":"https:\/\/trifasica.com.br\/es\/wp-json\/wp\/v2\/product_brand?post=14098"},{"taxonomy":"product_cat","embeddable":true,"href":"https:\/\/trifasica.com.br\/es\/wp-json\/wp\/v2\/product_cat?post=14098"},{"taxonomy":"product_tag","embeddable":true,"href":"https:\/\/trifasica.com.br\/es\/wp-json\/wp\/v2\/product_tag?post=14098"}],"curies":[{"name":"wp","href":"https:\/\/api.w.org\/{rel}","templated":true}]}}