{"id":14089,"date":"2025-05-22T10:43:11","date_gmt":"2025-05-22T13:43:11","guid":{"rendered":"https:\/\/trifasica.com.br\/?post_type=product&#038;p=14089"},"modified":"2026-03-04T09:59:25","modified_gmt":"2026-03-04T12:59:25","slug":"rele-pextron-urpe-7104","status":"publish","type":"product","link":"https:\/\/trifasica.com.br\/es\/producto\/rele-pextron-urpe-7104\/","title":{"rendered":"Rel\u00e9 Pextron URPE 7104"},"content":{"rendered":"<p data-start=\"901\" data-end=\"1019\"><span class=\"relative -mx-px my-[-0.2rem] rounded px-px py-[0.2rem] transition-colors duration-100 ease-in-out\">O <strong data-start=\"2\" data-end=\"28\">Rel\u00e9 Pextron URPE 7104<\/strong> \u00e9 um dispositivo de prote\u00e7\u00e3o digital microprocessado, projetado para aplica\u00e7\u00f5es em sistemas de m\u00e9dia tens\u00e3o, como cabines prim\u00e1rias, subesta\u00e7\u00f5es e pain\u00e9is de distribui\u00e7\u00e3o.<\/span> <span class=\"relative -mx-px my-[-0.2rem] rounded px-px py-[0.2rem] transition-colors duration-100 ease-in-out\">Com m\u00faltiplas fun\u00e7\u00f5es de prote\u00e7\u00e3o ANSI, comunica\u00e7\u00e3o MODBUS\u00ae RTU e design robusto, oferece alta confiabilidade e facilidade de integra\u00e7\u00e3o em sistemas de automa\u00e7\u00e3o industrial.<\/span><\/p>\n<p data-start=\"1021\" data-end=\"1061\"><strong data-start=\"1021\" data-end=\"1061\">Caracter\u00edsticas T\u00e9cnicas Principais:<\/strong><\/p>\n<ul data-start=\"1063\" data-end=\"2279\">\n<li data-start=\"1063\" data-end=\"1485\">\n<p data-start=\"1065\" data-end=\"1094\"><strong data-start=\"1065\" data-end=\"1094\">Fun\u00e7\u00f5es de Prote\u00e7\u00e3o ANSI:<\/strong><\/p>\n<ul data-start=\"1097\" data-end=\"1485\">\n<li data-start=\"1097\" data-end=\"1138\">\n<p data-start=\"1099\" data-end=\"1138\"><span class=\"relative -mx-px my-[-0.2rem] rounded px-px py-[0.2rem] transition-colors duration-100 ease-in-out\">Sobrecorrente instant\u00e2nea e temporizada de fase e neutro (50\/51, 50N\/51N)<\/span><\/p>\n<\/li>\n<li data-start=\"1141\" data-end=\"1182\">\n<p data-start=\"1143\" data-end=\"1182\"><span class=\"relative -mx-px my-[-0.2rem] rounded px-px py-[0.2rem] transition-colors duration-100 ease-in-out\">Sobretens\u00e3o e subtens\u00e3o (59\/27)<\/span><\/p>\n<\/li>\n<li data-start=\"1185\" data-end=\"1226\">\n<p data-start=\"1187\" data-end=\"1226\"><span class=\"relative -mx-px my-[-0.2rem] rounded px-px py-[0.2rem] transition-colors duration-100 ease-in-out\">Sequ\u00eancia de fase (47)<\/span><\/p>\n<\/li>\n<li data-start=\"1229\" data-end=\"1270\">\n<p data-start=\"1231\" data-end=\"1270\"><span class=\"relative -mx-px my-[-0.2rem] rounded px-px py-[0.2rem] transition-colors duration-100 ease-in-out\">Subfrequ\u00eancia (81)<\/span><\/p>\n<\/li>\n<li data-start=\"1273\" data-end=\"1314\">\n<p data-start=\"1275\" data-end=\"1314\"><span class=\"relative -mx-px my-[-0.2rem] rounded px-px py-[0.2rem] transition-colors duration-100 ease-in-out\">Falha de disjuntor (62BF)<\/span><\/p>\n<\/li>\n<li data-start=\"1317\" data-end=\"1358\">\n<p data-start=\"1319\" data-end=\"1358\"><span class=\"relative -mx-px my-[-0.2rem] rounded px-px py-[0.2rem] transition-colors duration-100 ease-in-out\">Bloqueio de religamento (86)<\/span><\/p>\n<\/li>\n<li data-start=\"1361\" data-end=\"1402\">\n<p data-start=\"1363\" data-end=\"1402\"><span class=\"relative -mx-px my-[-0.2rem] rounded px-px py-[0.2rem] transition-colors duration-100 ease-in-out\">Alarme de continuidade de bobina (74)<\/span><\/p>\n<\/li>\n<li data-start=\"1405\" data-end=\"1485\">\n<p data-start=\"1407\" data-end=\"1485\"><span class=\"relative -mx-px my-[-0.2rem] rounded px-px py-[0.2rem] transition-colors duration-100 ease-in-out\">Oscilografia e registro de eventos (98)<\/span><\/p>\n<\/li>\n<\/ul>\n<\/li>\n<\/ul>\n","protected":false},"excerpt":{"rendered":"<p>Rel\u00e9 de protecci\u00f3n digital Pextron URPE 7104 basado en microprocesador con m\u00faltiples funciones ANSI, comunicaci\u00f3n MODBUS\u00ae RTU y dise\u00f1o robusto. Ideal para sistemas de media tensi\u00f3n.<\/p>","protected":false},"featured_media":14094,"comment_status":"closed","ping_status":"closed","template":"","meta":[],"product_brand":[],"product_cat":[66],"product_tag":[422,141],"class_list":{"0":"post-14089","1":"product","2":"type-product","3":"status-publish","4":"has-post-thumbnail","6":"product_cat-paineis-e-reles-2","7":"product_tag-pextron","8":"product_tag-reles-de-protecao","10":"first","11":"onbackorder","12":"product-type-simple"},"_links":{"self":[{"href":"https:\/\/trifasica.com.br\/es\/wp-json\/wp\/v2\/product\/14089","targetHints":{"allow":["GET"]}}],"collection":[{"href":"https:\/\/trifasica.com.br\/es\/wp-json\/wp\/v2\/product"}],"about":[{"href":"https:\/\/trifasica.com.br\/es\/wp-json\/wp\/v2\/types\/product"}],"replies":[{"embeddable":true,"href":"https:\/\/trifasica.com.br\/es\/wp-json\/wp\/v2\/comments?post=14089"}],"version-history":[{"count":0,"href":"https:\/\/trifasica.com.br\/es\/wp-json\/wp\/v2\/product\/14089\/revisions"}],"wp:featuredmedia":[{"embeddable":true,"href":"https:\/\/trifasica.com.br\/es\/wp-json\/wp\/v2\/media\/14094"}],"wp:attachment":[{"href":"https:\/\/trifasica.com.br\/es\/wp-json\/wp\/v2\/media?parent=14089"}],"wp:term":[{"taxonomy":"product_brand","embeddable":true,"href":"https:\/\/trifasica.com.br\/es\/wp-json\/wp\/v2\/product_brand?post=14089"},{"taxonomy":"product_cat","embeddable":true,"href":"https:\/\/trifasica.com.br\/es\/wp-json\/wp\/v2\/product_cat?post=14089"},{"taxonomy":"product_tag","embeddable":true,"href":"https:\/\/trifasica.com.br\/es\/wp-json\/wp\/v2\/product_tag?post=14089"}],"curies":[{"name":"wp","href":"https:\/\/api.w.org\/{rel}","templated":true}]}}