{"id":9132,"date":"2024-02-20T01:15:16","date_gmt":"2024-02-20T04:15:16","guid":{"rendered":"https:\/\/trifasica.com.br\/?page_id=9132"},"modified":"2024-02-20T01:15:16","modified_gmt":"2024-02-20T04:15:16","slug":"termos-e-condicoes-gerais","status":"publish","type":"page","link":"https:\/\/trifasica.com.br\/es\/termos-e-condicoes-gerais\/","title":{"rendered":"T\u00e9rminos y condiciones generales"},"content":{"rendered":"<p>T\u00e9rminos y Condiciones de las ventas realizadas por Trif\u00e1sica El\u00e9trica, con sede en <span class=\"LrzXr\">Rua Emilio Lang J\u00fanior, 59 \u2013 Pte. Grande, Guarulhos\/SP, CEP 07031-260<\/span>, en adelante simplemente Trif\u00e1sica El\u00e9trica, y, de otra parte, el cliente, calificado al momento de la compra de los productos, en adelante simplemente el Cliente.<\/p>\n<p>Considerando que Trif\u00e1sica El\u00e9trica vende productos en l\u00ednea; Considerando el inter\u00e9s del Cliente en adquirir productos ofrecidos por Trif\u00e1sica El\u00e9trica en su Tienda Online; El presente t\u00e9rmino tiene por objeto aclarar al cliente de Trif\u00e1sica El\u00e9trica las condiciones generales de compra de productos en esta Tienda Online.<\/p>\n<p>I. Tras completar el proceso de compra, el cliente recibir\u00e1 una copia del pedido con los detalles de la compra por correo electr\u00f3nico. Es importante verificar que la informaci\u00f3n sea correcta para que, en caso de discrepancia, se puedan tomar las medidas pertinentes antes de iniciar el proceso interno relacionado con el pedido.<\/p>\n<p>II. Confidencialidad: Trif\u00e1sica El\u00e9ctrica se responsabiliza de preservar la confidencialidad de todos los datos e informaci\u00f3n proporcionados por el Cliente durante el proceso de compra. La seguridad del sitio web se audita diariamente y est\u00e1 garantizada contra ataques inform\u00e1ticos. Para m\u00e1s detalles, consulte nuestra <strong><a href=\"\/es\/politica-de-privacidade\/\">pol\u00edtica de privacidad<\/a><\/strong>.<\/p>\n<p>III. Servicio de Atenci\u00f3n al Cliente (SAC): Este servicio est\u00e1 disponible para que los clientes respondan preguntas, resuelvan cualquier solicitud o queja relacionada con su pedido o cualquier contenido disponible en el sitio web. Puede contactar con el Servicio de Atenci\u00f3n al Cliente por tel\u00e9fono o a trav\u00e9s del formulario de contacto del sitio web.<\/p>\n<p>IV. Pol\u00edtica de Entrega: El plazo de entrega de los productos se especifica durante el proceso de compra y se mide en d\u00edas h\u00e1biles. Las entregas se realizan preferentemente a trav\u00e9s del Servicio Postal Brasile\u00f1o (SBP), pero pueden variar seg\u00fan el proveedor. Para m\u00e1s detalles, consulte nuestra <strong><a href=\"\/es\/politica-de-entrega\/\">Pol\u00edtica de entrega<\/a><\/strong>.<\/p>\n<p>V \u2013 Una vez finalizado el pedido, no es posible cambiar la forma de pago y\/o direcci\u00f3n de entrega, solicitar pago por adelantado o entrega prioritaria.<\/p>\n<p>VI. Derecho de desistimiento: El Cliente podr\u00e1 ejercer el derecho de desistimiento de la compra para devolver el Producto, en cuyo caso deber\u00e1 cumplir las siguientes condiciones: el plazo para desistir de la compra del producto es de hasta 7 (siete) d\u00edas naturales, contados a partir de la fecha de recepci\u00f3n. Para m\u00e1s informaci\u00f3n, consulte nuestra <strong><a href=\"\/es\/politica-de-troca-ou-devolucao\/\">Pol\u00edtica de cambio o devoluci\u00f3n<\/a><\/strong>.<\/p>\n<p>&nbsp;<\/p>","protected":false},"excerpt":{"rendered":"<p>Termos e Condi\u00e7\u00f5es para as vendas realizadas pela Trif\u00e1sica El\u00e9trica, com sede na Rua Emilio Lang Junior, 59 &#8211; Pte. Grande, Guarulhos\/SP, CEP 07031-260, doravante denominada simplesmente Trif\u00e1sica El\u00e9trica, e, do outro lado, o cliente, qualificado no momento da compra dos produtos, doravante denominado simplesmente Cliente. Considerando que a Trif\u00e1sica El\u00e9trica realiza venda de produtos [&hellip;]<\/p>\n","protected":false},"author":1,"featured_media":0,"parent":0,"menu_order":0,"comment_status":"closed","ping_status":"closed","template":"","meta":{"footnotes":""},"class_list":["post-9132","page","type-page","status-publish","hentry"],"_links":{"self":[{"href":"https:\/\/trifasica.com.br\/es\/wp-json\/wp\/v2\/pages\/9132","targetHints":{"allow":["GET"]}}],"collection":[{"href":"https:\/\/trifasica.com.br\/es\/wp-json\/wp\/v2\/pages"}],"about":[{"href":"https:\/\/trifasica.com.br\/es\/wp-json\/wp\/v2\/types\/page"}],"author":[{"embeddable":true,"href":"https:\/\/trifasica.com.br\/es\/wp-json\/wp\/v2\/users\/1"}],"replies":[{"embeddable":true,"href":"https:\/\/trifasica.com.br\/es\/wp-json\/wp\/v2\/comments?post=9132"}],"version-history":[{"count":0,"href":"https:\/\/trifasica.com.br\/es\/wp-json\/wp\/v2\/pages\/9132\/revisions"}],"wp:attachment":[{"href":"https:\/\/trifasica.com.br\/es\/wp-json\/wp\/v2\/media?parent=9132"}],"curies":[{"name":"wp","href":"https:\/\/api.w.org\/{rel}","templated":true}]}}