{"id":3,"date":"2021-09-23T12:56:59","date_gmt":"2021-09-23T12:56:59","guid":{"rendered":"http:\/\/trifasica.com.br\/?page_id=3"},"modified":"2024-02-19T10:57:34","modified_gmt":"2024-02-19T13:57:34","slug":"politica-de-privacidade","status":"publish","type":"page","link":"https:\/\/trifasica.com.br\/es\/politica-de-privacidade\/","title":{"rendered":"pol\u00edtica de privacidad"},"content":{"rendered":"<p>Trif\u00e1sica El\u00e9ctrica es un Centro de Distribuci\u00f3n Avanzado (CAD) que suministra toda la gama de materiales para celdas primarias de 15 a 36 kV. Su equipo comercial, t\u00e9cnico y de ingenier\u00eda altamente cualificado se encarga de las ventas y la distribuci\u00f3n a nivel nacional. Nuestro sitio web es https:\/\/trifasica.com.br.<\/p>\n<p>Toda la informaci\u00f3n personal recogida de los miembros, suscriptores, clientes o visitantes que accedan al sitio web de Trif\u00e1sica El\u00e9trica ser\u00e1 tratada de conformidad con la Ley de Protecci\u00f3n de Datos Personales del 26 de octubre de 1998 (Ley n\u00ba 67\/98).<\/p>\n<p>El equipo de Trif\u00e1sica El\u00e9ctrica se reserva el derecho de modificar este acuerdo sin previo aviso. Por lo tanto, le recomendamos que revise nuestra pol\u00edtica de privacidad con frecuencia para mantenerse al d\u00eda.<\/p>\n<p>&nbsp;<\/p>\n<h4>Qu\u00e9 recopilamos y almacenamos<\/h4>\n<p>Al rellenar cualquiera de los formularios de nuestro sitio web, dependiendo de la configuraci\u00f3n de su navegador, puede optar por guardar estos datos en lo que llamamos <strong><em>galletas<\/em><\/strong>Esto es para su conveniencia para que no tenga que completar esta informaci\u00f3n nuevamente cuando env\u00ede un nuevo formulario en nuestro sitio web.<\/p>\n<p>La informaci\u00f3n recopilada puede incluir su nombre, direcci\u00f3n de correo electr\u00f3nico, n\u00famero de tel\u00e9fono, c\u00f3digo postal y direcci\u00f3n, informaci\u00f3n para la emisi\u00f3n de facturas y otros datos demogr\u00e1ficos y geogr\u00e1ficos. Adem\u00e1s, cuando utiliza nuestro sitio web, almacenamos datos en nuestros servidores con diversos fines de seguridad. Estos datos pueden incluir su ubicaci\u00f3n, informaci\u00f3n del navegador, informaci\u00f3n de su proveedor de servicios de internet y direcci\u00f3n IP.<\/p>\n<p>Tambi\u00e9n utilizaremos <strong><em>galletas<\/em><\/strong> para rastrear el contenido del carrito mientras navega por nuestro sitio web.<\/p>\n<p>Al comprar con nosotros, le solicitamos informaci\u00f3n como su nombre, direcci\u00f3n de facturaci\u00f3n, direcci\u00f3n de env\u00edo, correo electr\u00f3nico, n\u00famero de tel\u00e9fono, datos de la tarjeta de cr\u00e9dito\/pago e informaci\u00f3n opcional de la cuenta, como su nombre de usuario y contrase\u00f1a. Utilizaremos esta informaci\u00f3n para fines como:<\/p>\n<ul>\n<li>Enviar informaci\u00f3n sobre su cuenta y pedido<\/li>\n<li>Responder a sus solicitudes, incluidas devoluciones de cargos y quejas<\/li>\n<li>Procesar pagos y prevenir fraudes<\/li>\n<li>Crea una cuenta en nuestra tienda<\/li>\n<li>Cumplir con todas las obligaciones legales, como la emisi\u00f3n de facturas de venta.<\/li>\n<li>Mejorar nuestra oferta<\/li>\n<li>Realizar comunicaciones con su autorizaci\u00f3n previa<\/li>\n<\/ul>\n<p>Si crea una cuenta, almacenaremos su nombre, direcci\u00f3n, direcci\u00f3n de correo electr\u00f3nico y n\u00famero de tel\u00e9fono, y estos datos se utilizar\u00e1n para completar la p\u00e1gina de pago para futuros pedidos.<\/p>\n<p>Generalmente, almacenamos su informaci\u00f3n mientras la necesitemos para los fines para los que la recopilamos y no estemos legalmente obligados a conservarla. Por ejemplo, conservaremos la informaci\u00f3n de sus pedidos durante 5 a\u00f1os para fines fiscales y contables. Esto incluye su nombre, direcci\u00f3n de correo electr\u00f3nico, direcci\u00f3n de facturaci\u00f3n y direcci\u00f3n de env\u00edo.<\/p>\n<p>Tambi\u00e9n almacenaremos comentarios o rese\u00f1as si decide dejarlos.<\/p>\n<p>Continuar navegando por este sitio web implica la aceptaci\u00f3n de este Acuerdo de Privacidad. El equipo de PAHC Automa\u00e7\u00e3o Industrial se reserva el derecho de modificarlo sin previo aviso. Por lo tanto, le recomendamos que revise nuestra pol\u00edtica de privacidad peri\u00f3dicamente para asegurarse de estar siempre al d\u00eda.<\/p>\n<p>Utilizamos Google Analytics para la recopilaci\u00f3n y el procesamiento de datos, siguiendo la pol\u00edtica de Google \u201cC\u00f3mo utiliza Google los datos cuando utiliza los sitios o aplicaciones de nuestros socios\u201d disponible en <a href=\"https:\/\/www.google.com\/intl\/pt-BR\/policies\/privacy\/partners\/\" target=\"_blank\" rel=\"noopener\">https:\/\/www.google.com\/intl\/pt-BR\/policies\/privacy\/partners\/<\/a>, con lo cual el usuario est\u00e1 plenamente de acuerdo al aceptar las presentes Normas de Seguridad y Privacidad.<\/p>\n<p>&nbsp;<\/p>\n<h4>\u00bfQui\u00e9n en nuestro equipo tiene acceso?<\/h4>\n<p>Los miembros de nuestro equipo tienen acceso a la informaci\u00f3n que usted proporciona. Por ejemplo, los administradores y gerentes de tienda pueden acceder a:<\/p>\n<ul>\n<li>Informaci\u00f3n del pedido, como qu\u00e9 se compr\u00f3, cu\u00e1ndo se compr\u00f3 y a d\u00f3nde debe enviarse<\/li>\n<li>Su informaci\u00f3n de registro, como su nombre, direcci\u00f3n de correo electr\u00f3nico e informaci\u00f3n de facturaci\u00f3n y entrega.<\/li>\n<\/ul>\n<p>Los miembros de nuestro equipo tienen acceso a esta informaci\u00f3n para completar pedidos, procesar reembolsos y brindarle soporte.<\/p>\n<p>&nbsp;<\/p>\n<h4>Con qui\u00e9n compartimos tus datos<\/h4>\n<p>Si solicita un restablecimiento de contrase\u00f1a, su direcci\u00f3n IP se incluir\u00e1 en el correo electr\u00f3nico correspondiente. No compartimos nuestra informaci\u00f3n de contacto con terceros, excepto si el cliente desea recibir contacto de nuestros socios o si la intermediaci\u00f3n es necesaria para la gesti\u00f3n de pedidos, como al utilizar servicios de entrega o m\u00e9todos de pago adicionales.<\/p>\n<p>&nbsp;<\/p>\n<h4>Pagos<\/h4>\n<p>Utilizamos la pasarela de pago <strong>MERCADO PAGO<\/strong>Al procesar pagos, parte de su informaci\u00f3n se pasar\u00e1 a MERCADO PAGO, incluida la informaci\u00f3n necesaria para procesar el pago, como el monto total de la compra y la informaci\u00f3n de facturaci\u00f3n.<\/p>\n<p>El servicio de MERCADO PAGO para cualquier necesidad est\u00e1 disponible a trav\u00e9s del sitio web mediante el enlace <a href=\"https:\/\/www.mercadopago.com.br\/ajuda\/25280\">https:\/\/www.mercadopago.com.br\/ajuda\/25280<\/a> o a trav\u00e9s de la propia app de MERCADO PAGO, disponible en las tiendas de aplicaciones de tu smartphone.<\/p>\n<p>&nbsp;<\/p>\n<h4>\u00bfDurante cu\u00e1nto tiempo conservamos tus datos?<\/h4>\n<p>Si dejas un comentario, este y sus metadatos se conservan indefinidamente. Esto nos permite reconocer y aprobar autom\u00e1ticamente cualquier comentario posterior, en lugar de mantenerlos en cola de moderaci\u00f3n.<\/p>\n<p>De los usuarios que se registran en nuestro sitio web, tambi\u00e9n almacenamos la informaci\u00f3n personal que proporcionan en su perfil de usuario. Todos los usuarios pueden ver, editar o eliminar su informaci\u00f3n personal en cualquier momento (excepto que no pueden cambiar su... <em>nombre de usuario<\/em>). Los administradores del sitio tambi\u00e9n pueden ver y editar esta informaci\u00f3n.<\/p>\n<p>&nbsp;<\/p>\n<h4>\u00bfCu\u00e1les son tus derechos sobre tus datos?<\/h4>\n<p>Si tiene una cuenta en este sitio o ha dejado comentarios, puede solicitar un archivo de sus datos personales o de cualquier otro tipo que nos haya proporcionado. Tambi\u00e9n puede solicitar que eliminemos cualquier dato personal que tengamos sobre usted. Esto no incluye los datos que estemos obligados a conservar con fines administrativos, legales o de seguridad.<\/p>\n<p>&nbsp;<\/p>\n<h4>D\u00f3nde enviamos tus datos<\/h4>\n<p>Ocasionalmente, un servicio de detecci\u00f3n autom\u00e1tica de spam puede marcar los comentarios. Sin embargo, los datos que nos proporcione en cualquier contacto directo ser\u00e1n almacenados exclusivamente por nosotros en nuestros sistemas de gesti\u00f3n internos.<\/p>\n<p>&nbsp;<\/p>\n<h4>Tu informaci\u00f3n de contacto<\/h4>\n<p>Tus datos se almacenan en nuestro CRM para realizar el seguimiento de tu compra, solicitar o enviarte cualquier comunicaci\u00f3n sobre novedades, productos y servicios que puedan ser de tu inter\u00e9s, una vez hayas autorizado la recepci\u00f3n de dichas comunicaciones.<\/p>\n<p>&nbsp;<\/p>\n<h4>C\u00f3mo protegemos sus datos<\/h4>\n<p>Al igual que nuestro sitio web, que cuenta con encriptaci\u00f3n nativa y sistemas internos de monitoreo y seguridad, los dem\u00e1s sistemas donde almacenamos datos tambi\u00e9n est\u00e1n ubicados en servidores seguros, lo que garantiza que su informaci\u00f3n no ser\u00e1 accedida por personal no autorizado.<\/p>\n<p>&nbsp;<\/p>\n<h4>Enlaces a sitios web de terceros<\/h4>\n<p>Las p\u00e1ginas del sitio web de Trif\u00e1sica El\u00e9ctrica pueden, en alg\u00fan momento, ofrecer enlaces a otros sitios que, en nuestra opini\u00f3n, pueden contener informaci\u00f3n o herramientas \u00fatiles para nuestros visitantes. Nuestra pol\u00edtica de privacidad no se aplica a sitios de terceros, por lo que si visita otro sitio web, le recomendamos leer la pol\u00edtica de privacidad correspondiente, ya que no nos responsabilizamos de las pol\u00edticas de privacidad ni del contenido de estos sitios de terceros a los que hayamos enlazado.<\/p>\n<p>&nbsp;<\/p>","protected":false},"excerpt":{"rendered":"<p>A Trif\u00e1sica El\u00e9trica \u00e9 um Centro Avan\u00e7ado de Distribui\u00e7\u00e3o (CAD) que re\u00fane toda linha de materiais para cabine prim\u00e1ria de 15 a 36KV, com uma equipe comercial, t\u00e9cnica e de engenharia altamente qualificada, respons\u00e1vel pela venda e distribui\u00e7\u00e3o de materiais em todo o territ\u00f3rio nacional. O endere\u00e7o do nosso site \u00e9: https:\/\/trifasica.com.br. Todas as informa\u00e7\u00f5es [&hellip;]<\/p>\n","protected":false},"author":1,"featured_media":0,"parent":0,"menu_order":0,"comment_status":"closed","ping_status":"open","template":"","meta":{"footnotes":""},"class_list":["post-3","page","type-page","status-publish","hentry"],"_links":{"self":[{"href":"https:\/\/trifasica.com.br\/es\/wp-json\/wp\/v2\/pages\/3","targetHints":{"allow":["GET"]}}],"collection":[{"href":"https:\/\/trifasica.com.br\/es\/wp-json\/wp\/v2\/pages"}],"about":[{"href":"https:\/\/trifasica.com.br\/es\/wp-json\/wp\/v2\/types\/page"}],"author":[{"embeddable":true,"href":"https:\/\/trifasica.com.br\/es\/wp-json\/wp\/v2\/users\/1"}],"replies":[{"embeddable":true,"href":"https:\/\/trifasica.com.br\/es\/wp-json\/wp\/v2\/comments?post=3"}],"version-history":[{"count":0,"href":"https:\/\/trifasica.com.br\/es\/wp-json\/wp\/v2\/pages\/3\/revisions"}],"wp:attachment":[{"href":"https:\/\/trifasica.com.br\/es\/wp-json\/wp\/v2\/media?parent=3"}],"curies":[{"name":"wp","href":"https:\/\/api.w.org\/{rel}","templated":true}]}}