{"id":14110,"date":"2025-05-22T11:31:49","date_gmt":"2025-05-22T14:31:49","guid":{"rendered":"https:\/\/trifasica.com.br\/?post_type=product&#038;p=14110"},"modified":"2026-02-25T14:37:54","modified_gmt":"2026-02-25T17:37:54","slug":"schneider-easergy-p1","status":"publish","type":"product","link":"https:\/\/trifasica.com.br\/en\/product\/schneider-easergy-p1\/","title":{"rendered":"Schneider Easergy P1"},"content":{"rendered":"<p data-start=\"896\" data-end=\"1014\"><span class=\"relative -mx-px my-[-0.2rem] rounded px-px py-[0.2rem] transition-colors duration-100 ease-in-out\">O <strong data-start=\"2\" data-end=\"31\">Rel\u00e9 Schneider Easergy P1<\/strong> \u00e9 um dispositivo de prote\u00e7\u00e3o digital microprocessado, desenvolvido para aplica\u00e7\u00f5es em sistemas de m\u00e9dia e baixa tens\u00e3o, como cabines prim\u00e1rias, subesta\u00e7\u00f5es e pain\u00e9is de distribui\u00e7\u00e3o.<\/span> <span class=\"relative -mx-px my-[-0.2rem] rounded px-px py-[0.2rem] transition-colors duration-100 ease-in-out\">Com m\u00faltiplas fun\u00e7\u00f5es de prote\u00e7\u00e3o ANSI, comunica\u00e7\u00e3o MODBUS\u00ae RTU, e design robusto, oferece alta confiabilidade e facilidade de integra\u00e7\u00e3o em sistemas de automa\u00e7\u00e3o industrial.<\/span><\/p>\n<p data-start=\"1016\" data-end=\"1056\"><strong data-start=\"1016\" data-end=\"1056\">Caracter\u00edsticas T\u00e9cnicas Principais:<\/strong><\/p>\n<ul data-start=\"1058\" data-end=\"2566\">\n<li data-start=\"1058\" data-end=\"1766\">\n<p data-start=\"1060\" data-end=\"1089\"><strong data-start=\"1060\" data-end=\"1089\">Fun\u00e7\u00f5es de Prote\u00e7\u00e3o ANSI:<\/strong><\/p>\n<ul data-start=\"1092\" data-end=\"1766\">\n<li data-start=\"1092\" data-end=\"1141\">\n<p data-start=\"1094\" data-end=\"1141\"><strong data-start=\"1094\" data-end=\"1101\">27:<\/strong> <span class=\"relative -mx-px my-[-0.2rem] rounded px-px py-[0.2rem] transition-colors duration-100 ease-in-out\">Subtens\u00e3o.<\/span><\/p>\n<\/li>\n<li data-start=\"1144\" data-end=\"1193\">\n<p data-start=\"1146\" data-end=\"1193\"><strong data-start=\"1146\" data-end=\"1153\">59:<\/strong> <span class=\"relative -mx-px my-[-0.2rem] rounded px-px py-[0.2rem] transition-colors duration-100 ease-in-out\">Sobretens\u00e3o.<\/span><\/p>\n<\/li>\n<li data-start=\"1196\" data-end=\"1245\">\n<p data-start=\"1198\" data-end=\"1245\"><strong data-start=\"1198\" data-end=\"1205\">81:<\/strong> <span class=\"relative -mx-px my-[-0.2rem] rounded px-px py-[0.2rem] transition-colors duration-100 ease-in-out\">Subfrequ\u00eancia e sobrefrequ\u00eancia.<\/span><\/p>\n<\/li>\n<li data-start=\"1248\" data-end=\"1300\">\n<p data-start=\"1250\" data-end=\"1300\"><strong data-start=\"1250\" data-end=\"1260\">50\/51:<\/strong> <span class=\"relative -mx-px my-[-0.2rem] rounded px-px py-[0.2rem] transition-colors duration-100 ease-in-out\">Sobrecorrente instant\u00e2nea e temporizada de fase.<\/span><\/p>\n<\/li>\n<li data-start=\"1303\" data-end=\"1357\">\n<p data-start=\"1305\" data-end=\"1357\"><strong data-start=\"1305\" data-end=\"1317\">50N\/51N:<\/strong> <span class=\"relative -mx-px my-[-0.2rem] rounded px-px py-[0.2rem] transition-colors duration-100 ease-in-out\">Sobrecorrente instant\u00e2nea e temporizada de neutro.<\/span><\/p>\n<\/li>\n<li data-start=\"1360\" data-end=\"1413\">\n<p data-start=\"1362\" data-end=\"1413\"><strong data-start=\"1362\" data-end=\"1373\">67\/67N:<\/strong> <span class=\"relative -mx-px my-[-0.2rem] rounded px-px py-[0.2rem] transition-colors duration-100 ease-in-out\">Sobrecorrente direcional de fase e neutro.<\/span><\/p>\n<\/li>\n<li data-start=\"1416\" data-end=\"1465\">\n<p data-start=\"1418\" data-end=\"1465\"><strong data-start=\"1418\" data-end=\"1425\">32:<\/strong> <span class=\"relative -mx-px my-[-0.2rem] rounded px-px py-[0.2rem] transition-colors duration-100 ease-in-out\">Direcional de pot\u00eancia.<\/span><\/p>\n<\/li>\n<li data-start=\"1468\" data-end=\"1517\">\n<p data-start=\"1470\" data-end=\"1517\"><strong data-start=\"1470\" data-end=\"1477\">46:<\/strong> <span class=\"relative -mx-px my-[-0.2rem] rounded px-px py-[0.2rem] transition-colors duration-100 ease-in-out\">Desequil\u00edbrio de corrente.<\/span><\/p>\n<\/li>\n<li data-start=\"1520\" data-end=\"1569\">\n<p data-start=\"1522\" data-end=\"1569\"><strong data-start=\"1522\" data-end=\"1529\">47:<\/strong> <span class=\"relative -mx-px my-[-0.2rem] rounded px-px py-[0.2rem] transition-colors duration-100 ease-in-out\">Sequ\u00eancia de fase.<\/span><\/p>\n<\/li>\n<li data-start=\"1572\" data-end=\"1621\">\n<p data-start=\"1574\" data-end=\"1621\"><strong data-start=\"1574\" data-end=\"1581\">86:<\/strong> <span class=\"relative -mx-px my-[-0.2rem] rounded px-px py-[0.2rem] transition-colors duration-100 ease-in-out\">Bloqueio.<\/span><\/p>\n<\/li>\n<li data-start=\"1624\" data-end=\"1675\">\n<p data-start=\"1626\" data-end=\"1675\"><strong data-start=\"1626\" data-end=\"1635\">50BF:<\/strong> <span class=\"relative -mx-px my-[-0.2rem] rounded px-px py-[0.2rem] transition-colors duration-100 ease-in-out\">Falha de disjuntor.<\/span><\/p>\n<\/li>\n<li data-start=\"1678\" data-end=\"1766\">\n<p data-start=\"1680\" data-end=\"1766\"><strong data-start=\"1680\" data-end=\"1687\">98:<\/strong> <span class=\"relative -mx-px my-[-0.2rem] rounded px-px py-[0.2rem] transition-colors duration-100 ease-in-out\">Oscilografia.<\/span><\/p>\n<\/li>\n<\/ul>\n<\/li>\n<\/ul>\n","protected":false},"excerpt":{"rendered":"<p><strong>Three-phase electrical<\/strong>, the largest Advanced Distribution Center in Brazil 15 to 36kV.<\/p>","protected":false},"featured_media":14111,"comment_status":"closed","ping_status":"closed","template":"","meta":[],"product_brand":[],"product_cat":[66],"product_tag":[327,423],"class_list":{"0":"post-14110","1":"product","2":"type-product","3":"status-publish","4":"has-post-thumbnail","6":"product_cat-paineis-e-reles-2","7":"product_tag-rele-de-protecao","8":"product_tag-schneider","10":"first","11":"onbackorder","12":"product-type-simple"},"_links":{"self":[{"href":"https:\/\/trifasica.com.br\/en\/wp-json\/wp\/v2\/product\/14110","targetHints":{"allow":["GET"]}}],"collection":[{"href":"https:\/\/trifasica.com.br\/en\/wp-json\/wp\/v2\/product"}],"about":[{"href":"https:\/\/trifasica.com.br\/en\/wp-json\/wp\/v2\/types\/product"}],"replies":[{"embeddable":true,"href":"https:\/\/trifasica.com.br\/en\/wp-json\/wp\/v2\/comments?post=14110"}],"version-history":[{"count":0,"href":"https:\/\/trifasica.com.br\/en\/wp-json\/wp\/v2\/product\/14110\/revisions"}],"wp:featuredmedia":[{"embeddable":true,"href":"https:\/\/trifasica.com.br\/en\/wp-json\/wp\/v2\/media\/14111"}],"wp:attachment":[{"href":"https:\/\/trifasica.com.br\/en\/wp-json\/wp\/v2\/media?parent=14110"}],"wp:term":[{"taxonomy":"product_brand","embeddable":true,"href":"https:\/\/trifasica.com.br\/en\/wp-json\/wp\/v2\/product_brand?post=14110"},{"taxonomy":"product_cat","embeddable":true,"href":"https:\/\/trifasica.com.br\/en\/wp-json\/wp\/v2\/product_cat?post=14110"},{"taxonomy":"product_tag","embeddable":true,"href":"https:\/\/trifasica.com.br\/en\/wp-json\/wp\/v2\/product_tag?post=14110"}],"curies":[{"name":"wp","href":"https:\/\/api.w.org\/{rel}","templated":true}]}}