{"id":14091,"date":"2025-05-22T10:58:51","date_gmt":"2025-05-22T13:58:51","guid":{"rendered":"https:\/\/trifasica.com.br\/?post_type=product&#038;p=14091"},"modified":"2026-03-04T09:59:25","modified_gmt":"2026-03-04T12:59:25","slug":"rele-pextron-urpe-7104t","status":"publish","type":"product","link":"https:\/\/trifasica.com.br\/en\/product\/rele-pextron-urpe-7104t\/","title":{"rendered":"Pextron URPE 7104T Relay"},"content":{"rendered":"<p data-start=\"901\" data-end=\"1019\"><span class=\"relative -mx-px my-[-0.2rem] rounded px-px py-[0.2rem] transition-colors duration-100 ease-in-out\">O <strong data-start=\"2\" data-end=\"28\">Rel\u00e9 Pextron URPE 7104T<\/strong><\/span><\/p>\n<p data-start=\"619\" data-end=\"737\"><span class=\"relative -mx-px my-[-0.2rem] rounded px-px py-[0.2rem] transition-colors duration-100 ease-in-out\">\u00e9 um dispositivo avan\u00e7ado projetado para fornecer prote\u00e7\u00e3o abrangente em sistemas el\u00e9tricos de m\u00e9dia tens\u00e3o.<\/span> <span class=\"relative -mx-px my-[-0.2rem] rounded px-px py-[0.2rem] transition-colors duration-100 ease-in-out\">Equipado com uma variedade de fun\u00e7\u00f5es de prote\u00e7\u00e3o ANSI, o URPE 7104T \u00e9 capaz de monitorar e proteger contra diversas anomalias el\u00e9tricas, garantindo a integridade e a efici\u00eancia operacional dos sistemas onde \u00e9 aplicado.<\/span><\/p>\n<p data-start=\"739\" data-end=\"779\"><strong data-start=\"739\" data-end=\"779\">Caracter\u00edsticas T\u00e9cnicas Principais:<\/strong><\/p>\n<ul data-start=\"781\" data-end=\"2944\">\n<li data-start=\"781\" data-end=\"1729\">\n<p data-start=\"783\" data-end=\"812\"><strong data-start=\"783\" data-end=\"812\">Fun\u00e7\u00f5es de Prote\u00e7\u00e3o ANSI:<\/strong><\/p>\n<ul data-start=\"815\" data-end=\"1729\">\n<li data-start=\"815\" data-end=\"903\">\n<p data-start=\"817\" data-end=\"903\"><strong data-start=\"817\" data-end=\"824\">27:<\/strong> <span class=\"relative -mx-px my-[-0.2rem] rounded px-px py-[0.2rem] transition-colors duration-100 ease-in-out\">Subtens\u00e3o.<\/span><\/p>\n<\/li>\n<li data-start=\"906\" data-end=\"994\">\n<p data-start=\"908\" data-end=\"994\"><strong data-start=\"908\" data-end=\"915\">47:<\/strong> <span class=\"relative -mx-px my-[-0.2rem] rounded px-px py-[0.2rem] transition-colors duration-100 ease-in-out\">Sequ\u00eancia de fase.<\/span><\/p>\n<\/li>\n<li data-start=\"997\" data-end=\"1085\">\n<p data-start=\"999\" data-end=\"1085\"><strong data-start=\"999\" data-end=\"1006\">50:<\/strong> <span class=\"relative -mx-px my-[-0.2rem] rounded px-px py-[0.2rem] transition-colors duration-100 ease-in-out\">Sobrecorrente instant\u00e2nea de fase.<\/span><\/p>\n<\/li>\n<li data-start=\"1088\" data-end=\"1177\">\n<p data-start=\"1090\" data-end=\"1177\"><strong data-start=\"1090\" data-end=\"1098\">50N:<\/strong> <span class=\"relative -mx-px my-[-0.2rem] rounded px-px py-[0.2rem] transition-colors duration-100 ease-in-out\">Sobrecorrente instant\u00e2nea de neutro.<\/span><\/p>\n<\/li>\n<li data-start=\"1180\" data-end=\"1268\">\n<p data-start=\"1182\" data-end=\"1268\"><strong data-start=\"1182\" data-end=\"1189\">51:<\/strong> <span class=\"relative -mx-px my-[-0.2rem] rounded px-px py-[0.2rem] transition-colors duration-100 ease-in-out\">Sobrecorrente temporizada de fase.<\/span><\/p>\n<\/li>\n<li data-start=\"1271\" data-end=\"1363\">\n<p data-start=\"1273\" data-end=\"1363\"><strong data-start=\"1273\" data-end=\"1284\">51N\/GS:<\/strong> <span class=\"relative -mx-px my-[-0.2rem] rounded px-px py-[0.2rem] transition-colors duration-100 ease-in-out\">Sobrecorrente temporizada de neutro ou sensor de terra.<\/span><\/p>\n<\/li>\n<li data-start=\"1366\" data-end=\"1454\">\n<p data-start=\"1368\" data-end=\"1454\"><strong data-start=\"1368\" data-end=\"1375\">59:<\/strong> <span class=\"relative -mx-px my-[-0.2rem] rounded px-px py-[0.2rem] transition-colors duration-100 ease-in-out\">Sobretens\u00e3o<\/span><\/p>\n<\/li>\n<li data-start=\"1457\" data-end=\"1547\">\n<p data-start=\"1459\" data-end=\"1547\"><strong data-start=\"1459\" data-end=\"1468\">62BF:<\/strong> <span class=\"relative -mx-px my-[-0.2rem] rounded px-px py-[0.2rem] transition-colors duration-100 ease-in-out\">Rel\u00e9 temporizado para falha de disjuntor (&#8220;breaker failure&#8221;).<\/span><\/p>\n<\/li>\n<li data-start=\"1550\" data-end=\"1638\">\n<p data-start=\"1552\" data-end=\"1638\"><strong data-start=\"1552\" data-end=\"1559\">74:<\/strong> <span class=\"relative -mx-px my-[-0.2rem] rounded px-px py-[0.2rem] transition-colors duration-100 ease-in-out\">Alarme de continuidade da bobina e falha no circuito da bobina.<\/span><\/p>\n<\/li>\n<li data-start=\"1641\" data-end=\"1729\">\n<p data-start=\"1643\" data-end=\"1729\"><strong data-start=\"1643\" data-end=\"1650\">81:<\/strong> <span class=\"relative -mx-px my-[-0.2rem] rounded px-px py-[0.2rem] transition-colors duration-100 ease-in-out\">Frequ\u00eancia (sobre e subfrequ\u00eancia).<\/span><\/p>\n<\/li>\n<\/ul>\n<\/li>\n<\/ul>\n","protected":false},"excerpt":{"rendered":"<p><span class=\"relative -mx-px my-[-0.2rem] rounded px-px py-[0.2rem] transition-colors duration-100 ease-in-out\">Rel\u00e9 de prote\u00e7\u00e3o microprocessado Pextron URPE 7104T, com fun\u00e7\u00f5es ANSI, comunica\u00e7\u00e3o MODBUS\u00ae RTU e design robusto.<\/span> <span class=\"relative -mx-px my-[-0.2rem] rounded px-px py-[0.2rem] transition-colors duration-100 ease-in-out\">Ideal para aplica\u00e7\u00f5es em sistemas de m\u00e9dia tens\u00e3o, oferecendo prote\u00e7\u00e3o confi\u00e1vel e multifuncional.<\/span><\/p>\n","protected":false},"featured_media":14092,"comment_status":"closed","ping_status":"closed","template":"","meta":[],"product_brand":[],"product_cat":[66],"product_tag":[422,141],"class_list":{"0":"post-14091","1":"product","2":"type-product","3":"status-publish","4":"has-post-thumbnail","6":"product_cat-paineis-e-reles-2","7":"product_tag-pextron","8":"product_tag-reles-de-protecao","10":"first","11":"onbackorder","12":"product-type-simple"},"_links":{"self":[{"href":"https:\/\/trifasica.com.br\/en\/wp-json\/wp\/v2\/product\/14091","targetHints":{"allow":["GET"]}}],"collection":[{"href":"https:\/\/trifasica.com.br\/en\/wp-json\/wp\/v2\/product"}],"about":[{"href":"https:\/\/trifasica.com.br\/en\/wp-json\/wp\/v2\/types\/product"}],"replies":[{"embeddable":true,"href":"https:\/\/trifasica.com.br\/en\/wp-json\/wp\/v2\/comments?post=14091"}],"version-history":[{"count":0,"href":"https:\/\/trifasica.com.br\/en\/wp-json\/wp\/v2\/product\/14091\/revisions"}],"wp:featuredmedia":[{"embeddable":true,"href":"https:\/\/trifasica.com.br\/en\/wp-json\/wp\/v2\/media\/14092"}],"wp:attachment":[{"href":"https:\/\/trifasica.com.br\/en\/wp-json\/wp\/v2\/media?parent=14091"}],"wp:term":[{"taxonomy":"product_brand","embeddable":true,"href":"https:\/\/trifasica.com.br\/en\/wp-json\/wp\/v2\/product_brand?post=14091"},{"taxonomy":"product_cat","embeddable":true,"href":"https:\/\/trifasica.com.br\/en\/wp-json\/wp\/v2\/product_cat?post=14091"},{"taxonomy":"product_tag","embeddable":true,"href":"https:\/\/trifasica.com.br\/en\/wp-json\/wp\/v2\/product_tag?post=14091"}],"curies":[{"name":"wp","href":"https:\/\/api.w.org\/{rel}","templated":true}]}}