{"id":9127,"date":"2024-02-20T01:04:50","date_gmt":"2024-02-20T04:04:50","guid":{"rendered":"https:\/\/trifasica.com.br\/?page_id=9127"},"modified":"2024-02-20T01:04:50","modified_gmt":"2024-02-20T04:04:50","slug":"politica-de-entrega","status":"publish","type":"page","link":"https:\/\/trifasica.com.br\/en\/politica-de-entrega\/","title":{"rendered":"Delivery Policy"},"content":{"rendered":"<p>The delivery time specified during the purchase process takes into account the delivery region, inventory, invoice issuance process, and product preparation time. Each time the order&#039;s delivery status is updated, Trif\u00e1sica El\u00e9trica&#039;s system automatically sends alert emails to the customer. The delivery time begins only after payment is approved.<\/p>\n<p>Before completing your order, you can view the estimated delivery time by going to &quot;View Cart&quot; and entering your zip code in the &quot;Calculate Delivery&quot; field. The estimated delivery time for the zip code you entered will be displayed, along with the available options for the region and their respective prices, calculated based on the delivery location, weight, product dimensions, and quantity of items.<\/p>\n<p>&nbsp;<\/p>\n<h4>Important<\/h4>\n<ul>\n<li>Adding a product to your cart does not guarantee its reservation. The product will only be reserved for the customer after the order is completed and payment is confirmed\/approved.<\/li>\n<li>The Post Office&#039;s standard procedure is to make up to three delivery attempts to the specified location, on alternate days, with a 48-hour interval between deliveries. If three delivery attempts are unsuccessful, the order will be returned to the Trif\u00e1sica El\u00e9trica Distribution Center.<\/li>\n<li>Your order may be received by doormen, secretaries, family members or any responsible person, upon signature of the delivery receipt and presentation of a document.<\/li>\n<li>The product will not be assembled or disassembled, transported to the installation site or provided support for installation upon delivery, considering that the carriers are not linked to Trif\u00e1sica El\u00e9trica.<\/li>\n<li>Trif\u00e1sica El\u00e9trica does not authorize the company contracted for delivery to: enter the home; deliver by alternative means (e.g., lifting the product through a window); install or maintain products; open the product packaging; deliver to an address other than that stated on the DANFE; deliver to minors or those without identification documents.<\/li>\n<li>It&#039;s important to always check the invoice and the products upon delivery. If the packaging is not in adequate condition or if there are signs of damage, refuse delivery. In these cases, immediately notify our Customer Service team by calling (11) 4486-8299 \/ (11) 4210-4289, or by sending an email to contato@trifasica.com.br with your order number, invoice number, and description of the problem.<\/li>\n<li>Our business hours are Monday through Friday, 8:00 a.m. to 6:00 p.m. (Bras\u00edlia time), except on national, state, or municipal holidays.<\/li>\n<\/ul>\n<p>&nbsp;<\/p>\n<h4>Change of address<\/h4>\n<p>For your security, it is NOT possible to change the delivery address after the purchase is completed. In this case, you can cancel the purchase and receive a refund through one of our customer service channels, and a new purchase must be made with the correct delivery address.<\/p>\n<p>&nbsp;<\/p>","protected":false},"excerpt":{"rendered":"<p>O prazo de entrega informado durante o procedimento de compra leva em considera\u00e7\u00e3o a regi\u00e3o da entrega, o estoque, o processo de emiss\u00e3o da nota fiscal e o tempo de preparo do produto. A cada atualiza\u00e7\u00e3o no status de entrega do pedido, o sistema da Trif\u00e1sica El\u00e9trica envia, automaticamente, e-mails de alerta para o Cliente. [&hellip;]<\/p>\n","protected":false},"author":1,"featured_media":0,"parent":0,"menu_order":0,"comment_status":"closed","ping_status":"open","template":"","meta":{"footnotes":""},"class_list":["post-9127","page","type-page","status-publish","hentry"],"_links":{"self":[{"href":"https:\/\/trifasica.com.br\/en\/wp-json\/wp\/v2\/pages\/9127","targetHints":{"allow":["GET"]}}],"collection":[{"href":"https:\/\/trifasica.com.br\/en\/wp-json\/wp\/v2\/pages"}],"about":[{"href":"https:\/\/trifasica.com.br\/en\/wp-json\/wp\/v2\/types\/page"}],"author":[{"embeddable":true,"href":"https:\/\/trifasica.com.br\/en\/wp-json\/wp\/v2\/users\/1"}],"replies":[{"embeddable":true,"href":"https:\/\/trifasica.com.br\/en\/wp-json\/wp\/v2\/comments?post=9127"}],"version-history":[{"count":0,"href":"https:\/\/trifasica.com.br\/en\/wp-json\/wp\/v2\/pages\/9127\/revisions"}],"wp:attachment":[{"href":"https:\/\/trifasica.com.br\/en\/wp-json\/wp\/v2\/media?parent=9127"}],"curies":[{"name":"wp","href":"https:\/\/api.w.org\/{rel}","templated":true}]}}